{"id":82830,"date":"2025-11-07T16:57:27","date_gmt":"2025-11-07T15:57:27","guid":{"rendered":"https:\/\/www.wepaflyer.com\/?post_type=product&#038;p=82830"},"modified":"2026-05-04T12:24:11","modified_gmt":"2026-05-04T10:24:11","slug":"hq4-fluxx-trainerkite-super-trio","status":"publish","type":"product","link":"https:\/\/www.wepaflyer.com\/de\/produkt\/hq4-fluxx-trainerkite-super-trio\/","title":{"rendered":"HQ4 Fluxx TrainerKite | Super Trio"},"content":{"rendered":"<h3>HQ4 Fluxx | Der TrainerKite f\u00fcr Einsteiger &amp; Fortgeschritte | R2F | Jetzt als Super Trio<\/h3>\n<h4><strong>HQ4 Fluxx | SUPER TRIO | 3 Gr\u00f6\u00dfen = 1 Superpreis | Fluxx 1.3 + 1.8 + 2.2 in 1 Paket<\/strong><\/h4>\n<p>Du bist auf der Suche nach einem erschwinglichen Kite, um in den Sport einzusteigen, bist dir aber nicht ganz sicher, ob du Kitesurfen magst oder einfach nur Spa\u00df haben m\u00f6chtest? Wir haben den Fluxx f\u00fcr Piloten wie Sie entwickelt, wobei der Schwerpunkt auf einer reibungslosen und einfachen Bedienung liegt. Selbst wenn man das Fluxx am Boden l\u00e4sst, ist dank der robusten, speziellen Form und der minimierten Tragweite immer ein Neustart mit nur zwei Leinen m\u00f6glich. Nutzen Sie Ihren Fluxx als Trainerdrachen und er er\u00f6ffnet Ihnen neue Abenteuer \u2013 seien Sie Teil unserer Leidenschaft.<\/p>\n<p><strong>Eigenschaften:<\/strong><\/p>\n<ul>\n<li>Flugbereit (R2F) mit vormontierten Lenkschn\u00fcren f\u00fcr den sofortigen Start<\/li>\n<li>stabile Flugeigenschaften<\/li>\n<li>automatischer Neustart<\/li>\n<li>robuste Materialien und Konstruktion<\/li>\n<li>perfektes Ger\u00e4t f\u00fcr den einfachen Einstieg ins Powerkiten<\/li>\n<\/ul>\n<p><strong>Technische Details:<\/strong><\/p>\n<p><strong>FLUXX 1.3:<\/strong><\/p>\n<ul>\n<li>Fl\u00fcgelspannweite \u2013 130 cm<\/li>\n<li>H\u00f6he \u2013 55 cm<\/li>\n<li>Tuch \u2013 Ripstop-Polyester<\/li>\n<li>Lenkset (inkl.) \u2013 Dyneema 50 daN, 2 x 20 m<\/li>\n<li>Lenkstange (inkl.) \u2013 Controlbar 45 cm<\/li>\n<li>Wind \u2013 2\u20136 Bft.<\/li>\n<li>Alter: 12+<\/li>\n<li>Farbe \u2013 Rot<\/li>\n<li>AR \u2013 2,82<\/li>\n<li>Gewicht \u2013 150 g<\/li>\n<\/ul>\n<p><strong>FLUXX 1.8:<\/strong><\/p>\n<ul>\n<li>Fl\u00fcgelspannweite \u2013 180 cm<\/li>\n<li>H\u00f6he \u2013 60 cm<\/li>\n<li>Tuch \u2013 Ripstop-Polyester<\/li>\n<li>Lenkset (inkl.) \u2013 Dyneema 100 daN, 2 x 20 m<\/li>\n<li>Lenkstange (inkl.) \u2013 Controlbar 45 cm<\/li>\n<li>Wind \u2013 1,5\u20136 Bft.<\/li>\n<li>Alter: 14+<\/li>\n<li>Farbe \u2013 Gr\u00fcn<\/li>\n<li>AR \u2013 3,60<\/li>\n<li>Gewicht \u2013 200 g<\/li>\n<\/ul>\n<p><strong>FLUXX 2.2:<\/strong><\/p>\n<ul>\n<li>Fl\u00fcgelspannweite \u2013 220 cm<\/li>\n<li>H\u00f6he \u2013 73 cm<\/li>\n<li>Tuch \u2013 Ripstop-Polyester<\/li>\n<li>Lenkset (inkl.) \u2013 Dyneema 100 daN, 2 x 20 m<\/li>\n<li>Lenkstange (inkl.) \u2013 Controlbar 45 cm<\/li>\n<li>Wind \u2013 1\u20136 Bft.<\/li>\n<li>Alter: 16+<\/li>\n<li>Farbe \u2013 Blau<\/li>\n<li>AR \u2013 3,63<\/li>\n<li>Gewicht \u2013 300 g<\/li>\n<\/ul>\n<h4><strong>Fluxx Super Trio, Drachenspa\u00df f\u00fcr drei!<\/strong><\/h4>\n","protected":false},"excerpt":{"rendered":"<p>HQ4 Fluxx | SUPER TRIO | 3 Gr\u00f6\u00dfen = 1 Superpreis | Fluxx 1.3 + 1.8 + 2.2 in 1 Paket<\/p>\n","protected":false},"featured_media":86112,"comment_status":"closed","ping_status":"closed","template":"","meta":{"_acf_changed":false},"product_brand":[],"product_cat":[1347,2180,1348,1372,2179],"product_tag":[3632],"class_list":{"0":"post-82830","1":"product","2":"type-product","3":"status-publish","4":"has-post-thumbnail","6":"product_cat-angebote","7":"product_cat-hq4","8":"product_cat-marken","9":"product_cat-powerkites","10":"product_cat-trainer-kites","11":"product_tag-powerkites","13":"first","14":"instock","15":"sale","16":"taxable","17":"shipping-taxable","18":"purchasable","19":"product-type-simple"},"acf":[],"_links":{"self":[{"href":"https:\/\/www.wepaflyer.com\/de\/wp-json\/wp\/v2\/product\/82830","targetHints":{"allow":["GET"]}}],"collection":[{"href":"https:\/\/www.wepaflyer.com\/de\/wp-json\/wp\/v2\/product"}],"about":[{"href":"https:\/\/www.wepaflyer.com\/de\/wp-json\/wp\/v2\/types\/product"}],"replies":[{"embeddable":true,"href":"https:\/\/www.wepaflyer.com\/de\/wp-json\/wp\/v2\/comments?post=82830"}],"wp:featuredmedia":[{"embeddable":true,"href":"https:\/\/www.wepaflyer.com\/de\/wp-json\/wp\/v2\/media\/86112"}],"wp:attachment":[{"href":"https:\/\/www.wepaflyer.com\/de\/wp-json\/wp\/v2\/media?parent=82830"}],"wp:term":[{"taxonomy":"product_brand","embeddable":true,"href":"https:\/\/www.wepaflyer.com\/de\/wp-json\/wp\/v2\/product_brand?post=82830"},{"taxonomy":"product_cat","embeddable":true,"href":"https:\/\/www.wepaflyer.com\/de\/wp-json\/wp\/v2\/product_cat?post=82830"},{"taxonomy":"product_tag","embeddable":true,"href":"https:\/\/www.wepaflyer.com\/de\/wp-json\/wp\/v2\/product_tag?post=82830"}],"curies":[{"name":"wp","href":"https:\/\/api.w.org\/{rel}","templated":true}]}}