{"id":82211,"date":"2025-10-16T12:59:52","date_gmt":"2025-10-16T10:59:52","guid":{"rendered":"https:\/\/www.wepaflyer.com\/?post_type=product&#038;p=82211"},"modified":"2025-10-16T13:21:13","modified_gmt":"2025-10-16T11:21:13","slug":"hq-eco-parrot-kite-150","status":"publish","type":"product","link":"https:\/\/www.wepaflyer.com\/de\/produkt\/hq-eco-parrot-kite-150\/","title":{"rendered":"HQ Eco Parrot Kite 150"},"content":{"rendered":"<h3>HQ ECO PARROT KITE (PAPAGEI) 150<\/h3>\n<h4>1-Leiner-Kinderdrachen | 152 x 96 cm. | R2F<\/h4>\n<p>Die 1-Leiner Drachen der HQ Eco Line-Serie sind speziell f\u00fcr das einfache und problemlose Drachenfliegen konzipiert und hergestellt, sodass auch die j\u00fcngsten Drachenflieger schnell und einfach einen Drachen steigen lassen k\u00f6nnen! Erfolg garantiert!<\/p>\n<p>Diesen gro\u00dfen Parrot Kite (Papagei) 150 Drachen k\u00f6nnen Sie so aus der Hand steigen lassen und durch die langen Schw\u00e4nze (knapp 2 Meter lang!) fliegt er extrem stabil, maximaler Flugspa\u00df zum minimalen Preis. Geeignet f\u00fcr alle Altersgruppen.<\/p>\n<p><strong>Spezifikationen:<\/strong><\/p>\n<ul>\n<li>Breite: 152 cm<\/li>\n<li>H\u00f6he: 96 cm<\/li>\n<li>Tuch: Ripstop-Polyester<\/li>\n<li>St\u00e4be: Fiberglas 1,5+3+4mm<\/li>\n<li>inkl. Schnur: Polyester 17 kp, 25 m auf Griff<\/li>\n<li>Wind (Bft.): 2-4,5 (10-34 km\/h l 6-21 mph)<\/li>\n<li>Alter: 5+<\/li>\n<\/ul>\n<p>Verpackt in einfacher H\u00fclle.<\/p>\n","protected":false},"excerpt":{"rendered":"<p>1-Leiner-Kinderdrachen | 152 x 96 cm. | R2F<\/p>\n","protected":false},"featured_media":84553,"comment_status":"closed","ping_status":"closed","template":"","meta":{"_acf_changed":false},"product_brand":[],"product_cat":[1396,2177,2184,1348],"product_tag":[],"class_list":{"0":"post-82211","1":"product","2":"type-product","3":"status-publish","4":"has-post-thumbnail","6":"product_cat-drachen","7":"product_cat-hq-kites","8":"product_cat-kinderdrachen","9":"product_cat-marken","11":"first","12":"instock","13":"sale","14":"taxable","15":"shipping-taxable","16":"purchasable","17":"product-type-simple"},"acf":[],"_links":{"self":[{"href":"https:\/\/www.wepaflyer.com\/de\/wp-json\/wp\/v2\/product\/82211","targetHints":{"allow":["GET"]}}],"collection":[{"href":"https:\/\/www.wepaflyer.com\/de\/wp-json\/wp\/v2\/product"}],"about":[{"href":"https:\/\/www.wepaflyer.com\/de\/wp-json\/wp\/v2\/types\/product"}],"replies":[{"embeddable":true,"href":"https:\/\/www.wepaflyer.com\/de\/wp-json\/wp\/v2\/comments?post=82211"}],"wp:featuredmedia":[{"embeddable":true,"href":"https:\/\/www.wepaflyer.com\/de\/wp-json\/wp\/v2\/media\/84553"}],"wp:attachment":[{"href":"https:\/\/www.wepaflyer.com\/de\/wp-json\/wp\/v2\/media?parent=82211"}],"wp:term":[{"taxonomy":"product_brand","embeddable":true,"href":"https:\/\/www.wepaflyer.com\/de\/wp-json\/wp\/v2\/product_brand?post=82211"},{"taxonomy":"product_cat","embeddable":true,"href":"https:\/\/www.wepaflyer.com\/de\/wp-json\/wp\/v2\/product_cat?post=82211"},{"taxonomy":"product_tag","embeddable":true,"href":"https:\/\/www.wepaflyer.com\/de\/wp-json\/wp\/v2\/product_tag?post=82211"}],"curies":[{"name":"wp","href":"https:\/\/api.w.org\/{rel}","templated":true}]}}