{"id":82055,"date":"2025-10-12T19:06:22","date_gmt":"2025-10-12T17:06:22","guid":{"rendered":"https:\/\/www.wepaflyer.com\/?post_type=product&#038;p=82055"},"modified":"2025-10-12T19:13:10","modified_gmt":"2025-10-12T17:13:10","slug":"hq-sleddy-t-rex-red","status":"publish","type":"product","link":"https:\/\/www.wepaflyer.com\/de\/produkt\/hq-sleddy-t-rex-red\/","title":{"rendered":"HQ Sleddy T-Rex Red"},"content":{"rendered":"<h3>HQ SLEDDY T-REX RED<\/h3>\n<h4>Stabloser RAM-AIR Schlittendrachen | 76 x 50 cm. | R2F<\/h4>\n<p><strong>\u00a0<\/strong>Gro\u00dfer Schlittendrachen nach dem Rammy-Air-Prinzip, d.h. mit 2 Tunneln zur Stabilisierung. Ausgestattet mit verschiedenen applizierten (aufgen\u00e4hten) Motiven, teilweise bedruckt. Dank der 2 Stabilisierungstunnel fliegen die HQ Sleddy Kites deutlich stabiler als ein einfacher Schlittendrachen und bleiben auch bei starkem Wind relativ ruhig am Himmel. Mit diesen Schlittendrachen werden Gro\u00df und Klein viel Spa\u00df haben. Idealer Stranddrachen, denn Sie lassen ihn oben, befestigen ihn an Ihrem Sonnenschirm und er bleibt oben, bis Sie ihn wieder einholen. Der HQ Sleddy ist sehr solide und nahezu unzerst\u00f6rbar. Geeignet f\u00fcr alle Altersgruppen.<br \/>\nDer Drachen wird R2F (Ready-to-Fly) mit 60 Metern 17daN Drachenschnur geliefert auf Drachenring und 2 angen\u00e4hte Schw\u00e4nze. Hergestellt aus Ripstop-Polyestertuch und in der Farbe und dem Design wie abgebildet. Fliegt am besten bei 2\u20136 Bft.<br \/>\nEinzeln verpackt in einer sch\u00f6nen Strandtasche mit Rei\u00dfverschluss und Aluminiumclip zum einfachen Anbringen an Ihren Hoseng\u00fcrtel.<\/p>\n<p><strong>Spezifikationen:<\/strong><\/p>\n<ul>\n<li>Spannweite: 76 cm<\/li>\n<li>H\u00f6he: 50 cm<\/li>\n<li>Segel: Ripstop-Polyester<\/li>\n<li>Schnur: Polyester 17 kp, 40 m auf Drachenring, inkl.<\/li>\n<li>Windbereich: 2-6 Bft. (6-49 km\/h I 4-31 mph)<\/li>\n<li>Ab 5 Jahre<\/li>\n<\/ul>\n","protected":false},"excerpt":{"rendered":"<p>Stabloser RAM-AIR Schlittendrachen | 76 x 50 cm. | R2F<\/p>\n","protected":false},"featured_media":82213,"comment_status":"closed","ping_status":"closed","template":"","meta":{"_acf_changed":false},"product_brand":[],"product_cat":[1396,2177,2184,1348],"product_tag":[],"class_list":{"0":"post-82055","1":"product","2":"type-product","3":"status-publish","4":"has-post-thumbnail","6":"product_cat-drachen","7":"product_cat-hq-kites","8":"product_cat-kinderdrachen","9":"product_cat-marken","11":"first","12":"instock","13":"sale","14":"taxable","15":"shipping-taxable","16":"purchasable","17":"product-type-simple"},"acf":[],"_links":{"self":[{"href":"https:\/\/www.wepaflyer.com\/de\/wp-json\/wp\/v2\/product\/82055","targetHints":{"allow":["GET"]}}],"collection":[{"href":"https:\/\/www.wepaflyer.com\/de\/wp-json\/wp\/v2\/product"}],"about":[{"href":"https:\/\/www.wepaflyer.com\/de\/wp-json\/wp\/v2\/types\/product"}],"replies":[{"embeddable":true,"href":"https:\/\/www.wepaflyer.com\/de\/wp-json\/wp\/v2\/comments?post=82055"}],"wp:featuredmedia":[{"embeddable":true,"href":"https:\/\/www.wepaflyer.com\/de\/wp-json\/wp\/v2\/media\/82213"}],"wp:attachment":[{"href":"https:\/\/www.wepaflyer.com\/de\/wp-json\/wp\/v2\/media?parent=82055"}],"wp:term":[{"taxonomy":"product_brand","embeddable":true,"href":"https:\/\/www.wepaflyer.com\/de\/wp-json\/wp\/v2\/product_brand?post=82055"},{"taxonomy":"product_cat","embeddable":true,"href":"https:\/\/www.wepaflyer.com\/de\/wp-json\/wp\/v2\/product_cat?post=82055"},{"taxonomy":"product_tag","embeddable":true,"href":"https:\/\/www.wepaflyer.com\/de\/wp-json\/wp\/v2\/product_tag?post=82055"}],"curies":[{"name":"wp","href":"https:\/\/api.w.org\/{rel}","templated":true}]}}