{"id":82046,"date":"2025-10-12T18:44:09","date_gmt":"2025-10-12T16:44:09","guid":{"rendered":"https:\/\/www.wepaflyer.com\/?post_type=product&#038;p=82046"},"modified":"2025-10-12T18:54:06","modified_gmt":"2025-10-12T16:54:06","slug":"hq-eco-simple-flyer-85-jolly-roger-neues-design","status":"publish","type":"product","link":"https:\/\/www.wepaflyer.com\/de\/produkt\/hq-eco-simple-flyer-85-jolly-roger-neues-design\/","title":{"rendered":"HQ Eco Simple Flyer 85 Jolly Roger NEUES DESIGN"},"content":{"rendered":"<h3>HQ ECO SIMPLE FLYER 85 JOLLY ROGER NEUES DESIGN<\/h3>\n<h4>Einleiner Deltadrachen | 85 x 42 cm. | R2F<\/h4>\n<p><strong>\u00a0<\/strong>Die 1-leinigen einfachen Flyer-Drachen der HQ Eco Line-Serie sind speziell entwickelt und hergestellt f\u00fcr problemloses Drachensteigen, damit auch die j\u00fcngsten Drachenflieger schnell und einfach einen Drachen steigen lassen k\u00f6nnen!<br \/>\nGanz einfach: Sie k\u00f6nnen den Simple Flyer 85-Drachen aus der Hand steigen lassen und der breite und lange Schweif (fast 2 Meter lang!) sorgt daf\u00fcr, dass er extrem stabil fliegt und maximalen Flugspa\u00df zu einem minimalen Preis bietet. Geeignet f\u00fcr alle Altersgruppen.<br \/>\nHergestellt aus Ripstop-Polyestergewebe mit 3 mm starkem Glasfaserrahmen.<br \/>\nDer HQ Eco Simple Flyer 85 fliegt am besten bei Windst\u00e4rken von 2 bis 5 Bft.<br \/>\nDer Drachen wird flugbereit mit 25 Metern Drachenschnur auf einem Drachengriff in 17-daN-St\u00e4rke in Farbe und Design wie abgebildet geliefert. Anweisungen sind im Paket enthalten. Verpackt in einer einfachen H\u00fclle.<\/p>\n<p><strong>Spezifikationen:<\/strong><\/p>\n<ul>\n<li>Breite: 85 cm<\/li>\n<li>H\u00f6he: 42 cm<\/li>\n<li>Segel: Polyester<\/li>\n<li>St\u00e4be: Fiberglas 3 mm<\/li>\n<li>inkl. Schnur: Polyester 17 kp, 25 m auf Griff<\/li>\n<li>Wind (Bft.): 2-5 (6-38 km\/h l 4-24 mph)<\/li>\n<li>Alter: 5+<\/li>\n<\/ul>\n","protected":false},"excerpt":{"rendered":"<p>Einleiner Deltadrachen | 85 x 42 cm. | R2F<\/p>\n","protected":false},"featured_media":82041,"comment_status":"closed","ping_status":"closed","template":"","meta":{"_acf_changed":false},"product_brand":[],"product_cat":[1396,2177,2184,1348],"product_tag":[],"class_list":{"0":"post-82046","1":"product","2":"type-product","3":"status-publish","4":"has-post-thumbnail","6":"product_cat-drachen","7":"product_cat-hq-kites","8":"product_cat-kinderdrachen","9":"product_cat-marken","11":"first","12":"instock","13":"sale","14":"taxable","15":"shipping-taxable","16":"purchasable","17":"product-type-simple"},"acf":[],"_links":{"self":[{"href":"https:\/\/www.wepaflyer.com\/de\/wp-json\/wp\/v2\/product\/82046","targetHints":{"allow":["GET"]}}],"collection":[{"href":"https:\/\/www.wepaflyer.com\/de\/wp-json\/wp\/v2\/product"}],"about":[{"href":"https:\/\/www.wepaflyer.com\/de\/wp-json\/wp\/v2\/types\/product"}],"replies":[{"embeddable":true,"href":"https:\/\/www.wepaflyer.com\/de\/wp-json\/wp\/v2\/comments?post=82046"}],"wp:featuredmedia":[{"embeddable":true,"href":"https:\/\/www.wepaflyer.com\/de\/wp-json\/wp\/v2\/media\/82041"}],"wp:attachment":[{"href":"https:\/\/www.wepaflyer.com\/de\/wp-json\/wp\/v2\/media?parent=82046"}],"wp:term":[{"taxonomy":"product_brand","embeddable":true,"href":"https:\/\/www.wepaflyer.com\/de\/wp-json\/wp\/v2\/product_brand?post=82046"},{"taxonomy":"product_cat","embeddable":true,"href":"https:\/\/www.wepaflyer.com\/de\/wp-json\/wp\/v2\/product_cat?post=82046"},{"taxonomy":"product_tag","embeddable":true,"href":"https:\/\/www.wepaflyer.com\/de\/wp-json\/wp\/v2\/product_tag?post=82046"}],"curies":[{"name":"wp","href":"https:\/\/api.w.org\/{rel}","templated":true}]}}