{"id":82030,"date":"2025-10-12T15:00:14","date_gmt":"2025-10-12T13:00:14","guid":{"rendered":"https:\/\/www.wepaflyer.com\/?post_type=product&#038;p=82030"},"modified":"2025-10-12T15:04:53","modified_gmt":"2025-10-12T13:04:53","slug":"hq-maestro-iv-rainbow-allround-trick","status":"publish","type":"product","link":"https:\/\/www.wepaflyer.com\/de\/produkt\/hq-maestro-iv-rainbow-allround-trick\/","title":{"rendered":"HQ Maestro IV Rainbow | Allround &#038; Trick"},"content":{"rendered":"<h3>HQ Maestro IV Rainbow | ALLROUND &amp; TRICK<\/h3>\n<h4>Trickkite par Excellence | 220 x 90 cm. | R2F<\/h4>\n<p><strong>Maestro IV \u2013 die n\u00e4chste Evolutionsstufe im Trickflug. <\/strong><\/p>\n<p>Der Nachfolger des Maestro III setzt neue Ma\u00dfst\u00e4be in der Welt des Freestyle-Drachensports. Mit seinem modernen Shape und dem leichten 31g-Polyestersegel wurde die Flugpr\u00e4zision und die Ausf\u00fchrung anspruchsvoller Tricksequenzen nochmals verbessert. Sowohl klassische \u201eOld School\u201c-Moves als auch komplexe \u201eNew School\u201c-Trickkombinationen gelingen mit beeindruckender Leichtigkeit und Kontrolle. Dank hochwertiger Materialien wie Kohlefaser und gewickelten Dynamic-St\u00e4ben \u00fcberzeugt der Maestro 4 mit au\u00dfergew\u00f6hnlicher Performance und Robustheit. Seine schnelle Rotation um die L\u00e4ngsachse erm\u00f6glicht eine pr\u00e4zise Trickausf\u00fchrung, w\u00e4hrend die moderate Fluggeschwindigkeit und das berechenbare Flugverhalten ihn sowohl f\u00fcr Einsteiger als auch f\u00fcr erfahrene Piloten zu einer erstklassigen Wahl machen. Die mitgelieferten 15g-Gewichte balancieren den Drachen zudem mit wenigen Handgriffen f\u00fcr bestimmte Tricks noch besser aus.<\/p>\n<p><strong>Spezifikationen:<\/strong><\/p>\n<ul>\n<li>Spannweite: 220 cm<\/li>\n<li>H\u00f6he: 90 cm<\/li>\n<li>Segel: Ripstop-Polyester Light 31g<\/li>\n<li>St\u00e4be: Kohlefaser 6mm + Dynamic T15<\/li>\n<li>Schnur: Dyneema\u00a070 kp, 2 x 25 m auf Winder + Lenkschlaufen<\/li>\n<li>Windbereich: 2-5 Bft. (10-40 km\/h \/ 6-25 mph)<\/li>\n<li>Alter: ab 14 Jahren<\/li>\n<li>Kategorie: Allrounder\/Freestyle<\/li>\n<li>Anf\u00e4ngertauglichkeit: Hoch<\/li>\n<li>Tricktauglichkeit: Sehr hoch<\/li>\n<\/ul>\n","protected":false},"excerpt":{"rendered":"<p>Trickkite par Excellence | 220 x 90 cm. | R2F<\/p>\n","protected":false},"featured_media":82019,"comment_status":"closed","ping_status":"closed","template":"","meta":{"_acf_changed":false},"product_brand":[],"product_cat":[1396,2177,2169,1348],"product_tag":[],"class_list":{"0":"post-82030","1":"product","2":"type-product","3":"status-publish","4":"has-post-thumbnail","6":"product_cat-drachen","7":"product_cat-hq-kites","8":"product_cat-lenkdrachen","9":"product_cat-marken","11":"first","12":"instock","13":"sale","14":"taxable","15":"shipping-taxable","16":"purchasable","17":"product-type-simple"},"acf":[],"_links":{"self":[{"href":"https:\/\/www.wepaflyer.com\/de\/wp-json\/wp\/v2\/product\/82030","targetHints":{"allow":["GET"]}}],"collection":[{"href":"https:\/\/www.wepaflyer.com\/de\/wp-json\/wp\/v2\/product"}],"about":[{"href":"https:\/\/www.wepaflyer.com\/de\/wp-json\/wp\/v2\/types\/product"}],"replies":[{"embeddable":true,"href":"https:\/\/www.wepaflyer.com\/de\/wp-json\/wp\/v2\/comments?post=82030"}],"wp:featuredmedia":[{"embeddable":true,"href":"https:\/\/www.wepaflyer.com\/de\/wp-json\/wp\/v2\/media\/82019"}],"wp:attachment":[{"href":"https:\/\/www.wepaflyer.com\/de\/wp-json\/wp\/v2\/media?parent=82030"}],"wp:term":[{"taxonomy":"product_brand","embeddable":true,"href":"https:\/\/www.wepaflyer.com\/de\/wp-json\/wp\/v2\/product_brand?post=82030"},{"taxonomy":"product_cat","embeddable":true,"href":"https:\/\/www.wepaflyer.com\/de\/wp-json\/wp\/v2\/product_cat?post=82030"},{"taxonomy":"product_tag","embeddable":true,"href":"https:\/\/www.wepaflyer.com\/de\/wp-json\/wp\/v2\/product_tag?post=82030"}],"curies":[{"name":"wp","href":"https:\/\/api.w.org\/{rel}","templated":true}]}}