{"id":82014,"date":"2025-10-12T13:33:27","date_gmt":"2025-10-12T11:33:27","guid":{"rendered":"https:\/\/www.wepaflyer.com\/?post_type=product&#038;p=82014"},"modified":"2025-10-12T13:41:57","modified_gmt":"2025-10-12T11:41:57","slug":"rainbow-delta-blau","status":"publish","type":"product","link":"https:\/\/www.wepaflyer.com\/de\/produkt\/rainbow-delta-blau\/","title":{"rendered":"Rainbow Delta Blau"},"content":{"rendered":"<h3>Rainbow DELTA BLUE<\/h3>\n<h4>Einleiner Delta | 135 x 150 cm. | Ready to Fly<\/h4>\n<p>Der\u00a0<strong>Rainbow Delta<\/strong>\u00a0ist f\u00fcr viele der sch\u00f6nste Delta-1-Leiner seiner Klasse. Der wundersch\u00f6n applizierte (gen\u00e4hte) Regenbogen auf dem Drachen mit den durchgehenden Schw\u00e4nzen in der gleichen Regenbogen-Farbgebung verleihen diesem Drachen ein glitzerndes Aussehen. Sch\u00f6n zu fliegen und auch sehr gut geeignet, um es im Kinderzimmer aufzuh\u00e4ngen\u2026<\/p>\n<p>Der\u00a0<strong>Rainbow Delta<\/strong>\u00a0fliegt wie alle Deltas, d.h. stabil und geht leicht in die Luft, man muss sich also nicht wirklich darum k\u00fcmmern. Dieses Modell ist f\u00fcr jedes Alter geeignet und fliegt schon bei der geringsten Brise.<\/p>\n<p>Kite wird R2F (Ready-to-Fly) mit 80 m Drachenschnur auf einem Griff geliefert. Der Drachen hat 8 Regenbogenschw\u00e4nze, die an den Drachen gen\u00e4ht sind. Der Rainbow Delta ist aus stabilem Spinnakertuch und kommt in der abgebildeten Farbgebung. Ausgestattet mit Fiberglasst\u00e4ben, also extra robust.<\/p>\n<p>Einzeln verpackt in einer stabilen H\u00fclle.<\/p>\n<p>Der Rainbow Delta ist auch als Familien Paket erh\u00e4ltlich zusammen mit 2 anderen Rainbow Drachen, schauen Sie bei den Drachen Paketen.<\/p>\n","protected":false},"excerpt":{"rendered":"<p>Einleiner Delta | 135 x 150 cm. | Ready to Fly<\/p>\n","protected":false},"featured_media":82011,"comment_status":"closed","ping_status":"closed","template":"","meta":{"_acf_changed":false},"product_brand":[],"product_cat":[2187,1396,2184,1348],"product_tag":[],"class_list":{"0":"post-82014","1":"product","2":"type-product","3":"status-publish","4":"has-post-thumbnail","6":"product_cat-colours-in-motion","7":"product_cat-drachen","8":"product_cat-kinderdrachen","9":"product_cat-marken","11":"first","12":"instock","13":"sale","14":"taxable","15":"shipping-taxable","16":"purchasable","17":"product-type-simple"},"acf":[],"_links":{"self":[{"href":"https:\/\/www.wepaflyer.com\/de\/wp-json\/wp\/v2\/product\/82014","targetHints":{"allow":["GET"]}}],"collection":[{"href":"https:\/\/www.wepaflyer.com\/de\/wp-json\/wp\/v2\/product"}],"about":[{"href":"https:\/\/www.wepaflyer.com\/de\/wp-json\/wp\/v2\/types\/product"}],"replies":[{"embeddable":true,"href":"https:\/\/www.wepaflyer.com\/de\/wp-json\/wp\/v2\/comments?post=82014"}],"wp:featuredmedia":[{"embeddable":true,"href":"https:\/\/www.wepaflyer.com\/de\/wp-json\/wp\/v2\/media\/82011"}],"wp:attachment":[{"href":"https:\/\/www.wepaflyer.com\/de\/wp-json\/wp\/v2\/media?parent=82014"}],"wp:term":[{"taxonomy":"product_brand","embeddable":true,"href":"https:\/\/www.wepaflyer.com\/de\/wp-json\/wp\/v2\/product_brand?post=82014"},{"taxonomy":"product_cat","embeddable":true,"href":"https:\/\/www.wepaflyer.com\/de\/wp-json\/wp\/v2\/product_cat?post=82014"},{"taxonomy":"product_tag","embeddable":true,"href":"https:\/\/www.wepaflyer.com\/de\/wp-json\/wp\/v2\/product_tag?post=82014"}],"curies":[{"name":"wp","href":"https:\/\/api.w.org\/{rel}","templated":true}]}}