{"id":81807,"date":"2025-10-06T19:36:20","date_gmt":"2025-10-06T17:36:20","guid":{"rendered":"https:\/\/www.wepaflyer.com\/?post_type=product&#038;p=81807"},"modified":"2025-10-06T19:44:08","modified_gmt":"2025-10-06T17:44:08","slug":"nagasaki-stunter-falcon","status":"publish","type":"product","link":"https:\/\/www.wepaflyer.com\/de\/produkt\/nagasaki-stunter-falcon\/","title":{"rendered":"Nagasaki Stunter Falcon"},"content":{"rendered":"<h3>LENKDRACHEN NAGASAKI FALCON<\/h3>\n<h4>Japanischer Lenkdrachen | 85 x 68 cm. | R2F<\/h4>\n<p id=\"tw-target-text\" class=\"tw-data-text tw-text-large tw-ta\" dir=\"ltr\" tabindex=\"-1\" role=\"text\" data-placeholder=\"Vertaling\" aria-label=\"Vertaalde tekst: Lenkdrachen im traditionellen japanischen Stil.\nDieser Drachen ist ein echter Kinder-Lenkdrachen, der jede Menge Spa\u00df bietet.\nEin robuster Drachen mit moderaten Flugeigenschaften. Er fliegt gut bei leichtem Wind, aber erwarten Sie keine H\u00f6chstleistungen ... er kann sehr schnell werden, also bleiben Sie wachsam!\nGeeignet f\u00fcr alle Altersgruppen, besonders die Kleinsten werden mit diesem Lenkdrachen viel Spa\u00df haben.\n\nHergestellt aus robustem Nylongewebe mit Falcon-Print in der abgebildeten Farbe und Ausf\u00fchrung. Fiberglasrahmen in 4 und 3 mm.\n\nDer Drachen wird R2F (Ready-to-Fly) mit passenden Steuerleinen auf zwei Rollen und einem ca. 8 Meter langen Regenbogenschwanz geliefert. Eine Anleitung liegt bei. Verpackt in einer PE-Tasche.\" data-ved=\"2ahUKEwjp2f2Lj5CQAxXq7AIHHROvGhgQ3ewLegQICxAV\"><span class=\"Y2IQFc\" lang=\"de\">Lenkdrachen im traditionellen japanischen Stil.<br \/>\nDieser Drachen ist ein echter Kinder-Lenkdrachen, der jede Menge Spa\u00df bietet.<br \/>\nEin robuster Drachen mit moderaten Flugeigenschaften. Er fliegt gut bei leichtem Wind, aber erwarten Sie keine H\u00f6chstleistungen&#8230;er kann sehr schnell werden, also bleiben Sie wachsam! Geeignet f\u00fcr alle Altersgruppen, besonders die Kleinsten werden mit diesem Lenkdrachen viel Spa\u00df haben. <\/span><\/p>\n<p class=\"tw-data-text tw-text-large tw-ta\" dir=\"ltr\" tabindex=\"-1\" role=\"text\" data-placeholder=\"Vertaling\" aria-label=\"Vertaalde tekst: Lenkdrachen im traditionellen japanischen Stil.\nDieser Drachen ist ein echter Kinder-Lenkdrachen, der jede Menge Spa\u00df bietet.\nEin robuster Drachen mit moderaten Flugeigenschaften. Er fliegt gut bei leichtem Wind, aber erwarten Sie keine H\u00f6chstleistungen ... er kann sehr schnell werden, also bleiben Sie wachsam!\nGeeignet f\u00fcr alle Altersgruppen, besonders die Kleinsten werden mit diesem Lenkdrachen viel Spa\u00df haben.\n\nHergestellt aus robustem Nylongewebe mit Falcon-Print in der abgebildeten Farbe und Ausf\u00fchrung. Fiberglasrahmen in 4 und 3 mm.\n\nDer Drachen wird R2F (Ready-to-Fly) mit passenden Steuerleinen auf zwei Rollen und einem ca. 8 Meter langen Regenbogenschwanz geliefert. Eine Anleitung liegt bei. Verpackt in einer PE-Tasche.\" data-ved=\"2ahUKEwjp2f2Lj5CQAxXq7AIHHROvGhgQ3ewLegQICxAV\"><span class=\"Y2IQFc\" lang=\"de\">Hergestellt aus robustem Nylontuch mit Falcon-Print in der abgebildeten Farbe und Ausf\u00fchrung. Fiberglasrahmen in 4 und 3 mm. <\/span><\/p>\n<p class=\"tw-data-text tw-text-large tw-ta\" dir=\"ltr\" tabindex=\"-1\" role=\"text\" data-placeholder=\"Vertaling\" aria-label=\"Vertaalde tekst: Lenkdrachen im traditionellen japanischen Stil.\nDieser Drachen ist ein echter Kinder-Lenkdrachen, der jede Menge Spa\u00df bietet.\nEin robuster Drachen mit moderaten Flugeigenschaften. Er fliegt gut bei leichtem Wind, aber erwarten Sie keine H\u00f6chstleistungen ... er kann sehr schnell werden, also bleiben Sie wachsam!\nGeeignet f\u00fcr alle Altersgruppen, besonders die Kleinsten werden mit diesem Lenkdrachen viel Spa\u00df haben.\n\nHergestellt aus robustem Nylongewebe mit Falcon-Print in der abgebildeten Farbe und Ausf\u00fchrung. Fiberglasrahmen in 4 und 3 mm.\n\nDer Drachen wird R2F (Ready-to-Fly) mit passenden Steuerleinen auf zwei Rollen und einem ca. 8 Meter langen Regenbogenschwanz geliefert. Eine Anleitung liegt bei. Verpackt in einer PE-Tasche.\" data-ved=\"2ahUKEwjp2f2Lj5CQAxXq7AIHHROvGhgQ3ewLegQICxAV\"><span class=\"Y2IQFc\" lang=\"de\">Der Drachen wird R2F (Ready-to-Fly) mit passenden Lenkschn\u00fcren auf zwei Griffen und einem ca. 8 Meter langen Regenbogenschwanz geliefert. Eine Anleitung liegt bei. Verpackt in einer PE-H\u00fclle.<\/span><\/p>\n","protected":false},"excerpt":{"rendered":"<p>Japanischer Lenkdrachen | 85 x 68 cm. | R2F<\/p>\n","protected":false},"featured_media":81806,"comment_status":"closed","ping_status":"closed","template":"","meta":{"_acf_changed":false},"product_brand":[],"product_cat":[1396,2184,2169,1348,1384,2165],"product_tag":[],"class_list":{"0":"post-81807","1":"product","2":"type-product","3":"status-publish","4":"has-post-thumbnail","6":"product_cat-drachen","7":"product_cat-kinderdrachen","8":"product_cat-lenkdrachen","9":"product_cat-marken","10":"product_cat-sale","11":"product_cat-wepa","13":"first","14":"instock","15":"sale","16":"taxable","17":"shipping-taxable","18":"purchasable","19":"product-type-simple"},"acf":[],"_links":{"self":[{"href":"https:\/\/www.wepaflyer.com\/de\/wp-json\/wp\/v2\/product\/81807","targetHints":{"allow":["GET"]}}],"collection":[{"href":"https:\/\/www.wepaflyer.com\/de\/wp-json\/wp\/v2\/product"}],"about":[{"href":"https:\/\/www.wepaflyer.com\/de\/wp-json\/wp\/v2\/types\/product"}],"replies":[{"embeddable":true,"href":"https:\/\/www.wepaflyer.com\/de\/wp-json\/wp\/v2\/comments?post=81807"}],"wp:featuredmedia":[{"embeddable":true,"href":"https:\/\/www.wepaflyer.com\/de\/wp-json\/wp\/v2\/media\/81806"}],"wp:attachment":[{"href":"https:\/\/www.wepaflyer.com\/de\/wp-json\/wp\/v2\/media?parent=81807"}],"wp:term":[{"taxonomy":"product_brand","embeddable":true,"href":"https:\/\/www.wepaflyer.com\/de\/wp-json\/wp\/v2\/product_brand?post=81807"},{"taxonomy":"product_cat","embeddable":true,"href":"https:\/\/www.wepaflyer.com\/de\/wp-json\/wp\/v2\/product_cat?post=81807"},{"taxonomy":"product_tag","embeddable":true,"href":"https:\/\/www.wepaflyer.com\/de\/wp-json\/wp\/v2\/product_tag?post=81807"}],"curies":[{"name":"wp","href":"https:\/\/api.w.org\/{rel}","templated":true}]}}