{"id":80668,"date":"2025-09-18T16:20:19","date_gmt":"2025-09-18T14:20:19","guid":{"rendered":"https:\/\/www.wepaflyer.com\/?post_type=product&#038;p=80668"},"modified":"2025-09-18T16:25:46","modified_gmt":"2025-09-18T14:25:46","slug":"speedwing-x3-seitenverbinder","status":"publish","type":"product","link":"https:\/\/www.wepaflyer.com\/de\/produkt\/speedwing-x3-seitenverbinder\/","title":{"rendered":"Speedwing X3 Seitenverbinder"},"content":{"rendered":"<h3>SPEEDWING X3 SEITENVERBINDER<\/h3>\n<h4>Seitenverbinder komplett X3 | Alte Speedwing PRO<\/h4>\n<p>Seitenverbinder (Lateral Connector) f\u00fcr den Speedwing X3, einer der Klassiker im Allround Lenkdrachenfliegen.<\/p>\n<p>Wenn du f\u00fcr deine Speedwing X3 einen\u00a0 neuen Seitenverbinder brauchst, hier hast du ihn gefunden. Damit kannst du deine Speedwing X3 sofort wieder fliegen lassen, solo oder in Formation, das sogenannte <strong>Stack-Kiting<\/strong>.<\/p>\n<p>Der Speedwing X3 ist geeignet f\u00fcr erfahrene Anf\u00e4nger und Fortgeschrittene in der Speed&amp;Power Klasse und fliegt optimal bei Windst\u00e4rken von 2 bis 7 Bft.<\/p>\n<p>Empfohlene Schnurst\u00e4rke (Flugleinen) beim Formationsflug (Stack-Kiting) sind:<\/p>\n<ul>\n<li>3er Formation: 130daN<\/li>\n<li>5er Formation: 160daN<\/li>\n<li>10-er Formation: 250daN<\/li>\n<\/ul>\n","protected":false},"excerpt":{"rendered":"<p>Seitenverbinder komplett X3 | Alte Speedwing PRO<\/p>\n","protected":false},"featured_media":80665,"comment_status":"closed","ping_status":"closed","template":"","meta":{"_acf_changed":false},"product_brand":[],"product_cat":[2168,2183,1348,1384,3556],"product_tag":[],"class_list":{"0":"post-80668","1":"product","2":"type-product","3":"status-publish","4":"has-post-thumbnail","6":"product_cat-cross-kites","7":"product_cat-kite-zubehor","8":"product_cat-marken","9":"product_cat-sale","10":"product_cat-speedwing-de","12":"first","13":"instock","14":"sale","15":"taxable","16":"shipping-taxable","17":"purchasable","18":"product-type-simple"},"acf":[],"_links":{"self":[{"href":"https:\/\/www.wepaflyer.com\/de\/wp-json\/wp\/v2\/product\/80668","targetHints":{"allow":["GET"]}}],"collection":[{"href":"https:\/\/www.wepaflyer.com\/de\/wp-json\/wp\/v2\/product"}],"about":[{"href":"https:\/\/www.wepaflyer.com\/de\/wp-json\/wp\/v2\/types\/product"}],"replies":[{"embeddable":true,"href":"https:\/\/www.wepaflyer.com\/de\/wp-json\/wp\/v2\/comments?post=80668"}],"wp:featuredmedia":[{"embeddable":true,"href":"https:\/\/www.wepaflyer.com\/de\/wp-json\/wp\/v2\/media\/80665"}],"wp:attachment":[{"href":"https:\/\/www.wepaflyer.com\/de\/wp-json\/wp\/v2\/media?parent=80668"}],"wp:term":[{"taxonomy":"product_brand","embeddable":true,"href":"https:\/\/www.wepaflyer.com\/de\/wp-json\/wp\/v2\/product_brand?post=80668"},{"taxonomy":"product_cat","embeddable":true,"href":"https:\/\/www.wepaflyer.com\/de\/wp-json\/wp\/v2\/product_cat?post=80668"},{"taxonomy":"product_tag","embeddable":true,"href":"https:\/\/www.wepaflyer.com\/de\/wp-json\/wp\/v2\/product_tag?post=80668"}],"curies":[{"name":"wp","href":"https:\/\/api.w.org\/{rel}","templated":true}]}}