{"id":80652,"date":"2025-09-18T15:57:10","date_gmt":"2025-09-18T13:57:10","guid":{"rendered":"https:\/\/www.wepaflyer.com\/?post_type=product&#038;p=80652"},"modified":"2026-05-04T12:38:15","modified_gmt":"2026-05-04T10:38:15","slug":"speedwing-x3-waage","status":"publish","type":"product","link":"https:\/\/www.wepaflyer.com\/de\/produkt\/speedwing-x3-waage\/","title":{"rendered":"Speedwing X3 Waage"},"content":{"rendered":"<h3>SPEEDWING X3 WAAGE<\/h3>\n<h4>Waage komplett f\u00fcr Speedwing X3 | Alte Speedwing PRO<\/h4>\n<p>Waage f\u00fcr den Speedwing X3, einer der Klassiker im Allround Lenkdrachenfliegen.<\/p>\n<p>Muss die Waage deiner Speedwing X3 ersetzt werden, dann kannst du mit dieser neuen Waage sofort wieder weiter fliegen, solo oder in Formation, das sogenannte <strong>Stack-Kiting<\/strong>.<\/p>\n<p>Der Speedwing X3 ist geeignet f\u00fcr erfahrene Anf\u00e4nger und Fortgeschrittene in der Speed&amp;Power Klasse und fliegt optimal bei Windst\u00e4rken zwischen 2 und 7 Bft.<\/p>\n<p>Empfohlene Schnurst\u00e4rken (Flugleinen) beim Formationsflug (Stack-Kiting) sind:<\/p>\n<ul>\n<li>3er Formation: 130daN<\/li>\n<li>5er Formation: 160daN<\/li>\n<li>10er Formation: 250daN<\/li>\n<\/ul>\n","protected":false},"excerpt":{"rendered":"<p>Waage komplett f\u00fcr Speedwing X3 | Alte Speedwing PRO<\/p>\n","protected":false},"featured_media":80649,"comment_status":"closed","ping_status":"closed","template":"","meta":{"_acf_changed":false},"product_brand":[],"product_cat":[2168,2183,1348,1384,3556],"product_tag":[3637],"class_list":{"0":"post-80652","1":"product","2":"type-product","3":"status-publish","4":"has-post-thumbnail","6":"product_cat-cross-kites","7":"product_cat-kite-zubehor","8":"product_cat-marken","9":"product_cat-sale","10":"product_cat-speedwing-de","11":"product_tag-accessoires","13":"first","14":"instock","15":"sale","16":"taxable","17":"shipping-taxable","18":"purchasable","19":"product-type-simple"},"acf":[],"_links":{"self":[{"href":"https:\/\/www.wepaflyer.com\/de\/wp-json\/wp\/v2\/product\/80652","targetHints":{"allow":["GET"]}}],"collection":[{"href":"https:\/\/www.wepaflyer.com\/de\/wp-json\/wp\/v2\/product"}],"about":[{"href":"https:\/\/www.wepaflyer.com\/de\/wp-json\/wp\/v2\/types\/product"}],"replies":[{"embeddable":true,"href":"https:\/\/www.wepaflyer.com\/de\/wp-json\/wp\/v2\/comments?post=80652"}],"wp:featuredmedia":[{"embeddable":true,"href":"https:\/\/www.wepaflyer.com\/de\/wp-json\/wp\/v2\/media\/80649"}],"wp:attachment":[{"href":"https:\/\/www.wepaflyer.com\/de\/wp-json\/wp\/v2\/media?parent=80652"}],"wp:term":[{"taxonomy":"product_brand","embeddable":true,"href":"https:\/\/www.wepaflyer.com\/de\/wp-json\/wp\/v2\/product_brand?post=80652"},{"taxonomy":"product_cat","embeddable":true,"href":"https:\/\/www.wepaflyer.com\/de\/wp-json\/wp\/v2\/product_cat?post=80652"},{"taxonomy":"product_tag","embeddable":true,"href":"https:\/\/www.wepaflyer.com\/de\/wp-json\/wp\/v2\/product_tag?post=80652"}],"curies":[{"name":"wp","href":"https:\/\/api.w.org\/{rel}","templated":true}]}}