{"id":80643,"date":"2025-09-18T14:38:28","date_gmt":"2025-09-18T12:38:28","guid":{"rendered":"https:\/\/www.wepaflyer.com\/?post_type=product&#038;p=80643"},"modified":"2026-05-04T12:38:15","modified_gmt":"2026-05-04T10:38:15","slug":"speedwing-x1-powerbar","status":"publish","type":"product","link":"https:\/\/www.wepaflyer.com\/de\/produkt\/speedwing-x1-powerbar\/","title":{"rendered":"Speedwing X1 Powerbar"},"content":{"rendered":"<h3>Speedwing X1 | X-PowerBar f\u00fcr Stack Flying | FrontKite X1<\/h3>\n<h4>Verst\u00e4rkungsstab | CfK Superior | 10x6mm x 82,5 cm.<\/h4>\n<p>Dieses hohle Rohr aus Superior Kohlefaser (CfK) schiebt man \u00fcber den Querstab der vordersten Speedwing X1 (FrontKite) wenn man in Stack (Formation) fliegt und die Kr\u00e4fte die hierbei auftreten zu gro\u00df werden f\u00fcr den standard Querstab die bei der Speedwing X1 mitgeliefert wird.<br \/>\n\u00dcber den Daumen kann man sagen dass man diese PowerBar benutzt ab einer Stack-Formation von 3 bis 5 St\u00fcck, abh\u00e4ngig von der Windst\u00e4rke.<\/p>\n<p><strong>Achtung!: es kann sein das man den Stab etwas verk\u00fcrzen muss um ihn genau passend auf Ma\u00df zu bekommen.<\/strong><\/p>\n<p>Der Speedwing X1 ist geeignet f\u00fcr Anf\u00e4nger in der Speed&amp;Power Klasse und fliegt optimal bei Windst\u00e4rken von 2 bis 7 Bft.<\/p>\n<p>Empfohlene Schnurst\u00e4rke (Flugleinen) beim Formationsflug (Stack-Kiting) sind:<\/p>\n<ul>\n<li>3er Formation: 75daN<\/li>\n<li>5er Formation: 110daN<\/li>\n<li>10er Formation: 170daN<\/li>\n<\/ul>\n","protected":false},"excerpt":{"rendered":"<p>Verst\u00e4rkungsstab | CfK Superior | 10x6mm x 82,5 cm.<\/p>\n","protected":false},"featured_media":80642,"comment_status":"closed","ping_status":"closed","template":"","meta":{"_acf_changed":false},"product_brand":[],"product_cat":[2168,2183,1348,1384,3556],"product_tag":[3637],"class_list":{"0":"post-80643","1":"product","2":"type-product","3":"status-publish","4":"has-post-thumbnail","6":"product_cat-cross-kites","7":"product_cat-kite-zubehor","8":"product_cat-marken","9":"product_cat-sale","10":"product_cat-speedwing-de","11":"product_tag-accessoires","13":"first","14":"instock","15":"sale","16":"taxable","17":"shipping-taxable","18":"purchasable","19":"product-type-simple"},"acf":[],"_links":{"self":[{"href":"https:\/\/www.wepaflyer.com\/de\/wp-json\/wp\/v2\/product\/80643","targetHints":{"allow":["GET"]}}],"collection":[{"href":"https:\/\/www.wepaflyer.com\/de\/wp-json\/wp\/v2\/product"}],"about":[{"href":"https:\/\/www.wepaflyer.com\/de\/wp-json\/wp\/v2\/types\/product"}],"replies":[{"embeddable":true,"href":"https:\/\/www.wepaflyer.com\/de\/wp-json\/wp\/v2\/comments?post=80643"}],"wp:featuredmedia":[{"embeddable":true,"href":"https:\/\/www.wepaflyer.com\/de\/wp-json\/wp\/v2\/media\/80642"}],"wp:attachment":[{"href":"https:\/\/www.wepaflyer.com\/de\/wp-json\/wp\/v2\/media?parent=80643"}],"wp:term":[{"taxonomy":"product_brand","embeddable":true,"href":"https:\/\/www.wepaflyer.com\/de\/wp-json\/wp\/v2\/product_brand?post=80643"},{"taxonomy":"product_cat","embeddable":true,"href":"https:\/\/www.wepaflyer.com\/de\/wp-json\/wp\/v2\/product_cat?post=80643"},{"taxonomy":"product_tag","embeddable":true,"href":"https:\/\/www.wepaflyer.com\/de\/wp-json\/wp\/v2\/product_tag?post=80643"}],"curies":[{"name":"wp","href":"https:\/\/api.w.org\/{rel}","templated":true}]}}