{"id":80636,"date":"2025-09-18T13:21:27","date_gmt":"2025-09-18T11:21:27","guid":{"rendered":"https:\/\/www.wepaflyer.com\/?post_type=product&#038;p=80636"},"modified":"2026-05-04T12:38:15","modified_gmt":"2026-05-04T10:38:15","slug":"speedwing-x1-ersatzstange","status":"publish","type":"product","link":"https:\/\/www.wepaflyer.com\/de\/produkt\/speedwing-x1-ersatzstange\/","title":{"rendered":"Speedwing X1 Ersatzstange"},"content":{"rendered":"<h3>SPEEDWING X1 ERSATZSTANGE<\/h3>\n<h4>Ersatzstange X1 | CfK Kohlefaser 6x4mm | 82,5cm<\/h4>\n<p>Ersatzstab f\u00fcr den Speedwing X1, einer der Klassiker im Allround Lenkdrachenfliegen.<\/p>\n<p>Wenn du f\u00fcr deinen Speedwing X1 einen neuen Stab brauchst, hier hast du ihn gefunden. Damit kannst du deinen Speedwing X1 sofort wieder fliegen lassen, solo oder in Formation, das sogenannte <strong>Stack-Kiting<\/strong>.<\/p>\n<p>Der Speedwing X1 ist geeignet f\u00fcr Anf\u00e4nger in der Speed&amp;Power Klasse und fliegt optimal bei Windst\u00e4rken von 2 bis 7 Bft.<\/p>\n<p>Empfohlene Schnurst\u00e4rke (Flugleinen) beim Formationsflug (Stack-Kiting) sind:<\/p>\n<ul>\n<li>3er Formation: 75daN<\/li>\n<li>5er Formation: 110daN<\/li>\n<li>10er Formation: 170daN<\/li>\n<\/ul>\n","protected":false},"excerpt":{"rendered":"<p>Ersatzstange X1 | CfK Kohlefaser 6x4mm | 82,5cm<\/p>\n","protected":false},"featured_media":80633,"comment_status":"closed","ping_status":"closed","template":"","meta":{"_acf_changed":false},"product_brand":[],"product_cat":[2168,2183,1348,1384,3556],"product_tag":[3637],"class_list":{"0":"post-80636","1":"product","2":"type-product","3":"status-publish","4":"has-post-thumbnail","6":"product_cat-cross-kites","7":"product_cat-kite-zubehor","8":"product_cat-marken","9":"product_cat-sale","10":"product_cat-speedwing-de","11":"product_tag-accessoires","13":"first","14":"instock","15":"sale","16":"taxable","17":"shipping-taxable","18":"purchasable","19":"product-type-simple"},"acf":[],"_links":{"self":[{"href":"https:\/\/www.wepaflyer.com\/de\/wp-json\/wp\/v2\/product\/80636","targetHints":{"allow":["GET"]}}],"collection":[{"href":"https:\/\/www.wepaflyer.com\/de\/wp-json\/wp\/v2\/product"}],"about":[{"href":"https:\/\/www.wepaflyer.com\/de\/wp-json\/wp\/v2\/types\/product"}],"replies":[{"embeddable":true,"href":"https:\/\/www.wepaflyer.com\/de\/wp-json\/wp\/v2\/comments?post=80636"}],"wp:featuredmedia":[{"embeddable":true,"href":"https:\/\/www.wepaflyer.com\/de\/wp-json\/wp\/v2\/media\/80633"}],"wp:attachment":[{"href":"https:\/\/www.wepaflyer.com\/de\/wp-json\/wp\/v2\/media?parent=80636"}],"wp:term":[{"taxonomy":"product_brand","embeddable":true,"href":"https:\/\/www.wepaflyer.com\/de\/wp-json\/wp\/v2\/product_brand?post=80636"},{"taxonomy":"product_cat","embeddable":true,"href":"https:\/\/www.wepaflyer.com\/de\/wp-json\/wp\/v2\/product_cat?post=80636"},{"taxonomy":"product_tag","embeddable":true,"href":"https:\/\/www.wepaflyer.com\/de\/wp-json\/wp\/v2\/product_tag?post=80636"}],"curies":[{"name":"wp","href":"https:\/\/api.w.org\/{rel}","templated":true}]}}