{"id":67799,"date":"2025-07-26T15:32:21","date_gmt":"2025-07-26T13:32:21","guid":{"rendered":"https:\/\/www.wepaflyer.com\/?post_type=product&#038;p=67799"},"modified":"2026-05-04T12:27:21","modified_gmt":"2026-05-04T10:27:21","slug":"hq-symphony-pro-2-5-duo-neon-rainbow","status":"publish","type":"product","link":"https:\/\/www.wepaflyer.com\/de\/produkt\/hq-symphony-pro-2-5-duo-neon-rainbow\/","title":{"rendered":"HQ Symphony PRO \u2013 2.5 DUO | Neon &#038; Rainbow | DoppelPack"},"content":{"rendered":"<h3>HQ Symphony PRO \u2013 2.5 DUO | Neon &amp; Rainbow | DoppelPack<\/h3>\n<h4>Starkes DUO | Schnelle 2-Leiner Lenkmatte f\u00fcr Speed- &amp; Powerkiting | 250cm | R2F | DUO = 2 kites<\/h4>\n<p>Die neue Generation der Symphony Pro Kites! Drachenspa\u00df f\u00fcr Anf\u00e4nger und Fortgeschrittene, die Geschwindigkeit und Zugkraft suchen. Der aktualisierte Symphony Pro ist einer der beliebtesten Drachen von HQ.<br \/>\nDas stablose Design des Symphony Pro f\u00fchlt sich solide an. Da es sich um einen Ram-Air-Drachen handelt, bleiben die Luftkammern immer mit Luft gef\u00fcllt und der Drachen beh\u00e4lt auch in scharfen Kurven immer seine Form. Die gr\u00f6\u00dferen Gr\u00f6\u00dfen der Symphony Pro-Serie k\u00f6nnen eine betr\u00e4chtliche Zugkraft entwickeln, also bereiten Sie sich auf diese Herausforderung vor!<br \/>\n<strong>Der Symphony PRO 2.5 ist erh\u00e4ltlich in Neon und Rainbow Farben wie abgebildet, aber du kannst dich nicht entscheiden\u2026.dann w\u00e4hlst du dieses DUO-Pack! Du bekommst dann beide Varianten dieses Topmodells zum Top-Preis!<\/strong><strong>\u00a0<\/strong><\/p>\n<p>Die Symphony Pros werden in einer kompakten Tragetasche geliefert, sodass Sie sie problemlos bei Ihrem n\u00e4chsten Flugabenteuer mitnehmen k\u00f6nnen. Lenkschlaufen und Dyneema-Flugleinen auf einem Wickelgriff sind im Lieferumfang enthalten. Der Drachen ist R2F (Ready to Fly), also sofort startbereit.<br \/>\nHergestellt aus sehr robustem Ripstop-Nylontuch.<strong>\u00a0<\/strong><\/p>\n<p><strong>Spezifikationen:<\/strong><\/p>\n<ul>\n<li><strong>Symphony PRO 2.5 Rainbow &amp; NeonBlue | 250 x 73 cm. <\/strong><strong>| 1,8m\u00b2 | R2F | 2\u00d725 Meter DyneemaLines 140daN | Alter 14+ | Windst\u00e4rke 2-6 Bft.<\/strong><\/li>\n<li><strong>Altersangaben sind Richtwerte<\/strong><\/li>\n<\/ul>\n<p><strong>\u00a0<\/strong><strong>Alle Symphony PRO Kites enthalten:<\/strong><\/p>\n<ul>\n<li><strong>Angemessene Flugleinen<\/strong><\/li>\n<li><strong>Lenkschlaufen (Straps)<\/strong><\/li>\n<li><strong>Handbuch mit Anleitungen<\/strong><\/li>\n<li><strong>Tragetasche<\/strong><\/li>\n<\/ul>\n<p><strong>\u00a0<\/strong><strong>HINWEIS!: Die Symphony PRO 2.2 &amp; 2.5 sind \u201eQUAD-Prepared\u201c, d.h. du kannst sie im Handumdrehen in einen 4-Leiner-Powerkite umbauen!<\/strong><\/p>\n<p><strong>\u00a0<\/strong>QUAD-KITE VORBEREITET:\u00a0Die Symphony PRO 2.2 &amp; 2.5-Drachen sind seit der V21-Version \u201eQuad Prepared\u201c, sodass Sie den regul\u00e4ren Symphony PRO 2-Leiner-Drachen im Handumdrehen in einen vollwertigen 4-Leiner-Drachen verwandeln k\u00f6nnen. Befestigen Sie das Quad Bridling\u00a0(Art. Nr. 015704 = Pro 2.2 | Art. Nr. 015711 = Pro 2.5)\u00a0am Kite, ersetzen Sie die 2-Leiner-Lenkschn\u00fcre durch die\u00a0HQ QuadLines 160\/ 70\u00a0(Art.Nr. 015803)\u00a0und befolgen Sie die klaren Anweisungen &gt;&gt; fertig! Sie haben Ihren 2-Leiner Symphony PRO jetzt in einen 4-Leiner\u00a0Symphony PRO Quad\u00a0verwandelt! W\u00e4hlen Sie abschlie\u00dfend Ihre bevorzugten QuadHandles f\u00fcr die perfekte Kontrolle, idealerweise die\u00a0HQ QuadHandles XL Colored (Art.-Nr. 022665).<\/p>\n<p>Wenn Sie dieses Zubeh\u00f6r bestellen m\u00f6chten, geben Sie die Artikelnummer im Suchfenster ein. Gew\u00fcnschtes Ergebnis anklicken und legen Sie das entsprechende Zubeh\u00f6r in Ihren Warenkorb.<\/p>\n<p>Keep flying!<\/p>\n","protected":false},"excerpt":{"rendered":"<p>Starkes DUO | Schnelle 2-Leiner Lenkmatte f\u00fcr Speed- &amp; Powerkiting | 250cm | R2F | DUO = 2 kites<\/p>\n","protected":false},"featured_media":67798,"comment_status":"closed","ping_status":"closed","template":"","meta":{"_acf_changed":false},"product_brand":[],"product_cat":[2164,1347,2177,1348,1372,3554],"product_tag":[3632],"class_list":{"0":"post-67799","1":"product","2":"type-product","3":"status-publish","4":"has-post-thumbnail","6":"product_cat-2-leiner-lenkmatten","7":"product_cat-angebote","8":"product_cat-hq-kites","9":"product_cat-marken","10":"product_cat-powerkites","11":"product_cat-powerkitespakete","12":"product_tag-powerkites","14":"first","15":"instock","16":"sale","17":"taxable","18":"shipping-taxable","19":"purchasable","20":"product-type-simple"},"acf":[],"_links":{"self":[{"href":"https:\/\/www.wepaflyer.com\/de\/wp-json\/wp\/v2\/product\/67799","targetHints":{"allow":["GET"]}}],"collection":[{"href":"https:\/\/www.wepaflyer.com\/de\/wp-json\/wp\/v2\/product"}],"about":[{"href":"https:\/\/www.wepaflyer.com\/de\/wp-json\/wp\/v2\/types\/product"}],"replies":[{"embeddable":true,"href":"https:\/\/www.wepaflyer.com\/de\/wp-json\/wp\/v2\/comments?post=67799"}],"wp:featuredmedia":[{"embeddable":true,"href":"https:\/\/www.wepaflyer.com\/de\/wp-json\/wp\/v2\/media\/67798"}],"wp:attachment":[{"href":"https:\/\/www.wepaflyer.com\/de\/wp-json\/wp\/v2\/media?parent=67799"}],"wp:term":[{"taxonomy":"product_brand","embeddable":true,"href":"https:\/\/www.wepaflyer.com\/de\/wp-json\/wp\/v2\/product_brand?post=67799"},{"taxonomy":"product_cat","embeddable":true,"href":"https:\/\/www.wepaflyer.com\/de\/wp-json\/wp\/v2\/product_cat?post=67799"},{"taxonomy":"product_tag","embeddable":true,"href":"https:\/\/www.wepaflyer.com\/de\/wp-json\/wp\/v2\/product_tag?post=67799"}],"curies":[{"name":"wp","href":"https:\/\/api.w.org\/{rel}","templated":true}]}}