{"id":67773,"date":"2025-07-26T14:52:33","date_gmt":"2025-07-26T12:52:33","guid":{"rendered":"https:\/\/www.wepaflyer.com\/?post_type=product&#038;p=67773"},"modified":"2026-05-02T15:37:46","modified_gmt":"2026-05-02T13:37:46","slug":"hq-symphony-pro-1-3-duo-neon-rainbow","status":"publish","type":"product","link":"https:\/\/www.wepaflyer.com\/de\/produkt\/hq-symphony-pro-1-3-duo-neon-rainbow\/","title":{"rendered":"HQ Symphony PRO \u2013 1.3 DUO | Neon &#038; Rainbow | DoppelPack"},"content":{"rendered":"<h3>HQ Symphony PRO \u2013 1.3 DUO | Neon &amp; Rainbow | DoppelPack<\/h3>\n<h4>Starkes DUO | Schnelle 2-Leiner Lenkmatte f\u00fcr Speed- &amp; Powerkiting | 130cm | R2F | DUO = 2 kites<\/h4>\n<p>Die neue Generation der Symphony Pro Kites! Drachenspa\u00df f\u00fcr Anf\u00e4nger und Fortgeschrittene, die Geschwindigkeit und Zugkraft suchen. Der aktualisierte Symphony Pro ist einer der beliebtesten Drachen von HQ.<br \/>\nDas stablose Design des Symphony Pro f\u00fchlt sich solide an. Da es sich um einen Ram-Air-Drachen handelt, bleiben die Luftkammern immer mit Luft gef\u00fcllt und der Drachen beh\u00e4lt auch in scharfen Kurven immer seine Form. Die gr\u00f6\u00dferen Gr\u00f6\u00dfen der Symphony Pro-Serie k\u00f6nnen eine betr\u00e4chtliche Zugkraft entwickeln, also bereiten Sie sich auf diese Herausforderung vor!<br \/>\n<strong>Der Symphony PRO 1.3 ist erh\u00e4ltlich in Neon und Rainbow Farben wie abgebildet, aber du kannst dich nicht entscheiden\u2026.dann w\u00e4hlst du dieses DUO-Pack! Du bekommst dann beide Varianten dieses Topmodells zum Top-Preis!<\/strong><\/p>\n<p>Die Symphony Pros werden in einer kompakten Tragetasche geliefert, sodass Sie sie problemlos bei Ihrem n\u00e4chsten Flugabenteuer mitnehmen k\u00f6nnen. Lenkschlaufen und Dyneema-Flugleinen auf einem Wickelgriff sind im Lieferumfang enthalten. Der Drachen ist R2F (Ready to Fly), also sofort startbereit.<\/p>\n<p>Hergestellt aus sehr robustem Ripstop-Nylontuch.<\/p>\n<p><strong>Spezifikationen:<\/strong><\/p>\n<ul>\n<li><strong>Symphony PRO 1.3 Rainbow &amp; NeonRed | 130 x 55 cm. <\/strong><strong>| 0,7m\u00b2 | R2F | 2\u00d720 Meter DyneemaLines 45daN | Alter 8+ | Windst\u00e4rke 2-6 Bft.<\/strong><\/li>\n<li><strong>Altersangaben sind Richtwerte<\/strong><\/li>\n<\/ul>\n<p><strong>Alle Symphony PRO Kites enthalten:<\/strong><\/p>\n<ul>\n<li><strong>Angemessene Flugleinen<\/strong><\/li>\n<li><strong>Lenkschlaufen (Straps)<\/strong><\/li>\n<li><strong>Handbuch mit Anleitungen<\/strong><\/li>\n<li><strong>Tragetasche<\/strong><\/li>\n<\/ul>\n","protected":false},"excerpt":{"rendered":"<p>Starkes DUO | Schnelle 2-Leiner Lenkmatte f\u00fcr Speed- &amp; Powerkiting | 130cm | R2F | DUO = 2 kites<\/p>\n","protected":false},"featured_media":67772,"comment_status":"closed","ping_status":"closed","template":"","meta":{"_acf_changed":false},"product_brand":[],"product_cat":[2164,1347,2177,1348,1372,3554],"product_tag":[],"class_list":{"0":"post-67773","1":"product","2":"type-product","3":"status-publish","4":"has-post-thumbnail","6":"product_cat-2-leiner-lenkmatten","7":"product_cat-angebote","8":"product_cat-hq-kites","9":"product_cat-marken","10":"product_cat-powerkites","11":"product_cat-powerkitespakete","13":"first","14":"instock","15":"sale","16":"taxable","17":"shipping-taxable","18":"purchasable","19":"product-type-simple"},"acf":[],"_links":{"self":[{"href":"https:\/\/www.wepaflyer.com\/de\/wp-json\/wp\/v2\/product\/67773","targetHints":{"allow":["GET"]}}],"collection":[{"href":"https:\/\/www.wepaflyer.com\/de\/wp-json\/wp\/v2\/product"}],"about":[{"href":"https:\/\/www.wepaflyer.com\/de\/wp-json\/wp\/v2\/types\/product"}],"replies":[{"embeddable":true,"href":"https:\/\/www.wepaflyer.com\/de\/wp-json\/wp\/v2\/comments?post=67773"}],"wp:featuredmedia":[{"embeddable":true,"href":"https:\/\/www.wepaflyer.com\/de\/wp-json\/wp\/v2\/media\/67772"}],"wp:attachment":[{"href":"https:\/\/www.wepaflyer.com\/de\/wp-json\/wp\/v2\/media?parent=67773"}],"wp:term":[{"taxonomy":"product_brand","embeddable":true,"href":"https:\/\/www.wepaflyer.com\/de\/wp-json\/wp\/v2\/product_brand?post=67773"},{"taxonomy":"product_cat","embeddable":true,"href":"https:\/\/www.wepaflyer.com\/de\/wp-json\/wp\/v2\/product_cat?post=67773"},{"taxonomy":"product_tag","embeddable":true,"href":"https:\/\/www.wepaflyer.com\/de\/wp-json\/wp\/v2\/product_tag?post=67773"}],"curies":[{"name":"wp","href":"https:\/\/api.w.org\/{rel}","templated":true}]}}