{"id":61529,"date":"2025-07-09T16:16:36","date_gmt":"2025-07-09T14:16:36","guid":{"rendered":"https:\/\/www.wepaflyer.com\/?post_type=product&#038;p=61529"},"modified":"2026-03-11T13:35:10","modified_gmt":"2026-03-11T12:35:10","slug":"hq-symphony-beach-iii-1-3-duo-aqua-rainbow","status":"publish","type":"product","link":"https:\/\/www.wepaflyer.com\/de\/produkt\/hq-symphony-beach-iii-1-3-duo-aqua-rainbow\/","title":{"rendered":"HQ Symphony Beach III &#8211; 1.3 DUO | Aqua &#038; Rainbow | DoppelPack"},"content":{"rendered":"<h3>HQ Symphony Beach III \u2013 1.3 DUO | Aqua &amp; Rainbow | DoppelPack<\/h3>\n<h5>Fantastisches DUO | 2-Leiner Lenkmatte f\u00fcr Anf\u00e4nger | 130cm | R2F | DUO = 2 Kites<\/h5>\n<h5><span style=\"color: #333333; font-size: 15px;\">Fantastische Flugeigenschaften, einfache Handhabung und grenzenloser Flugspa\u00df zeichnen den neuen Symphony Beach III von HQ Kites aus.<\/span><\/h5>\n<div>\n<p>Dieser Drachen ist nach den W\u00fcnschen und Anforderungen unerfahrener Drachenpiloten konzipiert und bietet ein hervorragendes Preis-Leistungs-Verh\u00e4ltnis und ist mit sch\u00f6nem Zubeh\u00f6r ausgestattet.<\/p>\n<p><strong>Der Symphony Beach III 1.3 ist erh\u00e4ltlich in Aqua und Rainbow Farben wie abgebildet, aber du kannst dich nicht entscheiden\u2026.dann w\u00e4hlst du dieses DUO-Pack! Du bekommst dann beide Varianten dieses Topmodells zum Top-Preis!<\/strong><\/p>\n<p>Alle Gr\u00f6\u00dfen der neuen Symphony Beach-Serie sind mit dem Ziel konzipiert, dem Anf\u00e4nger-Kiter so viel Spa\u00df wie m\u00f6glich zu bieten. Sie fliegen sehr stabil und bieten f\u00fcr ihre Gr\u00f6\u00dfe eine bemerkenswerte Geschwindigkeit und Zugkraft.<\/p>\n<p>Diese Drachen machen jedem Anf\u00e4nger wirklich Spa\u00df und halten ihn stundenlang in Bewegung! Der Drachen wird mit Lenkschn\u00fcren auf einem Winder und Lenkschlaufen (Straps) geliefert und ist somit sofort flugbereit = Ready-to-Go!<br \/>\nVerpackt in einer sch\u00f6nen, kompakten Drachentasche.<\/p>\n<p><strong>Spezifikationen:<\/strong><\/p>\n<ul>\n<li><strong>Symphony Beach III 1.3 Rainbow &amp; Aqua |<span>\u00a0<\/span><span><\/span><\/strong><strong>130 x 55 cm. | 0,7m\u00b2 | R2F | 2\u00d725 Meter PolyesterLines 45daN | Alter 8+ | Windst\u00e4rke 2-6 Bft.<\/strong><\/li>\n<li><strong>Altersangaben sind Richtwerte<\/strong><\/li>\n<\/ul>\n<p><strong>Alle Symphony Beach III Kites enthalten:<\/strong><\/p>\n<ul>\n<li><strong>Angemessene Flugleinen<\/strong><\/li>\n<li><strong>Lenkschlaufen (Straps)<\/strong><\/li>\n<li><strong>Handbuch mit Anleitungen<\/strong><\/li>\n<li><strong>Tragetasche<\/strong><\/li>\n<\/ul>\n<\/div>\n","protected":false},"excerpt":{"rendered":"<p>Fantastisches DUO | 2-Leiner Lenkmatte f\u00fcr Anf\u00e4nger | 130cm | R2F | DUO = 2 Kites<\/p>\n","protected":false},"featured_media":61522,"comment_status":"closed","ping_status":"closed","template":"","meta":{"_acf_changed":false},"product_brand":[],"product_cat":[2164,1347,2177,1348,1372,3554],"product_tag":[],"class_list":{"0":"post-61529","1":"product","2":"type-product","3":"status-publish","4":"has-post-thumbnail","6":"product_cat-2-leiner-lenkmatten","7":"product_cat-angebote","8":"product_cat-hq-kites","9":"product_cat-marken","10":"product_cat-powerkites","11":"product_cat-powerkitespakete","13":"first","14":"instock","15":"sale","16":"taxable","17":"shipping-taxable","18":"purchasable","19":"product-type-simple"},"acf":[],"_links":{"self":[{"href":"https:\/\/www.wepaflyer.com\/de\/wp-json\/wp\/v2\/product\/61529","targetHints":{"allow":["GET"]}}],"collection":[{"href":"https:\/\/www.wepaflyer.com\/de\/wp-json\/wp\/v2\/product"}],"about":[{"href":"https:\/\/www.wepaflyer.com\/de\/wp-json\/wp\/v2\/types\/product"}],"replies":[{"embeddable":true,"href":"https:\/\/www.wepaflyer.com\/de\/wp-json\/wp\/v2\/comments?post=61529"}],"wp:featuredmedia":[{"embeddable":true,"href":"https:\/\/www.wepaflyer.com\/de\/wp-json\/wp\/v2\/media\/61522"}],"wp:attachment":[{"href":"https:\/\/www.wepaflyer.com\/de\/wp-json\/wp\/v2\/media?parent=61529"}],"wp:term":[{"taxonomy":"product_brand","embeddable":true,"href":"https:\/\/www.wepaflyer.com\/de\/wp-json\/wp\/v2\/product_brand?post=61529"},{"taxonomy":"product_cat","embeddable":true,"href":"https:\/\/www.wepaflyer.com\/de\/wp-json\/wp\/v2\/product_cat?post=61529"},{"taxonomy":"product_tag","embeddable":true,"href":"https:\/\/www.wepaflyer.com\/de\/wp-json\/wp\/v2\/product_tag?post=61529"}],"curies":[{"name":"wp","href":"https:\/\/api.w.org\/{rel}","templated":true}]}}