{"id":49583,"date":"2025-06-08T12:42:09","date_gmt":"2025-06-08T10:42:09","guid":{"rendered":"https:\/\/www.wepaflyer.com\/?post_type=product&#038;p=49583"},"modified":"2025-06-08T12:46:58","modified_gmt":"2025-06-08T10:46:58","slug":"fuzzy-tail-rainbow-7-meter","status":"publish","type":"product","link":"https:\/\/www.wepaflyer.com\/de\/produkt\/fuzzy-tail-rainbow-7-meter\/","title":{"rendered":"Fuzzy Tail Rainbow 7 Meter"},"content":{"rendered":"<h3>FUZZY TAIL | REGENBOGEN FRANSENSCHWANZ | 7 Meter<\/h3>\n<h5>Langer regenbogenfarbiger Fransenschwanz f\u00fcr mittelgro\u00dfe &amp; gro\u00dfe Drachen<\/h5>\n<p>Inklusive Wirbelkarabiner.<\/p>\n<p>Gefertigt aus Nylon-Polyester Tuch.<\/p>\n","protected":false},"excerpt":{"rendered":"<p>Langer regenbogenfarbiger Fransenschwanz f\u00fcr mittelgro\u00dfe &amp; gro\u00dfe Drachen<\/p>\n","protected":false},"featured_media":49580,"comment_status":"closed","ping_status":"closed","template":"","meta":{"_acf_changed":false},"product_brand":[],"product_cat":[1385,2183,2177,1348],"product_tag":[],"class_list":{"0":"post-49583","1":"product","2":"type-product","3":"status-publish","4":"has-post-thumbnail","6":"product_cat-drachen-zubehor","7":"product_cat-kite-zubehor","8":"product_cat-hq-kites","9":"product_cat-marken","11":"first","12":"instock","13":"sale","14":"taxable","15":"shipping-taxable","16":"purchasable","17":"product-type-simple"},"acf":[],"_links":{"self":[{"href":"https:\/\/www.wepaflyer.com\/de\/wp-json\/wp\/v2\/product\/49583","targetHints":{"allow":["GET"]}}],"collection":[{"href":"https:\/\/www.wepaflyer.com\/de\/wp-json\/wp\/v2\/product"}],"about":[{"href":"https:\/\/www.wepaflyer.com\/de\/wp-json\/wp\/v2\/types\/product"}],"replies":[{"embeddable":true,"href":"https:\/\/www.wepaflyer.com\/de\/wp-json\/wp\/v2\/comments?post=49583"}],"wp:featuredmedia":[{"embeddable":true,"href":"https:\/\/www.wepaflyer.com\/de\/wp-json\/wp\/v2\/media\/49580"}],"wp:attachment":[{"href":"https:\/\/www.wepaflyer.com\/de\/wp-json\/wp\/v2\/media?parent=49583"}],"wp:term":[{"taxonomy":"product_brand","embeddable":true,"href":"https:\/\/www.wepaflyer.com\/de\/wp-json\/wp\/v2\/product_brand?post=49583"},{"taxonomy":"product_cat","embeddable":true,"href":"https:\/\/www.wepaflyer.com\/de\/wp-json\/wp\/v2\/product_cat?post=49583"},{"taxonomy":"product_tag","embeddable":true,"href":"https:\/\/www.wepaflyer.com\/de\/wp-json\/wp\/v2\/product_tag?post=49583"}],"curies":[{"name":"wp","href":"https:\/\/api.w.org\/{rel}","templated":true}]}}