{"id":49258,"date":"2025-06-07T16:57:19","date_gmt":"2025-06-07T14:57:19","guid":{"rendered":"https:\/\/www.wepaflyer.com\/?post_type=product&#038;p=49258"},"modified":"2026-05-04T12:38:15","modified_gmt":"2026-05-04T10:38:15","slug":"tube-tail-tafetta-20-meter","status":"publish","type":"product","link":"https:\/\/www.wepaflyer.com\/de\/produkt\/tube-tail-tafetta-20-meter\/","title":{"rendered":"Tube Tail Tafetta 20 Meter"},"content":{"rendered":"<h3>TUBE TAIL TAFETTA 20 Meter | Mehrfarbig<\/h3>\n<h5>Schlauchschwanz | Extra lang | 20 Meter<\/h5>\n<p>Ein Tafetta-Schlauchschwanz f\u00fcr gro\u00dfe bis sehr gro\u00dfe Drachen.<\/p>\n<p>Gefertigt aus Tafetta-Nylon. Vielfarbig.<\/p>\n","protected":false},"excerpt":{"rendered":"<p>Schlauchschwanz | Extra lang | 20 Meter<\/p>\n","protected":false},"featured_media":49251,"comment_status":"closed","ping_status":"closed","template":"","meta":{"_acf_changed":false},"product_brand":[],"product_cat":[1385,2183,2177,1348],"product_tag":[3637],"class_list":{"0":"post-49258","1":"product","2":"type-product","3":"status-publish","4":"has-post-thumbnail","6":"product_cat-drachen-zubehor","7":"product_cat-kite-zubehor","8":"product_cat-hq-kites","9":"product_cat-marken","10":"product_tag-accessoires","12":"first","13":"instock","14":"sale","15":"taxable","16":"shipping-taxable","17":"purchasable","18":"product-type-simple"},"acf":[],"_links":{"self":[{"href":"https:\/\/www.wepaflyer.com\/de\/wp-json\/wp\/v2\/product\/49258","targetHints":{"allow":["GET"]}}],"collection":[{"href":"https:\/\/www.wepaflyer.com\/de\/wp-json\/wp\/v2\/product"}],"about":[{"href":"https:\/\/www.wepaflyer.com\/de\/wp-json\/wp\/v2\/types\/product"}],"replies":[{"embeddable":true,"href":"https:\/\/www.wepaflyer.com\/de\/wp-json\/wp\/v2\/comments?post=49258"}],"wp:featuredmedia":[{"embeddable":true,"href":"https:\/\/www.wepaflyer.com\/de\/wp-json\/wp\/v2\/media\/49251"}],"wp:attachment":[{"href":"https:\/\/www.wepaflyer.com\/de\/wp-json\/wp\/v2\/media?parent=49258"}],"wp:term":[{"taxonomy":"product_brand","embeddable":true,"href":"https:\/\/www.wepaflyer.com\/de\/wp-json\/wp\/v2\/product_brand?post=49258"},{"taxonomy":"product_cat","embeddable":true,"href":"https:\/\/www.wepaflyer.com\/de\/wp-json\/wp\/v2\/product_cat?post=49258"},{"taxonomy":"product_tag","embeddable":true,"href":"https:\/\/www.wepaflyer.com\/de\/wp-json\/wp\/v2\/product_tag?post=49258"}],"curies":[{"name":"wp","href":"https:\/\/api.w.org\/{rel}","templated":true}]}}