{"id":43020,"date":"2025-05-20T17:54:23","date_gmt":"2025-05-20T15:54:23","guid":{"rendered":"https:\/\/www.wepaflyer.com\/?post_type=product&#038;p=43020"},"modified":"2026-04-05T18:34:21","modified_gmt":"2026-04-05T16:34:21","slug":"hq-windsock-airport-m","status":"publish","type":"product","link":"https:\/\/www.wepaflyer.com\/de\/produkt\/hq-windsock-airport-m\/","title":{"rendered":"HQ Windsock Airport M"},"content":{"rendered":"<h3>HQ WINDSOCK AIRPORT \u2013 M<\/h3>\n<h4>\u00d8 13 x 60 cm. | Classic Windsock<\/h4>\n<p>Verkleinerte Kopie der Original-Winds\u00e4cke, wie sie fr\u00fcher auf allen Flugh\u00e4fen zu sehen waren. Heutzutage sieht man auf kleineren (Segel-)Flugpl\u00e4tzen noch die Originale. Soll den Piloten zeigen, aus welcher Richtung und wie stark der Wind weht.<\/p>\n<p>Aus festem Spinnakertuch, UV- und witterungsbest\u00e4ndig, mit Glasfaserstab und<span>\u00a0<\/span><strong>Bodend\u00fcbel<\/strong>.<\/p>\n","protected":false},"excerpt":{"rendered":"<p>\u00d8 13 x 60 cm. | Classic Windsock<\/p>\n","protected":false},"featured_media":43017,"comment_status":"closed","ping_status":"closed","template":"","meta":{"_acf_changed":false},"product_brand":[],"product_cat":[2177,1348,1403,2188],"product_tag":[],"class_list":{"0":"post-43020","1":"product","2":"type-product","3":"status-publish","4":"has-post-thumbnail","6":"product_cat-hq-kites","7":"product_cat-marken","8":"product_cat-windspiele","9":"product_cat-windspiele-garten","11":"first","12":"instock","13":"sale","14":"taxable","15":"shipping-taxable","16":"purchasable","17":"product-type-simple"},"acf":[],"_links":{"self":[{"href":"https:\/\/www.wepaflyer.com\/de\/wp-json\/wp\/v2\/product\/43020","targetHints":{"allow":["GET"]}}],"collection":[{"href":"https:\/\/www.wepaflyer.com\/de\/wp-json\/wp\/v2\/product"}],"about":[{"href":"https:\/\/www.wepaflyer.com\/de\/wp-json\/wp\/v2\/types\/product"}],"replies":[{"embeddable":true,"href":"https:\/\/www.wepaflyer.com\/de\/wp-json\/wp\/v2\/comments?post=43020"}],"wp:featuredmedia":[{"embeddable":true,"href":"https:\/\/www.wepaflyer.com\/de\/wp-json\/wp\/v2\/media\/43017"}],"wp:attachment":[{"href":"https:\/\/www.wepaflyer.com\/de\/wp-json\/wp\/v2\/media?parent=43020"}],"wp:term":[{"taxonomy":"product_brand","embeddable":true,"href":"https:\/\/www.wepaflyer.com\/de\/wp-json\/wp\/v2\/product_brand?post=43020"},{"taxonomy":"product_cat","embeddable":true,"href":"https:\/\/www.wepaflyer.com\/de\/wp-json\/wp\/v2\/product_cat?post=43020"},{"taxonomy":"product_tag","embeddable":true,"href":"https:\/\/www.wepaflyer.com\/de\/wp-json\/wp\/v2\/product_tag?post=43020"}],"curies":[{"name":"wp","href":"https:\/\/api.w.org\/{rel}","templated":true}]}}