{"id":41928,"date":"2025-05-17T12:00:16","date_gmt":"2025-05-17T10:00:16","guid":{"rendered":"https:\/\/www.wepaflyer.com\/?post_type=product&#038;p=41928"},"modified":"2026-01-21T13:41:09","modified_gmt":"2026-01-21T12:41:09","slug":"plkb-2-line-controlbar-safety-leash-sonderangebot-i-k-m-2-leiner-lenkmatte","status":"publish","type":"product","link":"https:\/\/www.wepaflyer.com\/de\/produkt\/plkb-2-line-controlbar-safety-leash-sonderangebot-i-k-m-2-leiner-lenkmatte\/","title":{"rendered":"PLKB 2-Line Controlbar + Safety-Leash | Sonderangebot"},"content":{"rendered":"<h3 id=\"tw-target-text\" class=\"tw-data-text tw-text-large tw-ta\" dir=\"ltr\" data-placeholder=\"Vertaling\" aria-label=\"Vertaalde tekst: PLKB 2-ZEILEN-STEUERLEISTE Steuerstange f\u00fcr 2-Leiner | \u00b153cm lang | Top-Qualit\u00e4t Diese PLKB\/Peter Lynn 2-Leiner-Steuerstange ist die perfekte Steuerstange f\u00fcr kleinere 2-Leiner-Lenkdrachen und Matratzen, wenn Sie den Einstieg ins Powerkiten wagen m\u00f6chten und das Fliegen mit einer Stange angenehmer oder unterhaltsamer finden als mit Griffen, Handschlaufen oder Power Claws. Es ist zwar etwas gew\u00f6hnungsbed\u00fcrftig, da die Lenkung etwas anders ist, aber wenn man den Dreh erstmal raus hat, ist purer Spa\u00df garantiert! Diese PLKB\/Peter Lynn 2-Line Controlbar wird NICHT mit einem Kite-Killer\/Safety-Leash geliefert! PLKB\/Peter Lynn ist seit Jahren ein Garant f\u00fcr hervorragende Qualit\u00e4t und wir k\u00f6nnen diese Kitebar uneingeschr\u00e4nkt empfehlen. Neben dieser einfachen Bar gibt es auch Bars in den Versionen Safety und Powerkite, f\u00fcr 2- &amp; 3-Leiner-Kites, Crossover-, Depower- und Depower-Kitesurf-Varianten. Hier sollte es Ihnen also immer gelingen!\" data-ved=\"2ahUKEwidx7Cc3qWNAxWL3QIHHfkFLnoQ3ewLegQICRAV\"><span class=\"Y2IQFc\" lang=\"de\">PLKB 2-LEINER LENKSTANGE (CONTROLBAR) + SICHERHEITSLEINE (SAFETY-LEASH)<\/span><\/h3>\n<h4 class=\"tw-data-text tw-text-large tw-ta\" dir=\"ltr\" data-placeholder=\"Vertaling\" aria-label=\"Vertaalde tekst: PLKB 2-ZEILEN-STEUERLEISTE Steuerstange f\u00fcr 2-Leiner | \u00b153cm lang | Top-Qualit\u00e4t Diese PLKB\/Peter Lynn 2-Leiner-Steuerstange ist die perfekte Steuerstange f\u00fcr kleinere 2-Leiner-Lenkdrachen und Matratzen, wenn Sie den Einstieg ins Powerkiten wagen m\u00f6chten und das Fliegen mit einer Stange angenehmer oder unterhaltsamer finden als mit Griffen, Handschlaufen oder Power Claws. Es ist zwar etwas gew\u00f6hnungsbed\u00fcrftig, da die Lenkung etwas anders ist, aber wenn man den Dreh erstmal raus hat, ist purer Spa\u00df garantiert! Diese PLKB\/Peter Lynn 2-Line Controlbar wird NICHT mit einem Kite-Killer\/Safety-Leash geliefert! PLKB\/Peter Lynn ist seit Jahren ein Garant f\u00fcr hervorragende Qualit\u00e4t und wir k\u00f6nnen diese Kitebar uneingeschr\u00e4nkt empfehlen. Neben dieser einfachen Bar gibt es auch Bars in den Versionen Safety und Powerkite, f\u00fcr 2- &amp; 3-Leiner-Kites, Crossover-, Depower- und Depower-Kitesurf-Varianten. Hier sollte es Ihnen also immer gelingen!\" data-ved=\"2ahUKEwidx7Cc3qWNAxWL3QIHHfkFLnoQ3ewLegQICRAV\"><span class=\"Y2IQFc\" lang=\"de\">Lenkstange f\u00fcr 2-Leiner | \u00b153cm L\u00e4nge |<span>\u00a0<\/span><\/span><span>Mit Safety-Leash (Kite-Killer) | <\/span>AKTIONSANGEBOT<\/h4>\n<h5 id=\"tw-target-text\" class=\"tw-data-text tw-text-large tw-ta\" dir=\"ltr\" data-placeholder=\"Vertaling\" aria-label=\"Vertaalde tekst: Einmalige Gelegenheit. Nur bei Bestellung eines 2-Leiner Matratzendrachens in unserem Webshop kannst du diese PLKB Controlbar mit einem Mega-Rabatt bestellen!\" data-ved=\"2ahUKEwi9y6TZ9aeNAxWylf0HHUW1PcgQ3ewLegQICRAV\"><strong><span class=\"Y2IQFc\" lang=\"de\">Einmalige Gelegenheit. Bestelle jetzt diese PLKB Controlbar + Safety-Leash mit einem Mega-Rabatt!<\/span><\/strong><\/h5>\n<p class=\"tw-data-text tw-text-large tw-ta\" dir=\"ltr\" data-placeholder=\"Vertaling\" aria-label=\"Vertaalde tekst: PLKB 2-ZEILEN-STEUERLEISTE Steuerstange f\u00fcr 2-Leiner | \u00b153cm lang | Top-Qualit\u00e4t Diese PLKB\/Peter Lynn 2-Leiner-Steuerstange ist die perfekte Steuerstange f\u00fcr kleinere 2-Leiner-Lenkdrachen und Matratzen, wenn Sie den Einstieg ins Powerkiten wagen m\u00f6chten und das Fliegen mit einer Stange angenehmer oder unterhaltsamer finden als mit Griffen, Handschlaufen oder Power Claws. Es ist zwar etwas gew\u00f6hnungsbed\u00fcrftig, da die Lenkung etwas anders ist, aber wenn man den Dreh erstmal raus hat, ist purer Spa\u00df garantiert! Diese PLKB\/Peter Lynn 2-Line Controlbar wird NICHT mit einem Kite-Killer\/Safety-Leash geliefert! PLKB\/Peter Lynn ist seit Jahren ein Garant f\u00fcr hervorragende Qualit\u00e4t und wir k\u00f6nnen diese Kitebar uneingeschr\u00e4nkt empfehlen. Neben dieser einfachen Bar gibt es auch Bars in den Versionen Safety und Powerkite, f\u00fcr 2- &amp; 3-Leiner-Kites, Crossover-, Depower- und Depower-Kitesurf-Varianten. Hier sollte es Ihnen also immer gelingen!\" data-ved=\"2ahUKEwidx7Cc3qWNAxWL3QIHHfkFLnoQ3ewLegQICRAV\"><span class=\"Y2IQFc\" lang=\"de\">Diese PLKB\/Peter Lynn 2-Leiner-Lenkstange ist die perfekte Lenkstange f\u00fcr kleinere 2-Leiner-Lenkdrachen und Lenkmatten, wenn Sie den Einstieg ins Powerkiten wagen m\u00f6chten und das Lenken mit einer Stange angenehmer oder unterhaltsamer finden als mit Griffen, Handschlaufen oder Power Claws. Es ist zwar etwas gew\u00f6hnungsbed\u00fcrftig, da die Lenkung etwas anders ist, aber wenn man den Dreh erstmal raus hat, ist purer Spa\u00df garantiert!<br \/>\n<strong>Die mitgelieferte Safety-Leash<span>\u00a0<\/span><\/strong><\/span><strong><span class=\"Y2IQFc\" lang=\"de\">bietet zus\u00e4tzliche Sicherheit und sorgt daf\u00fcr da\u00df Sie Ihren Kite nie verlieren\u2026<\/span><\/strong><\/p>\n<p class=\"tw-data-text tw-text-large tw-ta\" dir=\"ltr\" data-placeholder=\"Vertaling\" aria-label=\"Vertaalde tekst: PLKB 2-ZEILEN-STEUERLEISTE Steuerstange f\u00fcr 2-Leiner | \u00b153cm lang | Top-Qualit\u00e4t Diese PLKB\/Peter Lynn 2-Leiner-Steuerstange ist die perfekte Steuerstange f\u00fcr kleinere 2-Leiner-Lenkdrachen und Matratzen, wenn Sie den Einstieg ins Powerkiten wagen m\u00f6chten und das Fliegen mit einer Stange angenehmer oder unterhaltsamer finden als mit Griffen, Handschlaufen oder Power Claws. Es ist zwar etwas gew\u00f6hnungsbed\u00fcrftig, da die Lenkung etwas anders ist, aber wenn man den Dreh erstmal raus hat, ist purer Spa\u00df garantiert! Diese PLKB\/Peter Lynn 2-Line Controlbar wird NICHT mit einem Kite-Killer\/Safety-Leash geliefert! PLKB\/Peter Lynn ist seit Jahren ein Garant f\u00fcr hervorragende Qualit\u00e4t und wir k\u00f6nnen diese Kitebar uneingeschr\u00e4nkt empfehlen. Neben dieser einfachen Bar gibt es auch Bars in den Versionen Safety und Powerkite, f\u00fcr 2- &amp; 3-Leiner-Kites, Crossover-, Depower- und Depower-Kitesurf-Varianten. Hier sollte es Ihnen also immer gelingen!\" data-ved=\"2ahUKEwidx7Cc3qWNAxWL3QIHHfkFLnoQ3ewLegQICRAV\"><strong><span class=\"Y2IQFc\" lang=\"de\">Diese PLKB\/Peter Lynn 2-Line Controlbar wird MIT einem Kite-Killer\/Safety-Leash geliefert!<\/span><\/strong><\/p>\n<p class=\"tw-data-text tw-text-large tw-ta\" dir=\"ltr\" data-placeholder=\"Vertaling\" aria-label=\"Vertaalde tekst: PLKB 2-ZEILEN-STEUERLEISTE Steuerstange f\u00fcr 2-Leiner | \u00b153cm lang | Top-Qualit\u00e4t Diese PLKB\/Peter Lynn 2-Leiner-Steuerstange ist die perfekte Steuerstange f\u00fcr kleinere 2-Leiner-Lenkdrachen und Matratzen, wenn Sie den Einstieg ins Powerkiten wagen m\u00f6chten und das Fliegen mit einer Stange angenehmer oder unterhaltsamer finden als mit Griffen, Handschlaufen oder Power Claws. Es ist zwar etwas gew\u00f6hnungsbed\u00fcrftig, da die Lenkung etwas anders ist, aber wenn man den Dreh erstmal raus hat, ist purer Spa\u00df garantiert! Diese PLKB\/Peter Lynn 2-Line Controlbar wird NICHT mit einem Kite-Killer\/Safety-Leash geliefert! PLKB\/Peter Lynn ist seit Jahren ein Garant f\u00fcr hervorragende Qualit\u00e4t und wir k\u00f6nnen diese Kitebar uneingeschr\u00e4nkt empfehlen. Neben dieser einfachen Bar gibt es auch Bars in den Versionen Safety und Powerkite, f\u00fcr 2- &amp; 3-Leiner-Kites, Crossover-, Depower- und Depower-Kitesurf-Varianten. Hier sollte es Ihnen also immer gelingen!\" data-ved=\"2ahUKEwidx7Cc3qWNAxWL3QIHHfkFLnoQ3ewLegQICRAV\"><span class=\"Y2IQFc\" lang=\"de\">PLKB\/Peter Lynn ist seit Jahren ein Garant f\u00fcr hervorragende Qualit\u00e4t und wir k\u00f6nnen diese Kitebar uneingeschr\u00e4nkt empfehlen. Neben dieser einfachen Bar gibt es auch Bars in den Versionen Safety- und Powerkite, f\u00fcr 2- &amp; 3-Leiner-Kites, Crossover-, Depower- und Depower-Kitesurf-Varianten. Es sollte Ihnen hier also immer gelingen die richtige Controlbar zu finden!<\/span><\/p>\n","protected":false},"excerpt":{"rendered":"<p class=\"tw-data-text tw-text-large tw-ta\" dir=\"ltr\" data-placeholder=\"Vertaling\" aria-label=\"Vertaalde tekst: PLKB 2-ZEILEN-STEUERLEISTE Steuerstange f\u00fcr 2-Leiner | \u00b153cm lang | Top-Qualit\u00e4t Diese PLKB\/Peter Lynn 2-Leiner-Steuerstange ist die perfekte Steuerstange f\u00fcr kleinere 2-Leiner-Lenkdrachen und Matratzen, wenn Sie den Einstieg ins Powerkiten wagen m\u00f6chten und das Fliegen mit einer Stange angenehmer oder unterhaltsamer finden als mit Griffen, Handschlaufen oder Power Claws. Es ist zwar etwas gew\u00f6hnungsbed\u00fcrftig, da die Lenkung etwas anders ist, aber wenn man den Dreh erstmal raus hat, ist purer Spa\u00df garantiert! Diese PLKB\/Peter Lynn 2-Line Controlbar wird NICHT mit einem Kite-Killer\/Safety-Leash geliefert! PLKB\/Peter Lynn ist seit Jahren ein Garant f\u00fcr hervorragende Qualit\u00e4t und wir k\u00f6nnen diese Kitebar uneingeschr\u00e4nkt empfehlen. Neben dieser einfachen Bar gibt es auch Bars in den Versionen Safety und Powerkite, f\u00fcr 2- &amp; 3-Leiner-Kites, Crossover-, Depower- und Depower-Kitesurf-Varianten. Hier sollte es Ihnen also immer gelingen!\" data-ved=\"2ahUKEwidx7Cc3qWNAxWL3QIHHfkFLnoQ3ewLegQICRAV\"><span class=\"Y2IQFc\" lang=\"de\">Lenkstange f\u00fcr 2-Leiner | \u00b153cm L\u00e4nge |<span>\u00a0<\/span><\/span><span>Mit Safety-Leash (Kite-Killer) | <\/span>AKTIONSANGEBOT<\/p>\n","protected":false},"featured_media":41923,"comment_status":"closed","ping_status":"closed","template":"","meta":{"_acf_changed":false},"product_brand":[],"product_cat":[1347,2186,1348,2163,3546],"product_tag":[],"class_list":{"0":"post-41928","1":"product","2":"type-product","3":"status-publish","4":"has-post-thumbnail","6":"product_cat-angebote","7":"product_cat-drachen-lenkschlaufen","8":"product_cat-marken","9":"product_cat-peter-lynn","10":"product_cat-powerkites-zubehor","12":"first","13":"instock","14":"sale","15":"taxable","16":"shipping-taxable","17":"purchasable","18":"product-type-simple"},"acf":[],"_links":{"self":[{"href":"https:\/\/www.wepaflyer.com\/de\/wp-json\/wp\/v2\/product\/41928","targetHints":{"allow":["GET"]}}],"collection":[{"href":"https:\/\/www.wepaflyer.com\/de\/wp-json\/wp\/v2\/product"}],"about":[{"href":"https:\/\/www.wepaflyer.com\/de\/wp-json\/wp\/v2\/types\/product"}],"replies":[{"embeddable":true,"href":"https:\/\/www.wepaflyer.com\/de\/wp-json\/wp\/v2\/comments?post=41928"}],"wp:featuredmedia":[{"embeddable":true,"href":"https:\/\/www.wepaflyer.com\/de\/wp-json\/wp\/v2\/media\/41923"}],"wp:attachment":[{"href":"https:\/\/www.wepaflyer.com\/de\/wp-json\/wp\/v2\/media?parent=41928"}],"wp:term":[{"taxonomy":"product_brand","embeddable":true,"href":"https:\/\/www.wepaflyer.com\/de\/wp-json\/wp\/v2\/product_brand?post=41928"},{"taxonomy":"product_cat","embeddable":true,"href":"https:\/\/www.wepaflyer.com\/de\/wp-json\/wp\/v2\/product_cat?post=41928"},{"taxonomy":"product_tag","embeddable":true,"href":"https:\/\/www.wepaflyer.com\/de\/wp-json\/wp\/v2\/product_tag?post=41928"}],"curies":[{"name":"wp","href":"https:\/\/api.w.org\/{rel}","templated":true}]}}