{"id":41715,"date":"2025-05-16T17:30:01","date_gmt":"2025-05-16T15:30:01","guid":{"rendered":"https:\/\/www.wepaflyer.com\/?post_type=product&#038;p=41715"},"modified":"2026-01-21T13:31:08","modified_gmt":"2026-01-21T12:31:08","slug":"plkb-2-line-controlbar-sonderangebot-i-k-m-2-leiner-lenkmatte","status":"publish","type":"product","link":"https:\/\/www.wepaflyer.com\/de\/produkt\/plkb-2-line-controlbar-sonderangebot-i-k-m-2-leiner-lenkmatte\/","title":{"rendered":"PLKB 2-Line Controlbar | Sonderangebot"},"content":{"rendered":"<h3>PLKB 2-LEINER LENKSTANGE (CONTROLBAR)<\/h3>\n<h4>Lenkstange f\u00fcr 2-Leiner | \u00b153cm L\u00e4nge | AKTIONSANGEBOT<\/h4>\n<h5 id=\"tw-target-text\" class=\"tw-data-text tw-text-large tw-ta\" dir=\"ltr\" data-placeholder=\"Vertaling\" aria-label=\"Vertaalde tekst: Einmalige Gelegenheit. Nur bei Bestellung eines 2-Leiner Matratzendrachens in unserem Webshop kannst du diese PLKB Controlbar mit einem Mega-Rabatt bestellen!\" data-ved=\"2ahUKEwi9y6TZ9aeNAxWylf0HHUW1PcgQ3ewLegQICRAV\"><strong><span class=\"Y2IQFc\" lang=\"de\">Einmalige Gelegenheit. Bestelle jetzt diese PLKB Controlbar mit einem Mega-Rabatt!<\/span><\/strong><\/h5>\n<p>Diese PLKB\/Peter Lynn 2-Leiner-Lenkstange ist die perfekte Lenkstange f\u00fcr kleinere 2-Leiner-Lenkdrachen und Lenkmatten, wenn Sie den Einstieg ins Powerkiten wagen m\u00f6chten und das Lenken mit einer Stange angenehmer oder unterhaltsamer finden als mit Griffen, Handschlaufen oder Power Claws. Es ist zwar etwas gew\u00f6hnungsbed\u00fcrftig, da die Lenkung etwas anders ist, aber wenn man den Dreh erstmal raus hat, ist purer Spa\u00df garantiert!<\/p>\n<p><strong>Diese PLKB\/Peter Lynn 2-Line Controlbar wird OHNE Kite-Killer\/Safety-Leash geliefert!<\/strong><\/p>\n<p>PLKB\/Peter Lynn ist seit Jahren ein Garant f\u00fcr hervorragende Qualit\u00e4t und wir k\u00f6nnen diese Kitebar uneingeschr\u00e4nkt empfehlen. Neben dieser einfachen Bar gibt es auch Bars in den Versionen Safety- und Powerkite, f\u00fcr 2- &amp; 3-Leiner-Kites, Crossover-, Depower- und Depower-Kitesurf-Varianten. Es sollte Ihnen hier also immer gelingen die richtige Controlbar zu finden!<\/p>\n","protected":false},"excerpt":{"rendered":"<p id=\"tw-target-text\" class=\"tw-data-text tw-text-large tw-ta\" dir=\"ltr\" data-placeholder=\"Vertaling\" aria-label=\"Vertaalde tekst: Einmalige Gelegenheit. Nur bei Bestellung eines 2-Leiner Matratzendrachens in unserem Webshop kannst du diese PLKB Controlbar mit einem Mega-Rabatt bestellen!\" data-ved=\"2ahUKEwi9y6TZ9aeNAxWylf0HHUW1PcgQ3ewLegQICRAV\"><span class=\"Y2IQFc\" lang=\"de\">Einmalige Gelegenheit. Bestelle jetzt diese PLKB Controlbar mit einem Mega-Rabatt!<\/span><\/p>\n","protected":false},"featured_media":41708,"comment_status":"closed","ping_status":"closed","template":"","meta":{"_acf_changed":false},"product_brand":[],"product_cat":[1347,2186,1348,2163,3546],"product_tag":[],"class_list":{"0":"post-41715","1":"product","2":"type-product","3":"status-publish","4":"has-post-thumbnail","6":"product_cat-angebote","7":"product_cat-drachen-lenkschlaufen","8":"product_cat-marken","9":"product_cat-peter-lynn","10":"product_cat-powerkites-zubehor","12":"first","13":"instock","14":"sale","15":"taxable","16":"shipping-taxable","17":"purchasable","18":"product-type-simple"},"acf":[],"_links":{"self":[{"href":"https:\/\/www.wepaflyer.com\/de\/wp-json\/wp\/v2\/product\/41715","targetHints":{"allow":["GET"]}}],"collection":[{"href":"https:\/\/www.wepaflyer.com\/de\/wp-json\/wp\/v2\/product"}],"about":[{"href":"https:\/\/www.wepaflyer.com\/de\/wp-json\/wp\/v2\/types\/product"}],"replies":[{"embeddable":true,"href":"https:\/\/www.wepaflyer.com\/de\/wp-json\/wp\/v2\/comments?post=41715"}],"wp:featuredmedia":[{"embeddable":true,"href":"https:\/\/www.wepaflyer.com\/de\/wp-json\/wp\/v2\/media\/41708"}],"wp:attachment":[{"href":"https:\/\/www.wepaflyer.com\/de\/wp-json\/wp\/v2\/media?parent=41715"}],"wp:term":[{"taxonomy":"product_brand","embeddable":true,"href":"https:\/\/www.wepaflyer.com\/de\/wp-json\/wp\/v2\/product_brand?post=41715"},{"taxonomy":"product_cat","embeddable":true,"href":"https:\/\/www.wepaflyer.com\/de\/wp-json\/wp\/v2\/product_cat?post=41715"},{"taxonomy":"product_tag","embeddable":true,"href":"https:\/\/www.wepaflyer.com\/de\/wp-json\/wp\/v2\/product_tag?post=41715"}],"curies":[{"name":"wp","href":"https:\/\/api.w.org\/{rel}","templated":true}]}}