{"id":40938,"date":"2025-05-14T15:56:52","date_gmt":"2025-05-14T13:56:52","guid":{"rendered":"https:\/\/www.wepaflyer.com\/?post_type=product&#038;p=40938"},"modified":"2026-01-21T13:31:05","modified_gmt":"2026-01-21T12:31:05","slug":"klassische-rute-teleskop-angelrute","status":"publish","type":"product","link":"https:\/\/www.wepaflyer.com\/de\/produkt\/klassische-rute-teleskop-angelrute\/","title":{"rendered":"CLASSIC POLE | Teleskop Angelrute"},"content":{"rendered":"<h3>Teleskopische Angelrute | Robust<\/h3>\n<h5>Perfekt f\u00fcr Windspiele | 5 L\u00e4ngen<\/h5>\n<p>Robuste Teleskopische Angelrute (Stange), die f\u00fcr viele Zwecke geeignet ist, insbesondere aber f\u00fcr frei h\u00e4ngende Windspiele, die weit \u00fcber alles hinausragen.<br \/>\nDa sich die Rute beim Befestigen an ihrem Ende leicht biegt, kann sich das daran befestigte Windspiel immer frei im Wind bewegen.<\/p>\n<p id=\"tw-target-text\" class=\"tw-data-text tw-text-large tw-ta\" dir=\"ltr\" data-placeholder=\"Vertaling\" aria-label=\"Vertaalde tekst: Am oberen Ende des Stabes befindet sich eine kleine \u00d6se, an der Sie das Windspiel oder anderes Zubeh\u00f6r befestigen k\u00f6nnen.\" data-ved=\"2ahUKEwi9y6TZ9aeNAxWylf0HHUW1PcgQ3ewLegQICRAV\"><span class=\"Y2IQFc\" lang=\"de\">Am oberen Ende des Stabes befindet sich eine kleine \u00d6se, an der Sie das Windspiel oder anderes Zubeh\u00f6r befestigen k\u00f6nnen.<br \/>\n<\/span>Am unteren Ende l\u00e4sst sich die Kappe der Stange abschrauben und kann die Stange \u00fcber einen passenden Bodenanker oder Bodenstab geschoben werden, damit sie stabil steht.<\/p>\n<p><strong>Lieferbare L\u00e4ngen:<\/strong><\/p>\n<ul>\n<li><strong>3 Meter<\/strong><\/li>\n<li><strong>4 Meter<\/strong><\/li>\n<li><strong>5 Meter<\/strong><\/li>\n<li><strong>6 Meter<\/strong><\/li>\n<li><strong>7 Meter<\/strong><\/li>\n<\/ul>\n<p>Die Angelrute kann geringf\u00fcgig vom gezeigten Beispiel abweichen.<\/p>\n","protected":false},"excerpt":{"rendered":"<p>Perfekt f\u00fcr Windspiele | 5 L\u00e4ngen<\/p>\n","protected":false},"featured_media":40930,"comment_status":"closed","ping_status":"closed","template":"","meta":{"_acf_changed":false},"product_brand":[],"product_cat":[2177,1348,2712,1403],"product_tag":[],"class_list":{"0":"post-40938","1":"product","2":"type-product","3":"status-publish","4":"has-post-thumbnail","6":"product_cat-hq-kites","7":"product_cat-marken","8":"product_cat-windspiel-zubehor","9":"product_cat-windspiele","11":"first","12":"instock","13":"sale","14":"taxable","15":"shipping-taxable","16":"purchasable","17":"product-type-variable"},"acf":[],"_links":{"self":[{"href":"https:\/\/www.wepaflyer.com\/de\/wp-json\/wp\/v2\/product\/40938","targetHints":{"allow":["GET"]}}],"collection":[{"href":"https:\/\/www.wepaflyer.com\/de\/wp-json\/wp\/v2\/product"}],"about":[{"href":"https:\/\/www.wepaflyer.com\/de\/wp-json\/wp\/v2\/types\/product"}],"replies":[{"embeddable":true,"href":"https:\/\/www.wepaflyer.com\/de\/wp-json\/wp\/v2\/comments?post=40938"}],"wp:featuredmedia":[{"embeddable":true,"href":"https:\/\/www.wepaflyer.com\/de\/wp-json\/wp\/v2\/media\/40930"}],"wp:attachment":[{"href":"https:\/\/www.wepaflyer.com\/de\/wp-json\/wp\/v2\/media?parent=40938"}],"wp:term":[{"taxonomy":"product_brand","embeddable":true,"href":"https:\/\/www.wepaflyer.com\/de\/wp-json\/wp\/v2\/product_brand?post=40938"},{"taxonomy":"product_cat","embeddable":true,"href":"https:\/\/www.wepaflyer.com\/de\/wp-json\/wp\/v2\/product_cat?post=40938"},{"taxonomy":"product_tag","embeddable":true,"href":"https:\/\/www.wepaflyer.com\/de\/wp-json\/wp\/v2\/product_tag?post=40938"}],"curies":[{"name":"wp","href":"https:\/\/api.w.org\/{rel}","templated":true}]}}