{"id":37394,"date":"2025-05-02T12:06:13","date_gmt":"2025-05-02T10:06:13","guid":{"rendered":"https:\/\/www.wepaflyer.com\/?post_type=product&#038;p=37394"},"modified":"2026-02-03T17:56:39","modified_gmt":"2026-02-03T16:56:39","slug":"hq-sleddy-pony","status":"publish","type":"product","link":"https:\/\/www.wepaflyer.com\/de\/produkt\/hq-sleddy-pony\/","title":{"rendered":"HQ Sleddy Pony"},"content":{"rendered":"<h3><span>HQ SLEDDY PONY<\/span><\/h3>\n<h4><span>Stabloser RAM-AIR Schlittendrachen | 76 x 50 cm. | R2F<\/span><\/h4>\n<p><span>Gro\u00dfer Schlittendrachen nach dem Rammy-Air-Prinzip, d.h. mit 2 Tunneln zur Stabilisierung. Ausgestattet mit verschiedenen applizierten (aufgen\u00e4hten) Motiven, teilweise bedruckt. Dank der 2 Stabilisierungstunnel fliegen die HQ Sleddy Kites deutlich stabiler als ein einfacher Schlittendrachen und bleiben auch bei starkem Wind relativ ruhig am Himmel. Mit diesen Schlittendrachen werden Gro\u00df und Klein viel Spa\u00df haben. Idealer Stranddrachen, denn Sie lassen ihn oben, befestigen ihn an Ihrem Sonnenschirm und er bleibt oben, bis Sie ihn wieder einholen. Der HQ Sleddy ist sehr solide und nahezu unzerst\u00f6rbar. Geeignet f\u00fcr alle Altersgruppen.<\/span><\/p>\n<p><span>Der Drachen wird R2F (Ready-to-Fly) mit 60 Metern 17-kg-Drachenschnur geliefert. auf Griff und 2 angen\u00e4hte Schw\u00e4nze. Hergestellt aus Ripstop-Polyestergewebe und in der Farbe und dem Design wie abgebildet. Fliegt am besten bei 2\u20136 Bft.<\/span><\/p>\n<p><span>Einzeln verpackt in einer sch\u00f6nen Strandtasche mit Rei\u00dfverschluss und Aluminiumclip zum einfachen Anbringen an Ihren Hoseng\u00fcrtel.<\/span><\/p>\n","protected":false},"excerpt":{"rendered":"<p><span>Stabloser RAM-AIR Schlittendrachen | 76 x 50 cm. | R2F<\/span><\/p>\n","protected":false},"featured_media":37391,"comment_status":"closed","ping_status":"closed","template":"","meta":{"_acf_changed":false},"product_brand":[],"product_cat":[1396,2177,2184,1348,1384],"product_tag":[],"class_list":{"0":"post-37394","1":"product","2":"type-product","3":"status-publish","4":"has-post-thumbnail","6":"product_cat-drachen","7":"product_cat-hq-kites","8":"product_cat-kinderdrachen","9":"product_cat-marken","10":"product_cat-sale","12":"first","13":"instock","14":"sale","15":"taxable","16":"shipping-taxable","17":"purchasable","18":"product-type-simple"},"acf":[],"_links":{"self":[{"href":"https:\/\/www.wepaflyer.com\/de\/wp-json\/wp\/v2\/product\/37394","targetHints":{"allow":["GET"]}}],"collection":[{"href":"https:\/\/www.wepaflyer.com\/de\/wp-json\/wp\/v2\/product"}],"about":[{"href":"https:\/\/www.wepaflyer.com\/de\/wp-json\/wp\/v2\/types\/product"}],"replies":[{"embeddable":true,"href":"https:\/\/www.wepaflyer.com\/de\/wp-json\/wp\/v2\/comments?post=37394"}],"wp:featuredmedia":[{"embeddable":true,"href":"https:\/\/www.wepaflyer.com\/de\/wp-json\/wp\/v2\/media\/37391"}],"wp:attachment":[{"href":"https:\/\/www.wepaflyer.com\/de\/wp-json\/wp\/v2\/media?parent=37394"}],"wp:term":[{"taxonomy":"product_brand","embeddable":true,"href":"https:\/\/www.wepaflyer.com\/de\/wp-json\/wp\/v2\/product_brand?post=37394"},{"taxonomy":"product_cat","embeddable":true,"href":"https:\/\/www.wepaflyer.com\/de\/wp-json\/wp\/v2\/product_cat?post=37394"},{"taxonomy":"product_tag","embeddable":true,"href":"https:\/\/www.wepaflyer.com\/de\/wp-json\/wp\/v2\/product_tag?post=37394"}],"curies":[{"name":"wp","href":"https:\/\/api.w.org\/{rel}","templated":true}]}}