{"id":35154,"date":"2025-04-23T17:37:15","date_gmt":"2025-04-23T15:37:15","guid":{"rendered":"https:\/\/www.wepaflyer.com\/?post_type=product&#038;p=35154"},"modified":"2026-01-21T13:30:20","modified_gmt":"2026-01-21T12:30:20","slug":"drachenschwanz-pe-uni-25-meter","status":"publish","type":"product","link":"https:\/\/www.wepaflyer.com\/de\/produkt\/drachenschwanz-pe-uni-25-meter\/","title":{"rendered":"Drachenschwanz PE-UNI 2,5 Meter"},"content":{"rendered":"<h3 id=\"tw-target-text\" class=\"tw-data-text tw-text-large tw-ta\" dir=\"ltr\" data-placeholder=\"Vertaling\" aria-label=\"Vertaalde tekst: DRACHENSCHWANZ PE-UNI 2,5 Meter\nUNI-farbiger PE-Drachenschwanz in verschiedenen Farben | 250 cm\nDiese 250 cm langen einfarbigen PE-Schw\u00e4nze k\u00f6nnen \u00fcberall und jederzeit verwendet werden, sind jedoch haupts\u00e4chlich f\u00fcr kleine 1-Leiner-Drachen gedacht. Auch als Dekoband sehr sch\u00f6n.\n\nDiese Schw\u00e4nze sind in vielen Farben erh\u00e4ltlich, aber nicht alle Farben sind immer auf Lager. Bitte geben Sie bei Ihrer Bestellung Ihren Farbwunsch an, dieser wird von uns stets ber\u00fccksichtigt.\" data-ved=\"2ahUKEwizsrmlgO6MAxWQhv0HHWEZH1kQ3ewLegQICBAV\"><span class=\"Y2IQFc\" lang=\"de\">DRACHENSCHWANZ PE-UNI 2,5 Meter <\/span><\/h3>\n<h5 class=\"tw-data-text tw-text-large tw-ta\" dir=\"ltr\" data-placeholder=\"Vertaling\" aria-label=\"Vertaalde tekst: DRACHENSCHWANZ PE-UNI 2,5 Meter\nUNI-farbiger PE-Drachenschwanz in verschiedenen Farben | 250 cm\nDiese 250 cm langen einfarbigen PE-Schw\u00e4nze k\u00f6nnen \u00fcberall und jederzeit verwendet werden, sind jedoch haupts\u00e4chlich f\u00fcr kleine 1-Leiner-Drachen gedacht. Auch als Dekoband sehr sch\u00f6n.\n\nDiese Schw\u00e4nze sind in vielen Farben erh\u00e4ltlich, aber nicht alle Farben sind immer auf Lager. Bitte geben Sie bei Ihrer Bestellung Ihren Farbwunsch an, dieser wird von uns stets ber\u00fccksichtigt.\" data-ved=\"2ahUKEwizsrmlgO6MAxWQhv0HHWEZH1kQ3ewLegQICBAV\"><span class=\"Y2IQFc\" lang=\"de\">UNI-farbiger PE-Drachenschwanz in verschiedenen Farben | 250 cm <\/span><\/h5>\n<p class=\"tw-data-text tw-text-large tw-ta\" dir=\"ltr\" data-placeholder=\"Vertaling\" aria-label=\"Vertaalde tekst: DRACHENSCHWANZ PE-UNI 2,5 Meter\nUNI-farbiger PE-Drachenschwanz in verschiedenen Farben | 250 cm\nDiese 250 cm langen einfarbigen PE-Schw\u00e4nze k\u00f6nnen \u00fcberall und jederzeit verwendet werden, sind jedoch haupts\u00e4chlich f\u00fcr kleine 1-Leiner-Drachen gedacht. Auch als Dekoband sehr sch\u00f6n.\n\nDiese Schw\u00e4nze sind in vielen Farben erh\u00e4ltlich, aber nicht alle Farben sind immer auf Lager. Bitte geben Sie bei Ihrer Bestellung Ihren Farbwunsch an, dieser wird von uns stets ber\u00fccksichtigt.\" data-ved=\"2ahUKEwizsrmlgO6MAxWQhv0HHWEZH1kQ3ewLegQICBAV\"><span class=\"Y2IQFc\" lang=\"de\">Diese 250 cm langen einfarbigen PE-Schw\u00e4nze k\u00f6nnen \u00fcberall und jederzeit verwendet werden, sind jedoch haupts\u00e4chlich f\u00fcr kleine 1-Leiner-Drachen gedacht. Auch als Dekoband sehr sch\u00f6n. <\/span><\/p>\n<p class=\"tw-data-text tw-text-large tw-ta\" dir=\"ltr\" data-placeholder=\"Vertaling\" aria-label=\"Vertaalde tekst: DRACHENSCHWANZ PE-UNI 2,5 Meter\nUNI-farbiger PE-Drachenschwanz in verschiedenen Farben | 250 cm\nDiese 250 cm langen einfarbigen PE-Schw\u00e4nze k\u00f6nnen \u00fcberall und jederzeit verwendet werden, sind jedoch haupts\u00e4chlich f\u00fcr kleine 1-Leiner-Drachen gedacht. Auch als Dekoband sehr sch\u00f6n.\n\nDiese Schw\u00e4nze sind in vielen Farben erh\u00e4ltlich, aber nicht alle Farben sind immer auf Lager. Bitte geben Sie bei Ihrer Bestellung Ihren Farbwunsch an, dieser wird von uns stets ber\u00fccksichtigt.\" data-ved=\"2ahUKEwizsrmlgO6MAxWQhv0HHWEZH1kQ3ewLegQICBAV\"><span class=\"Y2IQFc\" lang=\"de\">Diese Schw\u00e4nze sind in vielen Farben erh\u00e4ltlich, aber nicht alle Farben sind immer auf Lager. Bitte geben Sie bei Ihrer Bestellung Ihren Farbwunsch an, dieser wird von uns stets ber\u00fccksichtigt.<\/span><\/p>\n","protected":false},"excerpt":{"rendered":"<p class=\"tw-data-text tw-text-large tw-ta\" dir=\"ltr\" data-placeholder=\"Vertaling\" aria-label=\"Vertaalde tekst: DRACHENSCHWANZ PE-UNI 2,5 Meter\nUNI-farbiger PE-Drachenschwanz in verschiedenen Farben | 250 cm\nDiese 250 cm langen einfarbigen PE-Schw\u00e4nze k\u00f6nnen \u00fcberall und jederzeit verwendet werden, sind jedoch haupts\u00e4chlich f\u00fcr kleine 1-Leiner-Drachen gedacht. Auch als Dekoband sehr sch\u00f6n.\n\nDiese Schw\u00e4nze sind in vielen Farben erh\u00e4ltlich, aber nicht alle Farben sind immer auf Lager. Bitte geben Sie bei Ihrer Bestellung Ihren Farbwunsch an, dieser wird von uns stets ber\u00fccksichtigt.\" data-ved=\"2ahUKEwizsrmlgO6MAxWQhv0HHWEZH1kQ3ewLegQICBAV\"><span class=\"Y2IQFc\" lang=\"de\">UNI-farbiger PE-Drachenschwanz in verschiedenen Farben | 250 cm<\/span><\/p>\n","protected":false},"featured_media":35151,"comment_status":"closed","ping_status":"closed","template":"","meta":{"_acf_changed":false},"product_brand":[],"product_cat":[1385,2183,1348,1384,2165],"product_tag":[],"class_list":{"0":"post-35154","1":"product","2":"type-product","3":"status-publish","4":"has-post-thumbnail","6":"product_cat-drachen-zubehor","7":"product_cat-kite-zubehor","8":"product_cat-marken","9":"product_cat-sale","10":"product_cat-wepa","12":"first","13":"instock","14":"sale","15":"taxable","16":"shipping-taxable","17":"purchasable","18":"product-type-simple"},"acf":[],"_links":{"self":[{"href":"https:\/\/www.wepaflyer.com\/de\/wp-json\/wp\/v2\/product\/35154","targetHints":{"allow":["GET"]}}],"collection":[{"href":"https:\/\/www.wepaflyer.com\/de\/wp-json\/wp\/v2\/product"}],"about":[{"href":"https:\/\/www.wepaflyer.com\/de\/wp-json\/wp\/v2\/types\/product"}],"replies":[{"embeddable":true,"href":"https:\/\/www.wepaflyer.com\/de\/wp-json\/wp\/v2\/comments?post=35154"}],"wp:featuredmedia":[{"embeddable":true,"href":"https:\/\/www.wepaflyer.com\/de\/wp-json\/wp\/v2\/media\/35151"}],"wp:attachment":[{"href":"https:\/\/www.wepaflyer.com\/de\/wp-json\/wp\/v2\/media?parent=35154"}],"wp:term":[{"taxonomy":"product_brand","embeddable":true,"href":"https:\/\/www.wepaflyer.com\/de\/wp-json\/wp\/v2\/product_brand?post=35154"},{"taxonomy":"product_cat","embeddable":true,"href":"https:\/\/www.wepaflyer.com\/de\/wp-json\/wp\/v2\/product_cat?post=35154"},{"taxonomy":"product_tag","embeddable":true,"href":"https:\/\/www.wepaflyer.com\/de\/wp-json\/wp\/v2\/product_tag?post=35154"}],"curies":[{"name":"wp","href":"https:\/\/api.w.org\/{rel}","templated":true}]}}