{"id":34039,"date":"2025-04-19T16:51:59","date_gmt":"2025-04-19T14:51:59","guid":{"rendered":"https:\/\/www.wepaflyer.com\/?post_type=product&#038;p=34039"},"modified":"2026-02-03T11:20:44","modified_gmt":"2026-02-03T10:20:44","slug":"beachkite-butterfly","status":"publish","type":"product","link":"https:\/\/www.wepaflyer.com\/de\/produkt\/beachkite-butterfly\/","title":{"rendered":"Beachkite BUTTERFLY"},"content":{"rendered":"<h3>BEACHKITE BUTTERFLY\/SCHMETTERLING<\/h3>\n<h4>Schlittendrachen auf Ram-Air-Prinzip | 74 x 47 cm. | R2F<strong style=\"color: #333333; font-size: 15px;\">\u00a0<\/strong><\/h4>\n<p>Gro\u00dfer Schlittendrachen auf Rammy-Air-Prinzip, d.h. mit 2 Tunneln zur Stabilisierung. Versehen mit verschiedenen Applikations- (Aufn\u00e4h-)Motiven, teilweise bedruckt. Durch die 2 Stabilisierungstunnel fliegen die Beachkites deutlich stabiler als ein einfacher Schlittendrachen und bleiben auch bei starkem Wind relativ ruhig am Himmel. Mit den Beachkites werden Jung und Alt viel Spa\u00df haben.<\/p>\n<p>Idealer Stranddrachen, denn Sie starten ihn, befestigen ihn an Ihrem Sonnenschirm und er bleibt oben, bis Sie ihn wieder einholen. Der Beachkite ist sehr robust und nahezu unzerst\u00f6rbar. Geeignet f\u00fcr alle Altersgruppen.<\/p>\n<p>Der Drachen wird R2F (Ready-to-Fly) mit Drachenschnur auf Griff und 2 angen\u00e4hten Schw\u00e4nzen geliefert. Hergestellt aus Spinnakertuch und in den Farben und dem Design wie abgebildet.<br \/>\nEinzeln verpackt in einer sch\u00f6nen Strandtasche mit Rei\u00dfverschluss und Aluminiumhaken zum Befestigen am G\u00fcrtel\u2026.<\/p>\n","protected":false},"excerpt":{"rendered":"<p>Schlittendrachen auf Ram-Air-Prinzip | 74 x 47 cm. | R2F<strong style=\"color: #333333; font-size: 15px;\">\u00a0<\/strong><\/p>\n","protected":false},"featured_media":34030,"comment_status":"closed","ping_status":"closed","template":"","meta":{"_acf_changed":false},"product_brand":[],"product_cat":[2187,1396,2184,1348],"product_tag":[],"class_list":{"0":"post-34039","1":"product","2":"type-product","3":"status-publish","4":"has-post-thumbnail","6":"product_cat-colours-in-motion","7":"product_cat-drachen","8":"product_cat-kinderdrachen","9":"product_cat-marken","11":"first","12":"instock","13":"sale","14":"taxable","15":"shipping-taxable","16":"purchasable","17":"product-type-simple"},"acf":[],"_links":{"self":[{"href":"https:\/\/www.wepaflyer.com\/de\/wp-json\/wp\/v2\/product\/34039","targetHints":{"allow":["GET"]}}],"collection":[{"href":"https:\/\/www.wepaflyer.com\/de\/wp-json\/wp\/v2\/product"}],"about":[{"href":"https:\/\/www.wepaflyer.com\/de\/wp-json\/wp\/v2\/types\/product"}],"replies":[{"embeddable":true,"href":"https:\/\/www.wepaflyer.com\/de\/wp-json\/wp\/v2\/comments?post=34039"}],"wp:featuredmedia":[{"embeddable":true,"href":"https:\/\/www.wepaflyer.com\/de\/wp-json\/wp\/v2\/media\/34030"}],"wp:attachment":[{"href":"https:\/\/www.wepaflyer.com\/de\/wp-json\/wp\/v2\/media?parent=34039"}],"wp:term":[{"taxonomy":"product_brand","embeddable":true,"href":"https:\/\/www.wepaflyer.com\/de\/wp-json\/wp\/v2\/product_brand?post=34039"},{"taxonomy":"product_cat","embeddable":true,"href":"https:\/\/www.wepaflyer.com\/de\/wp-json\/wp\/v2\/product_cat?post=34039"},{"taxonomy":"product_tag","embeddable":true,"href":"https:\/\/www.wepaflyer.com\/de\/wp-json\/wp\/v2\/product_tag?post=34039"}],"curies":[{"name":"wp","href":"https:\/\/api.w.org\/{rel}","templated":true}]}}