{"id":31340,"date":"2025-04-07T16:46:49","date_gmt":"2025-04-07T14:46:49","guid":{"rendered":"https:\/\/www.wepaflyer.com\/?post_type=product&#038;p=31340"},"modified":"2026-02-03T16:58:58","modified_gmt":"2026-02-03T15:58:58","slug":"hq-delta-charly-2","status":"publish","type":"product","link":"https:\/\/www.wepaflyer.com\/de\/produkt\/hq-delta-charly-2\/","title":{"rendered":"HQ Delta Charly"},"content":{"rendered":"<h3>HQ DELTA CHARLY | DESIGN DELTADRACHEN<\/h3>\n<h4>R2F | 140 x 100 cm. | Mit 6 langen Schweifen | Fliegt bei allen Winden<\/h4>\n<p>Die HQ Deltas sind ideal f\u00fcr Fl\u00fcge bei leichtem Wind geeignet. Sie haben alle ein ruhiges Flugverhalten und ziehen nicht zu stark, daher auch f\u00fcr junge Drachenflieger geeignet. Die meisten Deltas aus dieser HQ-Serie verf\u00fcgen \u00fcber Applikationen (Ann\u00e4hteile) und einige \u00fcber extra Schlaufen, damit man Schw\u00e4nze oder andere Dekorationen anbringen kann.<\/p>\n<p>Diese Delta-Drachen fliegen am besten bei Windst\u00e4rken zwischen 2 und 5 Bft., sie k\u00f6nnen sich aber auch bei sehr wenig Wind oder einer starken Brise behaupten.<\/p>\n<p>Der Drachen wird R2F (Ready-to-Fly) mit 40 m 17 kg Drachenschnur auf Drachenring geliefert. Der <strong>HQ Delta Charly<\/strong> besteht aus robustem Ripstop-Polyester mit 4 mm. Gest\u00e4nge aus Fiberglas und wird in der abgebildeten Farbe und Motiv geliefert.<br \/>\nBei diesem extrabreiten Modell sind 6 bunte Schw\u00e4nze angen\u00e4ht.<br \/>\nEinzeln verpackt in einer stabilen H\u00fclle.<\/p>\n<p>Die Spezifikationen des <strong>Delta Charly<\/strong> sind:<\/p>\n<ul>\n<li><strong>Breite: 140\u00a0cm<\/strong><\/li>\n<li><strong>H\u00f6he: 100\u00a0cm<\/strong><\/li>\n<li><strong>Segel: Polyester<\/strong><\/li>\n<li><strong>St\u00e4be: Fiberglas 4 mm<\/strong><\/li>\n<li><strong>Schnur: Polyester 17 kp, 40 m auf Spule<\/strong><\/li>\n<li><strong>Wind (Bft.): 2-5 (6-38 km\/h, 4-24 mph)<\/strong><\/li>\n<li><strong>Alter: ab 5 Jahre<\/strong><\/li>\n<\/ul>\n<p><strong><em>Beim Kinderdrachentest der S\u00fcddeutschen Zeitung im vergangenen Herbst ging der Delta Charly \u00fcberzeugend als Sieger hervor&#8230;ein echter Spitzendrachen also!<\/em><\/strong><\/p>\n","protected":false},"excerpt":{"rendered":"<p>R2F | 140 x 100 cm. | Mit 6 langen Schweifen | Fliegt bei allen Winden<\/p>\n","protected":false},"featured_media":31331,"comment_status":"closed","ping_status":"closed","template":"","meta":{"_acf_changed":false},"product_brand":[],"product_cat":[1396,2177,2184,1348],"product_tag":[],"class_list":{"0":"post-31340","1":"product","2":"type-product","3":"status-publish","4":"has-post-thumbnail","6":"product_cat-drachen","7":"product_cat-hq-kites","8":"product_cat-kinderdrachen","9":"product_cat-marken","11":"first","12":"instock","13":"sale","14":"taxable","15":"shipping-taxable","16":"purchasable","17":"product-type-simple"},"acf":[],"_links":{"self":[{"href":"https:\/\/www.wepaflyer.com\/de\/wp-json\/wp\/v2\/product\/31340","targetHints":{"allow":["GET"]}}],"collection":[{"href":"https:\/\/www.wepaflyer.com\/de\/wp-json\/wp\/v2\/product"}],"about":[{"href":"https:\/\/www.wepaflyer.com\/de\/wp-json\/wp\/v2\/types\/product"}],"replies":[{"embeddable":true,"href":"https:\/\/www.wepaflyer.com\/de\/wp-json\/wp\/v2\/comments?post=31340"}],"wp:featuredmedia":[{"embeddable":true,"href":"https:\/\/www.wepaflyer.com\/de\/wp-json\/wp\/v2\/media\/31331"}],"wp:attachment":[{"href":"https:\/\/www.wepaflyer.com\/de\/wp-json\/wp\/v2\/media?parent=31340"}],"wp:term":[{"taxonomy":"product_brand","embeddable":true,"href":"https:\/\/www.wepaflyer.com\/de\/wp-json\/wp\/v2\/product_brand?post=31340"},{"taxonomy":"product_cat","embeddable":true,"href":"https:\/\/www.wepaflyer.com\/de\/wp-json\/wp\/v2\/product_cat?post=31340"},{"taxonomy":"product_tag","embeddable":true,"href":"https:\/\/www.wepaflyer.com\/de\/wp-json\/wp\/v2\/product_tag?post=31340"}],"curies":[{"name":"wp","href":"https:\/\/api.w.org\/{rel}","templated":true}]}}