{"id":28947,"date":"2025-03-14T13:14:12","date_gmt":"2025-03-14T12:14:12","guid":{"rendered":"https:\/\/www.wepaflyer.com\/?post_type=product&#038;p=28947"},"modified":"2026-05-04T12:40:32","modified_gmt":"2026-05-04T10:40:32","slug":"alu-muffen-mit-anschlag","status":"publish","type":"product","link":"https:\/\/www.wepaflyer.com\/de\/produkt\/alu-muffen-mit-anschlag\/","title":{"rendered":"ALU Muffen mit Anschlag"},"content":{"rendered":"<h3>ALU-VERBINDER \/ MUFFEN mit Anschlag | In 3 Durchmessern<\/h3>\n<h5>ALU H\u00fclse + Anschlag | 3 Durchmesser<\/h5>\n<p>Aluminium Verbinder f\u00fcr St\u00f6cke, St\u00e4be und Rohre in 3 Durchmessern:<\/p>\n<ul>\n<li><strong>\u00d8 11x8mm<\/strong><\/li>\n<li><strong>\u00d8 12\u00d78,9mm<\/strong><\/li>\n<li><strong>\u00d8 13x10mm<\/strong><\/li>\n<li><strong>Au\u00dfen- x Innendurchmesser ist angegeben<\/strong><\/li>\n<\/ul>\n<p>Diese ALU-H\u00fclsen haben einen Anschlag in der Mitte, was bedeutet, dass die Stange nicht vollst\u00e4ndig durch die Muffe geschoben werden kann, sondern dass sie durch den \u201eAnschlag\u201c auf halber Strecke durch die Muffe blockiert wird. Sie k\u00f6nnen also nicht hindurchschieben.<\/p>\n<p>Diese Aluminiumverbinder werden h\u00e4ufig im Drachenbau verwendet, eignen sich aber auch hervorragend f\u00fcr den Modellbau und viele andere Zwecke.<\/p>\n<p>Diese Verbindungsmuffe ist in Aluminiumfarbe.<\/p>\n","protected":false},"excerpt":{"rendered":"<p>ALU H\u00fclse + Anschlag | 3 Durchmesser<\/p>\n","protected":false},"featured_media":28936,"comment_status":"closed","ping_status":"closed","template":"","meta":{"_acf_changed":false},"product_brand":[],"product_cat":[1385,2174,1348,1384,2165],"product_tag":[3636],"class_list":{"0":"post-28947","1":"product","2":"type-product","3":"status-publish","4":"has-post-thumbnail","6":"product_cat-drachen-zubehor","7":"product_cat-drachenteile-metall","8":"product_cat-marken","9":"product_cat-sale","10":"product_cat-wepa","11":"product_tag-onderdelen","13":"first","14":"instock","15":"sale","16":"taxable","17":"shipping-taxable","18":"purchasable","19":"product-type-variable"},"acf":[],"_links":{"self":[{"href":"https:\/\/www.wepaflyer.com\/de\/wp-json\/wp\/v2\/product\/28947","targetHints":{"allow":["GET"]}}],"collection":[{"href":"https:\/\/www.wepaflyer.com\/de\/wp-json\/wp\/v2\/product"}],"about":[{"href":"https:\/\/www.wepaflyer.com\/de\/wp-json\/wp\/v2\/types\/product"}],"replies":[{"embeddable":true,"href":"https:\/\/www.wepaflyer.com\/de\/wp-json\/wp\/v2\/comments?post=28947"}],"wp:featuredmedia":[{"embeddable":true,"href":"https:\/\/www.wepaflyer.com\/de\/wp-json\/wp\/v2\/media\/28936"}],"wp:attachment":[{"href":"https:\/\/www.wepaflyer.com\/de\/wp-json\/wp\/v2\/media?parent=28947"}],"wp:term":[{"taxonomy":"product_brand","embeddable":true,"href":"https:\/\/www.wepaflyer.com\/de\/wp-json\/wp\/v2\/product_brand?post=28947"},{"taxonomy":"product_cat","embeddable":true,"href":"https:\/\/www.wepaflyer.com\/de\/wp-json\/wp\/v2\/product_cat?post=28947"},{"taxonomy":"product_tag","embeddable":true,"href":"https:\/\/www.wepaflyer.com\/de\/wp-json\/wp\/v2\/product_tag?post=28947"}],"curies":[{"name":"wp","href":"https:\/\/api.w.org\/{rel}","templated":true}]}}