{"id":28557,"date":"2025-03-08T14:37:12","date_gmt":"2025-03-08T13:37:12","guid":{"rendered":"https:\/\/www.wepaflyer.com\/?post_type=product&#038;p=28557"},"modified":"2026-01-21T13:28:43","modified_gmt":"2026-01-21T12:28:43","slug":"velcro-fuer-winder-l","status":"publish","type":"product","link":"https:\/\/www.wepaflyer.com\/de\/produkt\/velcro-fuer-winder-l\/","title":{"rendered":"VELCRO f\u00fcr WINDER L"},"content":{"rendered":"<h3>VELCRO f\u00fcr WINDER \u2013 L<\/h3>\n<h5>Wickelgriff-Zubeh\u00f6r | Klettband 23cm<strong>\u00a0<\/strong><\/h5>\n<p>Wenn man die Drachenschn\u00fcre schnell auf den Wickelgriff gewickelt hat, kommt es manchmal vor, dass sie ziemlich locker drauf liegen, weil sie nicht fest genug gewickelt sind. Dann ist es ideal, ein Velcroband oder Klettverschluss um den Wickelgriff und die Drachenleinen zu wickeln und festzuziehen, damit die Schn\u00fcre flach und kompakt auf dem Wickelgriff liegen und sich w\u00e4hrend des Transports an nichts verfangen.<\/p>\n<p>N\u00fctzliches und handliches Zubeh\u00f6r. Erh\u00e4ltlich in rot und schwarz.<\/p>\n<p>Aus Klettverschlussmaterial (Klettkombination Haken und Schlaufen).<\/p>\n<p><strong>Staffelrabatte<\/strong>; bei Abnahme von gr\u00f6\u00dferen Mengen bieten wir die folgenden Staffelrabatte an:<\/p>\n<ul>\n<li><strong>ab\u00a0 \u00a0 \u00a05 St\u00fcck: 5%<\/strong><\/li>\n<li><strong>ab\u00a0 \u00a010 St\u00fcck: 7,5%<\/strong><\/li>\n<li><strong>ab\u00a0 \u00a025 St\u00fcck: 10%<\/strong><\/li>\n<\/ul>\n<p>Der Staffelrabatt wird sofort im Einkaufskorb verrechnet.<\/p>\n","protected":false},"excerpt":{"rendered":"<p>Wickelgriff-Zubeh\u00f6r | Klettband 23cm<strong>\u00a0<\/strong><\/p>\n","protected":false},"featured_media":28637,"comment_status":"closed","ping_status":"closed","template":"","meta":{"_acf_changed":false},"product_brand":[],"product_cat":[2159,2183,2172,1348],"product_tag":[],"class_list":{"0":"post-28557","1":"product","2":"type-product","3":"status-publish","4":"has-post-thumbnail","6":"product_cat-climax","7":"product_cat-kite-zubehor","8":"product_cat-drachenleinen","9":"product_cat-marken","11":"first","12":"instock","13":"taxable","14":"shipping-taxable","15":"purchasable","16":"product-type-simple"},"acf":[],"_links":{"self":[{"href":"https:\/\/www.wepaflyer.com\/de\/wp-json\/wp\/v2\/product\/28557","targetHints":{"allow":["GET"]}}],"collection":[{"href":"https:\/\/www.wepaflyer.com\/de\/wp-json\/wp\/v2\/product"}],"about":[{"href":"https:\/\/www.wepaflyer.com\/de\/wp-json\/wp\/v2\/types\/product"}],"replies":[{"embeddable":true,"href":"https:\/\/www.wepaflyer.com\/de\/wp-json\/wp\/v2\/comments?post=28557"}],"wp:featuredmedia":[{"embeddable":true,"href":"https:\/\/www.wepaflyer.com\/de\/wp-json\/wp\/v2\/media\/28637"}],"wp:attachment":[{"href":"https:\/\/www.wepaflyer.com\/de\/wp-json\/wp\/v2\/media?parent=28557"}],"wp:term":[{"taxonomy":"product_brand","embeddable":true,"href":"https:\/\/www.wepaflyer.com\/de\/wp-json\/wp\/v2\/product_brand?post=28557"},{"taxonomy":"product_cat","embeddable":true,"href":"https:\/\/www.wepaflyer.com\/de\/wp-json\/wp\/v2\/product_cat?post=28557"},{"taxonomy":"product_tag","embeddable":true,"href":"https:\/\/www.wepaflyer.com\/de\/wp-json\/wp\/v2\/product_tag?post=28557"}],"curies":[{"name":"wp","href":"https:\/\/api.w.org\/{rel}","templated":true}]}}