{"id":28539,"date":"2025-03-08T13:03:51","date_gmt":"2025-03-08T12:03:51","guid":{"rendered":"https:\/\/www.wepaflyer.com\/?post_type=product&#038;p=28539"},"modified":"2026-01-21T13:28:37","modified_gmt":"2026-01-21T12:28:37","slug":"egg-winder-8-eight","status":"publish","type":"product","link":"https:\/\/www.wepaflyer.com\/de\/produkt\/egg-winder-8-eight\/","title":{"rendered":"EGG Winder 8 (Eight)"},"content":{"rendered":"<h3>EGG WINDER 8 (EIGHT) \u2013 L<\/h3>\n<h5>Wickelgriff | 23cm breit<strong>\u00a0<\/strong><\/h5>\n<p>Winder (Wickelgriff) f\u00fcr 2- oder 4-Leiner-Lenkdrachen. Dieses Modell ist haupts\u00e4chlich f\u00fcr dickere Drachenschn\u00fcre gedacht, f\u00fcr d\u00fcnnere Schn\u00fcre w\u00e4hlt man besser einen Winder &#8211; S.<br \/>\nDer Name 8 (eight) stammt von der Art und Weise, wie die Drachenleinen auf dem Winder gewickelt werden, und zwar in Form einer Acht (8). Diese Wicklungsmethode verhindert ein Verdrehen der Leinen und garantiert eine l\u00e4ngere Lebensdauer.<\/p>\n<p>Erh\u00e4ltlich in blau wie abgebildet. Aus robustem PE-Material.<\/p>\n","protected":false},"excerpt":{"rendered":"<p>Wickelgriff | 23cm breit<strong>\u00a0<\/strong><\/p>\n","protected":false},"featured_media":28533,"comment_status":"closed","ping_status":"closed","template":"","meta":{"_acf_changed":false},"product_brand":[],"product_cat":[2190,2172,1384],"product_tag":[],"class_list":{"0":"post-28539","1":"product","2":"type-product","3":"status-publish","4":"has-post-thumbnail","6":"product_cat-drachengriffe","7":"product_cat-drachenleinen","8":"product_cat-sale","10":"first","11":"instock","12":"sale","13":"taxable","14":"shipping-taxable","15":"purchasable","16":"product-type-simple"},"acf":[],"_links":{"self":[{"href":"https:\/\/www.wepaflyer.com\/de\/wp-json\/wp\/v2\/product\/28539","targetHints":{"allow":["GET"]}}],"collection":[{"href":"https:\/\/www.wepaflyer.com\/de\/wp-json\/wp\/v2\/product"}],"about":[{"href":"https:\/\/www.wepaflyer.com\/de\/wp-json\/wp\/v2\/types\/product"}],"replies":[{"embeddable":true,"href":"https:\/\/www.wepaflyer.com\/de\/wp-json\/wp\/v2\/comments?post=28539"}],"wp:featuredmedia":[{"embeddable":true,"href":"https:\/\/www.wepaflyer.com\/de\/wp-json\/wp\/v2\/media\/28533"}],"wp:attachment":[{"href":"https:\/\/www.wepaflyer.com\/de\/wp-json\/wp\/v2\/media?parent=28539"}],"wp:term":[{"taxonomy":"product_brand","embeddable":true,"href":"https:\/\/www.wepaflyer.com\/de\/wp-json\/wp\/v2\/product_brand?post=28539"},{"taxonomy":"product_cat","embeddable":true,"href":"https:\/\/www.wepaflyer.com\/de\/wp-json\/wp\/v2\/product_cat?post=28539"},{"taxonomy":"product_tag","embeddable":true,"href":"https:\/\/www.wepaflyer.com\/de\/wp-json\/wp\/v2\/product_tag?post=28539"}],"curies":[{"name":"wp","href":"https:\/\/api.w.org\/{rel}","templated":true}]}}