{"id":28528,"date":"2025-03-08T12:23:54","date_gmt":"2025-03-08T11:23:54","guid":{"rendered":"https:\/\/www.wepaflyer.com\/?post_type=product&#038;p=28528"},"modified":"2026-05-04T12:38:12","modified_gmt":"2026-05-04T10:38:12","slug":"climax-winder-s-wickelgriff","status":"publish","type":"product","link":"https:\/\/www.wepaflyer.com\/de\/produkt\/climax-winder-s-wickelgriff\/","title":{"rendered":"Climax Winder S Wickelgriff"},"content":{"rendered":"<h3>CLIMAX WINDER \u2013 S<\/h3>\n<h5>Wickelgriff | 17cm breit<strong>\u00a0<\/strong><\/h5>\n<p>Winder (Wickelgriff) f\u00fcr 2- oder 4-fache Lenkschn\u00fcre von Lenkdrachen. Dieses Modell ist gedacht f\u00fcr d\u00fcnnere Lenkschn\u00fcre, f\u00fcr dickere Schn\u00fcre w\u00e4hlst du den Climax Winder &#8211; L.<br \/>\nDie Climax Winder sind im Prinzip identisch an die Winder 8 (Eight), aber sind aus ein was anderem, flexiberem Material gefertigt als diese letztgenannten und haben mehr Aussparungen f\u00fcr Leinenabstimmung.<\/p>\n<p>Erh\u00e4ltlich in vielen Farben. Gefertigt aus robustem und flexibelem PE-Material.<\/p>\n<p><strong>Staffelrabatte<\/strong>; bei Abnahme von gr\u00f6\u00dferen Mengen bieten wir die folgenden Staffelrabatte an:<\/p>\n<ul>\n<li><strong>ab\u00a0 \u00a0 \u00a05 St\u00fcck: 5%<\/strong><\/li>\n<li><strong>ab\u00a0 \u00a010 St\u00fcck: 7,5%<\/strong><\/li>\n<li><strong>ab\u00a0 \u00a025 St\u00fcck: 10%<\/strong><\/li>\n<\/ul>\n<p><strong>\u00a0<\/strong>Der Staffelrabatt wird sofort im Einkaufskorb verrechnet.<\/p>\n","protected":false},"excerpt":{"rendered":"<p>Wickelgriff | 17cm breit<strong>\u00a0<\/strong><\/p>\n","protected":false},"featured_media":28631,"comment_status":"closed","ping_status":"closed","template":"","meta":{"_acf_changed":false},"product_brand":[],"product_cat":[2159,2190,2172,1348],"product_tag":[3637],"class_list":{"0":"post-28528","1":"product","2":"type-product","3":"status-publish","4":"has-post-thumbnail","6":"product_cat-climax","7":"product_cat-drachengriffe","8":"product_cat-drachenleinen","9":"product_cat-marken","10":"product_tag-accessoires","12":"first","13":"instock","14":"taxable","15":"shipping-taxable","16":"purchasable","17":"product-type-simple"},"acf":[],"_links":{"self":[{"href":"https:\/\/www.wepaflyer.com\/de\/wp-json\/wp\/v2\/product\/28528","targetHints":{"allow":["GET"]}}],"collection":[{"href":"https:\/\/www.wepaflyer.com\/de\/wp-json\/wp\/v2\/product"}],"about":[{"href":"https:\/\/www.wepaflyer.com\/de\/wp-json\/wp\/v2\/types\/product"}],"replies":[{"embeddable":true,"href":"https:\/\/www.wepaflyer.com\/de\/wp-json\/wp\/v2\/comments?post=28528"}],"wp:featuredmedia":[{"embeddable":true,"href":"https:\/\/www.wepaflyer.com\/de\/wp-json\/wp\/v2\/media\/28631"}],"wp:attachment":[{"href":"https:\/\/www.wepaflyer.com\/de\/wp-json\/wp\/v2\/media?parent=28528"}],"wp:term":[{"taxonomy":"product_brand","embeddable":true,"href":"https:\/\/www.wepaflyer.com\/de\/wp-json\/wp\/v2\/product_brand?post=28528"},{"taxonomy":"product_cat","embeddable":true,"href":"https:\/\/www.wepaflyer.com\/de\/wp-json\/wp\/v2\/product_cat?post=28528"},{"taxonomy":"product_tag","embeddable":true,"href":"https:\/\/www.wepaflyer.com\/de\/wp-json\/wp\/v2\/product_tag?post=28528"}],"curies":[{"name":"wp","href":"https:\/\/api.w.org\/{rel}","templated":true}]}}