{"id":28047,"date":"2025-03-01T11:25:43","date_gmt":"2025-03-01T10:25:43","guid":{"rendered":"https:\/\/www.wepaflyer.com\/?post_type=product&#038;p=28047"},"modified":"2026-05-04T15:55:49","modified_gmt":"2026-05-04T13:55:49","slug":"dimension-polyant-90d","status":"publish","type":"product","link":"https:\/\/www.wepaflyer.com\/de\/produkt\/dimension-polyant-90d\/","title":{"rendered":"DIMENSION-POLYANT 90D"},"content":{"rendered":"<h3 id=\"tw-target-text\" class=\"tw-data-text tw-text-large tw-ta\" dir=\"ltr\" data-placeholder=\"Vertaling\" aria-label=\"Vertaalde tekst: DP DIMENSION POLYANT: Ripstop-Nylongewebe 90D ROBUSTES SPINNAKER-TUCH | PRO LAUFMETER | 90 gr\/m\u00b2 | 160 cm Das Spinnaker- oder Ripstop-Nylontuch von Dimension-Polyant ist als hochwertiges Tuch bekannt. Dieses Tuch wird traditionell h\u00e4ufig im Segelsport eingesetzt, vor allem aufgrund seiner hohen Belastbarkeit, Strapazierf\u00e4higkeit und dem relativ hohen Gewicht pro m\u00b2, was diese Qualit\u00e4t sehr robust macht. Auf vielfachen Wunsch k\u00f6nnen wir diese Qualit\u00e4t nun vor\u00fcbergehend in den drei Hauptfarben Rot, Gelb und Blau in einer Stoffbreite von 160 cm anbieten. Bitte beachten!: Vor\u00fcbergehend bedeutet in diesem Fall wirklich vor\u00fcbergehend, da wir nicht mit Sicherheit sagen k\u00f6nnen, ob dieses DP-Tuch auch in Zukunft verf\u00fcgbar sein wird. Das Dimension-Polyant 90D ist ein sehr robustes Spinnakertuch von ausgezeichneter Qualit\u00e4t mit einem effektiven Nettogewicht von ca. 90 g\/m\u00b2. Es eignet sich sehr gut f\u00fcr die Herstellung aller Arten von Produkten, die Festigkeit und Robustheit erfordern, wie z. B. Segel, Taschen, Windschutzscheiben, Planen und \u00e4hnliche Artikel. Wenn Sie eine Bestellung aufgeben, w\u00e4hlen Sie im Warenkorb die entsprechende Farbnummer bzw. Wunschfarbe aus; Geben Sie dort auch die gew\u00fcnschte Meterzahl an.\" data-ved=\"2ahUKEwjHjvjE1uiLAxUVnf0HHWq7AZYQ3ewLegQICxAV\"><span class=\"Y2IQFc\" lang=\"de\">DP DIMENSION POLYANT: Ripstop-Nylontuch 90D <\/span><\/h3>\n<h5 class=\"tw-data-text tw-text-large tw-ta\" dir=\"ltr\" data-placeholder=\"Vertaling\" aria-label=\"Vertaalde tekst: DP DIMENSION POLYANT: Ripstop-Nylongewebe 90D ROBUSTES SPINNAKER-TUCH | PRO LAUFMETER | 90 gr\/m\u00b2 | 160 cm Das Spinnaker- oder Ripstop-Nylontuch von Dimension-Polyant ist als hochwertiges Tuch bekannt. Dieses Tuch wird traditionell h\u00e4ufig im Segelsport eingesetzt, vor allem aufgrund seiner hohen Belastbarkeit, Strapazierf\u00e4higkeit und dem relativ hohen Gewicht pro m\u00b2, was diese Qualit\u00e4t sehr robust macht. Auf vielfachen Wunsch k\u00f6nnen wir diese Qualit\u00e4t nun vor\u00fcbergehend in den drei Hauptfarben Rot, Gelb und Blau in einer Stoffbreite von 160 cm anbieten. Bitte beachten!: Vor\u00fcbergehend bedeutet in diesem Fall wirklich vor\u00fcbergehend, da wir nicht mit Sicherheit sagen k\u00f6nnen, ob dieses DP-Tuch auch in Zukunft verf\u00fcgbar sein wird. Das Dimension-Polyant 90D ist ein sehr robustes Spinnakertuch von ausgezeichneter Qualit\u00e4t mit einem effektiven Nettogewicht von ca. 90 g\/m\u00b2. Es eignet sich sehr gut f\u00fcr die Herstellung aller Arten von Produkten, die Festigkeit und Robustheit erfordern, wie z. B. Segel, Taschen, Windschutzscheiben, Planen und \u00e4hnliche Artikel. Wenn Sie eine Bestellung aufgeben, w\u00e4hlen Sie im Warenkorb die entsprechende Farbnummer bzw. Wunschfarbe aus; Geben Sie dort auch die gew\u00fcnschte Meterzahl an.\" data-ved=\"2ahUKEwjHjvjE1uiLAxUVnf0HHWq7AZYQ3ewLegQICxAV\"><span class=\"Y2IQFc\" lang=\"de\">ROBUSTES SPINNAKER-TUCH | PRO LAUFENDER METER | 90 gr\/m\u00b2 | 160 cm <\/span><\/h5>\n<p class=\"tw-data-text tw-text-large tw-ta\" dir=\"ltr\" data-placeholder=\"Vertaling\" aria-label=\"Vertaalde tekst: DP DIMENSION POLYANT: Ripstop-Nylongewebe 90D ROBUSTES SPINNAKER-TUCH | PRO LAUFMETER | 90 gr\/m\u00b2 | 160 cm Das Spinnaker- oder Ripstop-Nylontuch von Dimension-Polyant ist als hochwertiges Tuch bekannt. Dieses Tuch wird traditionell h\u00e4ufig im Segelsport eingesetzt, vor allem aufgrund seiner hohen Belastbarkeit, Strapazierf\u00e4higkeit und dem relativ hohen Gewicht pro m\u00b2, was diese Qualit\u00e4t sehr robust macht. Auf vielfachen Wunsch k\u00f6nnen wir diese Qualit\u00e4t nun vor\u00fcbergehend in den drei Hauptfarben Rot, Gelb und Blau in einer Stoffbreite von 160 cm anbieten. Bitte beachten!: Vor\u00fcbergehend bedeutet in diesem Fall wirklich vor\u00fcbergehend, da wir nicht mit Sicherheit sagen k\u00f6nnen, ob dieses DP-Tuch auch in Zukunft verf\u00fcgbar sein wird. Das Dimension-Polyant 90D ist ein sehr robustes Spinnakertuch von ausgezeichneter Qualit\u00e4t mit einem effektiven Nettogewicht von ca. 90 g\/m\u00b2. Es eignet sich sehr gut f\u00fcr die Herstellung aller Arten von Produkten, die Festigkeit und Robustheit erfordern, wie z. B. Segel, Taschen, Windschutzscheiben, Planen und \u00e4hnliche Artikel. Wenn Sie eine Bestellung aufgeben, w\u00e4hlen Sie im Warenkorb die entsprechende Farbnummer bzw. Wunschfarbe aus; Geben Sie dort auch die gew\u00fcnschte Meterzahl an.\" data-ved=\"2ahUKEwjHjvjE1uiLAxUVnf0HHWq7AZYQ3ewLegQICxAV\"><span class=\"Y2IQFc\" lang=\"de\">Das Spinnaker- oder Ripstop-Nylontuch von Dimension-Polyant ist als hochwertiges Tuch bekannt. Dieses Tuch wird traditionell h\u00e4ufig im Segelsport eingesetzt, vor allem aufgrund seiner hohen Belastbarkeit, Strapazierf\u00e4higkeit und dem relativ hohen Gewicht pro m\u00b2, was diese Qualit\u00e4t sehr robust macht. <\/span><\/p>\n<p class=\"tw-data-text tw-text-large tw-ta\" dir=\"ltr\" data-placeholder=\"Vertaling\" aria-label=\"Vertaalde tekst: DP DIMENSION POLYANT: Ripstop-Nylongewebe 90D ROBUSTES SPINNAKER-TUCH | PRO LAUFMETER | 90 gr\/m\u00b2 | 160 cm Das Spinnaker- oder Ripstop-Nylontuch von Dimension-Polyant ist als hochwertiges Tuch bekannt. Dieses Tuch wird traditionell h\u00e4ufig im Segelsport eingesetzt, vor allem aufgrund seiner hohen Belastbarkeit, Strapazierf\u00e4higkeit und dem relativ hohen Gewicht pro m\u00b2, was diese Qualit\u00e4t sehr robust macht. Auf vielfachen Wunsch k\u00f6nnen wir diese Qualit\u00e4t nun vor\u00fcbergehend in den drei Hauptfarben Rot, Gelb und Blau in einer Stoffbreite von 160 cm anbieten. Bitte beachten!: Vor\u00fcbergehend bedeutet in diesem Fall wirklich vor\u00fcbergehend, da wir nicht mit Sicherheit sagen k\u00f6nnen, ob dieses DP-Tuch auch in Zukunft verf\u00fcgbar sein wird. Das Dimension-Polyant 90D ist ein sehr robustes Spinnakertuch von ausgezeichneter Qualit\u00e4t mit einem effektiven Nettogewicht von ca. 90 g\/m\u00b2. Es eignet sich sehr gut f\u00fcr die Herstellung aller Arten von Produkten, die Festigkeit und Robustheit erfordern, wie z. B. Segel, Taschen, Windschutzscheiben, Planen und \u00e4hnliche Artikel. Wenn Sie eine Bestellung aufgeben, w\u00e4hlen Sie im Warenkorb die entsprechende Farbnummer bzw. Wunschfarbe aus; Geben Sie dort auch die gew\u00fcnschte Meterzahl an.\" data-ved=\"2ahUKEwjHjvjE1uiLAxUVnf0HHWq7AZYQ3ewLegQICxAV\"><span class=\"Y2IQFc\" lang=\"de\">Auf vielfachen Wunsch k\u00f6nnen wir diese Qualit\u00e4t nun vor\u00fcbergehend in den drei Hauptfarben <strong>Rot, Gelb und Blau<\/strong> in einer Stoffbreite von 160 cm anbieten. Bitte beachten!: Vor\u00fcbergehend bedeutet in diesem Fall wirklich vor\u00fcbergehend, da wir nicht mit Sicherheit sagen k\u00f6nnen, ob dieses DP-Tuch auch in Zukunft verf\u00fcgbar sein wird. <\/span><\/p>\n<p class=\"tw-data-text tw-text-large tw-ta\" dir=\"ltr\" data-placeholder=\"Vertaling\" aria-label=\"Vertaalde tekst: DP DIMENSION POLYANT: Ripstop-Nylongewebe 90D ROBUSTES SPINNAKER-TUCH | PRO LAUFMETER | 90 gr\/m\u00b2 | 160 cm Das Spinnaker- oder Ripstop-Nylontuch von Dimension-Polyant ist als hochwertiges Tuch bekannt. Dieses Tuch wird traditionell h\u00e4ufig im Segelsport eingesetzt, vor allem aufgrund seiner hohen Belastbarkeit, Strapazierf\u00e4higkeit und dem relativ hohen Gewicht pro m\u00b2, was diese Qualit\u00e4t sehr robust macht. Auf vielfachen Wunsch k\u00f6nnen wir diese Qualit\u00e4t nun vor\u00fcbergehend in den drei Hauptfarben Rot, Gelb und Blau in einer Stoffbreite von 160 cm anbieten. Bitte beachten!: Vor\u00fcbergehend bedeutet in diesem Fall wirklich vor\u00fcbergehend, da wir nicht mit Sicherheit sagen k\u00f6nnen, ob dieses DP-Tuch auch in Zukunft verf\u00fcgbar sein wird. Das Dimension-Polyant 90D ist ein sehr robustes Spinnakertuch von ausgezeichneter Qualit\u00e4t mit einem effektiven Nettogewicht von ca. 90 g\/m\u00b2. Es eignet sich sehr gut f\u00fcr die Herstellung aller Arten von Produkten, die Festigkeit und Robustheit erfordern, wie z. B. Segel, Taschen, Windschutzscheiben, Planen und \u00e4hnliche Artikel. Wenn Sie eine Bestellung aufgeben, w\u00e4hlen Sie im Warenkorb die entsprechende Farbnummer bzw. Wunschfarbe aus; Geben Sie dort auch die gew\u00fcnschte Meterzahl an.\" data-ved=\"2ahUKEwjHjvjE1uiLAxUVnf0HHWq7AZYQ3ewLegQICxAV\"><span class=\"Y2IQFc\" lang=\"de\">Das <strong>Dimension-Polyant 90D<\/strong> ist ein sehr robustes Spinnakertuch von ausgezeichneter Qualit\u00e4t mit einem effektiven Nettogewicht von ca. 90 g\/m\u00b2. Es eignet sich sehr gut f\u00fcr die Herstellung aller Arten von Produkten, die Festigkeit und Robustheit erfordern, wie z. B. Segel, Taschen, Windschutzschirme, Planen und \u00e4hnliche Artikel.<\/span><\/p>\n<p>Sie k\u00f6nnen diese Tuch pro Meter bestellen, mit einer Mindestbestellmenge von nur 1 Meter! Wir schneiden von gro\u00dfen Rollen zu!\u00a0<strong>Und weil wir zuschneiden, nehmen wir das Tuch nicht zur\u00fcck!<\/strong><\/p>\n<p class=\"tw-data-text tw-text-large tw-ta\" dir=\"ltr\" data-placeholder=\"Vertaling\" aria-label=\"Vertaalde tekst: DP DIMENSION POLYANT: Ripstop-Nylongewebe 90D ROBUSTES SPINNAKER-TUCH | PRO LAUFMETER | 90 gr\/m\u00b2 | 160 cm Das Spinnaker- oder Ripstop-Nylontuch von Dimension-Polyant ist als hochwertiges Tuch bekannt. Dieses Tuch wird traditionell h\u00e4ufig im Segelsport eingesetzt, vor allem aufgrund seiner hohen Belastbarkeit, Strapazierf\u00e4higkeit und dem relativ hohen Gewicht pro m\u00b2, was diese Qualit\u00e4t sehr robust macht. Auf vielfachen Wunsch k\u00f6nnen wir diese Qualit\u00e4t nun vor\u00fcbergehend in den drei Hauptfarben Rot, Gelb und Blau in einer Stoffbreite von 160 cm anbieten. Bitte beachten!: Vor\u00fcbergehend bedeutet in diesem Fall wirklich vor\u00fcbergehend, da wir nicht mit Sicherheit sagen k\u00f6nnen, ob dieses DP-Tuch auch in Zukunft verf\u00fcgbar sein wird. Das Dimension-Polyant 90D ist ein sehr robustes Spinnakertuch von ausgezeichneter Qualit\u00e4t mit einem effektiven Nettogewicht von ca. 90 g\/m\u00b2. Es eignet sich sehr gut f\u00fcr die Herstellung aller Arten von Produkten, die Festigkeit und Robustheit erfordern, wie z. B. Segel, Taschen, Windschutzscheiben, Planen und \u00e4hnliche Artikel. Wenn Sie eine Bestellung aufgeben, w\u00e4hlen Sie im Warenkorb die entsprechende Farbnummer bzw. Wunschfarbe aus; Geben Sie dort auch die gew\u00fcnschte Meterzahl an.\" data-ved=\"2ahUKEwjHjvjE1uiLAxUVnf0HHWq7AZYQ3ewLegQICxAV\"><span class=\"Y2IQFc\" lang=\"de\">Wenn Sie eine Bestellung aufgeben, w\u00e4hlen Sie im Warenkorb die entsprechende Farbnummer bzw. Wunschfarbe aus; Geben Sie dort auch die gew\u00fcnschte Meterzahl an.<\/span><\/p>\n","protected":false},"excerpt":{"rendered":"<p class=\"tw-data-text tw-text-large tw-ta\" dir=\"ltr\" data-placeholder=\"Vertaling\" aria-label=\"Vertaalde tekst: DP DIMENSION POLYANT: Ripstop-Nylongewebe 90D ROBUSTES SPINNAKER-TUCH | PRO LAUFMETER | 90 gr\/m\u00b2 | 160 cm Das Spinnaker- oder Ripstop-Nylontuch von Dimension-Polyant ist als hochwertiges Tuch bekannt. Dieses Tuch wird traditionell h\u00e4ufig im Segelsport eingesetzt, vor allem aufgrund seiner hohen Belastbarkeit, Strapazierf\u00e4higkeit und dem relativ hohen Gewicht pro m\u00b2, was diese Qualit\u00e4t sehr robust macht. Auf vielfachen Wunsch k\u00f6nnen wir diese Qualit\u00e4t nun vor\u00fcbergehend in den drei Hauptfarben Rot, Gelb und Blau in einer Stoffbreite von 160 cm anbieten. Bitte beachten!: Vor\u00fcbergehend bedeutet in diesem Fall wirklich vor\u00fcbergehend, da wir nicht mit Sicherheit sagen k\u00f6nnen, ob dieses DP-Tuch auch in Zukunft verf\u00fcgbar sein wird. Das Dimension-Polyant 90D ist ein sehr robustes Spinnakertuch von ausgezeichneter Qualit\u00e4t mit einem effektiven Nettogewicht von ca. 90 g\/m\u00b2. Es eignet sich sehr gut f\u00fcr die Herstellung aller Arten von Produkten, die Festigkeit und Robustheit erfordern, wie z. B. Segel, Taschen, Windschutzscheiben, Planen und \u00e4hnliche Artikel. Wenn Sie eine Bestellung aufgeben, w\u00e4hlen Sie im Warenkorb die entsprechende Farbnummer bzw. Wunschfarbe aus; Geben Sie dort auch die gew\u00fcnschte Meterzahl an.\" data-ved=\"2ahUKEwjHjvjE1uiLAxUVnf0HHWq7AZYQ3ewLegQICxAV\"><span class=\"Y2IQFc\" lang=\"de\">ROBUSTES SPINNAKER-TUCH | PRO LAUFENDER METER | 90 gr\/m\u00b2 | 160 cm<\/span><\/p>\n","protected":false},"featured_media":28041,"comment_status":"closed","ping_status":"closed","template":"","meta":{"_acf_changed":false},"product_brand":[],"product_cat":[1347,1385,2154,1348,2165],"product_tag":[3626],"class_list":{"0":"post-28047","1":"product","2":"type-product","3":"status-publish","4":"has-post-thumbnail","6":"product_cat-angebote","7":"product_cat-drachen-zubehor","8":"product_cat-drachentuch","9":"product_cat-marken","10":"product_cat-wepa","11":"product_tag-vliegerdoek","13":"first","14":"instock","15":"sale","16":"taxable","17":"shipping-taxable","18":"purchasable","19":"product-type-variable"},"acf":[],"_links":{"self":[{"href":"https:\/\/www.wepaflyer.com\/de\/wp-json\/wp\/v2\/product\/28047","targetHints":{"allow":["GET"]}}],"collection":[{"href":"https:\/\/www.wepaflyer.com\/de\/wp-json\/wp\/v2\/product"}],"about":[{"href":"https:\/\/www.wepaflyer.com\/de\/wp-json\/wp\/v2\/types\/product"}],"replies":[{"embeddable":true,"href":"https:\/\/www.wepaflyer.com\/de\/wp-json\/wp\/v2\/comments?post=28047"}],"wp:featuredmedia":[{"embeddable":true,"href":"https:\/\/www.wepaflyer.com\/de\/wp-json\/wp\/v2\/media\/28041"}],"wp:attachment":[{"href":"https:\/\/www.wepaflyer.com\/de\/wp-json\/wp\/v2\/media?parent=28047"}],"wp:term":[{"taxonomy":"product_brand","embeddable":true,"href":"https:\/\/www.wepaflyer.com\/de\/wp-json\/wp\/v2\/product_brand?post=28047"},{"taxonomy":"product_cat","embeddable":true,"href":"https:\/\/www.wepaflyer.com\/de\/wp-json\/wp\/v2\/product_cat?post=28047"},{"taxonomy":"product_tag","embeddable":true,"href":"https:\/\/www.wepaflyer.com\/de\/wp-json\/wp\/v2\/product_tag?post=28047"}],"curies":[{"name":"wp","href":"https:\/\/api.w.org\/{rel}","templated":true}]}}