{"id":26792,"date":"2025-02-08T17:07:54","date_gmt":"2025-02-08T16:07:54","guid":{"rendered":"https:\/\/www.wepaflyer.com\/?post_type=product&#038;p=26792"},"modified":"2026-05-04T15:55:49","modified_gmt":"2026-05-04T13:55:49","slug":"dacronband-dacrontape-color","status":"publish","type":"product","link":"https:\/\/www.wepaflyer.com\/de\/produkt\/dacronband-dacrontape-color\/","title":{"rendered":"DacronBand | DacronTape Color | Verf\u00fcgbarkeit anfragen"},"content":{"rendered":"<h3>DACRONBAND | DACRONTAPE | Color | Verf\u00fcgbarkeit anfragen<\/h3>\n<h4><strong>DIESES FARBBAND IST IN BEZUG AUF FARBEN UND BREITEN EIN AUSLAUFENDER ARTIKEL. BITTE ERKUNDIGEN SIE SICH VOR DER BESTELLUNG NACH DER VERF\u00dcGBARKEIT DER GEW\u00dcNSCHTEN FARBEN UND BREITEN.<\/strong><\/h4>\n<h4>PRO LAUFENDER METER | 170 gr\/m\u00b2 | Breite von 2 bis 8cm | Color | Verf\u00fcgbarkeit anfragen<\/h4>\n<p><strong>Dacron Tape\/Band<\/strong> ist ein starkes und flexibles Polyester-Kunststoffmaterial, das zur Befestigung und Verst\u00e4rkung des Drachentuchs verwendet wird, um ein Zerrei\u00dfen und Ausrei\u00dfen zu verhindern. Es wird haupts\u00e4chlich in und um L\u00f6cher und Vertiefungen im Stoff sowie an dessen Kanten verwendet. Hierzu z\u00e4hlen insbesondere die Tunnel an den R\u00e4ndern von Sportlenkdrachen, durch die die Stangen gef\u00fchrt werden. Es kann auch f\u00fcr viele andere Zwecke verwendet werden, normalerweise zur Verst\u00e4rkung der Kanten anderer Arten von Materialien.<\/p>\n<h5>BITTE GEBEN SIE BEI DER BESTELLUNG DIE GESAMTZAHL DER GEW\u00dcNSCHTEN METER PRO BREITE AN UND GEBEN SIE ANSCHLIE\u00dfEND IN DEN BESTELLNOTIZEN AN, WIE VIELE METER PRO FARBE. BITTE BEACHTEN SIE, DA\u00df DIE GESAMTZAHL DER METER PRO BREITE DER GESAMTZAHL DER METER PRO FARBE ENTSPRICHT!<\/h5>\n<p><strong><em>Das farbige DacronBand, das sogenannte DacronTape Color, ist in vielen Farben erh\u00e4ltlich. Nachfolgend finden Sie eine \u00dcbersicht der verf\u00fcgbaren Farben pro Breite. Bitte beachten Sie: Einige der DacronTapes sind gefaltet oder gebogen, da sie aus der Produktionswerkstatt stammen.<\/em><\/strong><\/p>\n<p><strong><em>DacronTape Color ist ein Auslaufprodukt, WEG = WEG. Wenn Sie von einer bestimmten Farbe\/Breite eine gr\u00f6\u00dfere Meterzahl ben\u00f6tigen, kontaktieren Sie uns bitte zun\u00e4chst, um zu pr\u00fcfen, ob es noch verf\u00fcgbar ist.<\/em><\/strong><\/p>\n<p><strong><em>\u00a0<\/em><\/strong><strong><em>Bitte beachten Sie: Dacron Tape\/Band ist NICHT selbstklebend. Wenn Sie auf der Suche nach selbstklebendem Material sind, suchen Sie an anderer Stelle im Webshop nach dem selbstklebenden Reparaturtuch.<\/em><\/strong><\/p>\n<p><strong>\u00a0<\/strong><strong>DacronTape \/ DacronBand Color <\/strong>ist in folgenden Breiten und Farben erh\u00e4ltlich:<\/p>\n<ul>\n<li><strong>2cm: magenta \u2013 lavendel \u2013 pink \u2013 leuchtgelb \u2013 leuchtorange \u2013 purper<\/strong><\/li>\n<li><strong> 2,5 cm: rot \u2013 gelb &#8211; leuchtgelb<\/strong><\/li>\n<li><strong> 3cm: leuchtgr\u00fcn \u2013 wei\u00df \u2013 hellorange \u2013 rot \u2013 leuchtpink \u2013 orange \u2013 dunkelorange \u2013 magenta \u2013 lila \u2013 lavendel \u2013 helllila \u2013 gr\u00fcn \u2013 gelb \u2013 leuchtrot \u2013 leuchtgelb \u2013 purper &#8211; t\u00fcrkis<\/strong><\/li>\n<li><strong> 4cm: lila \u2013 lavendel \u2013 leuchtrot \u2013 t\u00fcrkis \u2013 leuchtorange<\/strong><\/li>\n<li><strong> 5cm: leuchtgelb \u2013 rot \u2013 gelb &#8211; lavendel<\/strong><\/li>\n<li><strong> 6cm: leuchtrot \u2013 leuchtorange \u2013 lila \u2013 lavendel \u2013 helllila \u2013 magenta \u2013 hellrot \u2013 rot \u2013 hellblau \u2013 gr\u00fcn &#8211; blau<\/strong><\/li>\n<li><strong> 7cm: lila \u2013 purper \u2013 leuchtrot \u2013 leuchtgelb \u2013 leuchtorange \u2013 gr\u00fcn \u2013 leuchtpink \u2013 rot &#8211; hellrot<\/strong><\/li>\n<li><strong> 8cm: leuchtpink \u2013 leuchtorange \u2013 orange \u2013 gelb \u2013 t\u00fcrkis \u2013 rot &#8211; lila<\/strong><\/li>\n<\/ul>\n<p><strong><em>Das h\u00e4ufig verwendete DacronBand Black finden Sie an anderer Stelle im Webshop in der Kategorie Drachentuch.<\/em><\/strong><strong>\u00a0<\/strong><\/p>\n","protected":false},"excerpt":{"rendered":"<p>PRO LAUFENDER METER | 170 gr\/m\u00b2 | Breite von 2 bis 8cm | Color | Verf\u00fcgbarkeit anfragen<\/p>\n","protected":false},"featured_media":26767,"comment_status":"closed","ping_status":"closed","template":"","meta":{"_acf_changed":false},"product_brand":[],"product_cat":[1385,2154,1348,1384,2165],"product_tag":[3626],"class_list":{"0":"post-26792","1":"product","2":"type-product","3":"status-publish","4":"has-post-thumbnail","6":"product_cat-drachen-zubehor","7":"product_cat-drachentuch","8":"product_cat-marken","9":"product_cat-sale","10":"product_cat-wepa","11":"product_tag-vliegerdoek","13":"first","14":"instock","15":"sale","16":"taxable","17":"shipping-taxable","18":"purchasable","19":"product-type-variable"},"acf":[],"_links":{"self":[{"href":"https:\/\/www.wepaflyer.com\/de\/wp-json\/wp\/v2\/product\/26792","targetHints":{"allow":["GET"]}}],"collection":[{"href":"https:\/\/www.wepaflyer.com\/de\/wp-json\/wp\/v2\/product"}],"about":[{"href":"https:\/\/www.wepaflyer.com\/de\/wp-json\/wp\/v2\/types\/product"}],"replies":[{"embeddable":true,"href":"https:\/\/www.wepaflyer.com\/de\/wp-json\/wp\/v2\/comments?post=26792"}],"wp:featuredmedia":[{"embeddable":true,"href":"https:\/\/www.wepaflyer.com\/de\/wp-json\/wp\/v2\/media\/26767"}],"wp:attachment":[{"href":"https:\/\/www.wepaflyer.com\/de\/wp-json\/wp\/v2\/media?parent=26792"}],"wp:term":[{"taxonomy":"product_brand","embeddable":true,"href":"https:\/\/www.wepaflyer.com\/de\/wp-json\/wp\/v2\/product_brand?post=26792"},{"taxonomy":"product_cat","embeddable":true,"href":"https:\/\/www.wepaflyer.com\/de\/wp-json\/wp\/v2\/product_cat?post=26792"},{"taxonomy":"product_tag","embeddable":true,"href":"https:\/\/www.wepaflyer.com\/de\/wp-json\/wp\/v2\/product_tag?post=26792"}],"curies":[{"name":"wp","href":"https:\/\/api.w.org\/{rel}","templated":true}]}}