{"id":26741,"date":"2025-02-08T15:58:20","date_gmt":"2025-02-08T14:58:20","guid":{"rendered":"https:\/\/www.wepaflyer.com\/?post_type=product&#038;p=26741"},"modified":"2026-05-04T15:55:49","modified_gmt":"2026-05-04T13:55:49","slug":"dacronband-dacrontape-black","status":"publish","type":"product","link":"https:\/\/www.wepaflyer.com\/de\/produkt\/dacronband-dacrontape-black\/","title":{"rendered":"DacronBand | DacronTape Black"},"content":{"rendered":"<h3>DACRONBAND | DACRONTAPE | Black<\/h3>\n<h5>PRO LAUFENDER METER | 170 gr\/m\u00b2 | Breite von 2 bis 144cm | Schwarz<\/h5>\n<p><strong>\u00a0<\/strong><strong>Dacron Tape\/Band<\/strong> ist ein starkes und flexibles Polyester-Kunststoffmaterial, das zur Befestigung und Verst\u00e4rkung des Drachentuchs verwendet wird, um ein Zerrei\u00dfen und Ausrei\u00dfen zu verhindern. Es wird haupts\u00e4chlich in und um L\u00f6cher und Vertiefungen im Stoff sowie an dessen Kanten verwendet. Hierzu z\u00e4hlen insbesondere die Tunnel an den R\u00e4ndern von Sportlenkdrachen, durch die die Stangen gef\u00fchrt werden. Es kann auch f\u00fcr viele andere Zwecke verwendet werden, normalerweise zur Verst\u00e4rkung der Kanten anderer Arten von Materialien.<\/p>\n<p><strong>\u00a0<\/strong><strong><em>Bitte beachten Sie: Dacron Tape\/Band ist NICHT selbstklebend. Wenn Sie auf der Suche nach selbstklebendem Material sind, suchen Sie an anderer Stelle im Webshop nach dem selbstklebenden Reparaturtuch.<\/em><\/strong><\/p>\n<p><strong>\u00a0<\/strong><strong>DacronTape \/ DacronBand Black\/Schwarz <\/strong>ist in folgenden Breiten erh\u00e4ltlich:<\/p>\n<ul>\n<li><strong>2cm<\/strong><\/li>\n<li><strong>2,5 cm<\/strong><\/li>\n<li><strong>3cm<\/strong><\/li>\n<li><strong>4cm<\/strong><\/li>\n<li><strong>5cm<\/strong><\/li>\n<li><strong>6cm<\/strong><\/li>\n<li><strong>7cm<\/strong><\/li>\n<li><strong>8cm<\/strong><\/li>\n<li><strong>9cm<\/strong><\/li>\n<li><strong>10 cm<\/strong><\/li>\n<li><strong>144 cm<\/strong><\/li>\n<\/ul>\n<p><strong>\u00a0<\/strong><strong><em>Das farbige DacronBand, das sogenannte DacronTape Color, finden Sie an anderer Stelle im Webshop in den Kategorien Drachentuch und SALE. Bitte beachten Sie: Einige davon betreffen gefaltetes oder gebogenes Dacron-Band, da es aus der Produktionswerkstatt stammt.<\/em><\/strong><\/p>\n","protected":false},"excerpt":{"rendered":"<p>PRO LAUFENDER METER | 170 gr\/m\u00b2 | Breite von 2 bis 144cm | Schwarz<\/p>\n","protected":false},"featured_media":26693,"comment_status":"closed","ping_status":"closed","template":"","meta":{"_acf_changed":false},"product_brand":[],"product_cat":[1385,2154,1348,2165],"product_tag":[3626],"class_list":{"0":"post-26741","1":"product","2":"type-product","3":"status-publish","4":"has-post-thumbnail","6":"product_cat-drachen-zubehor","7":"product_cat-drachentuch","8":"product_cat-marken","9":"product_cat-wepa","10":"product_tag-vliegerdoek","12":"first","13":"instock","14":"sale","15":"taxable","16":"shipping-taxable","17":"purchasable","18":"product-type-variable"},"acf":[],"_links":{"self":[{"href":"https:\/\/www.wepaflyer.com\/de\/wp-json\/wp\/v2\/product\/26741","targetHints":{"allow":["GET"]}}],"collection":[{"href":"https:\/\/www.wepaflyer.com\/de\/wp-json\/wp\/v2\/product"}],"about":[{"href":"https:\/\/www.wepaflyer.com\/de\/wp-json\/wp\/v2\/types\/product"}],"replies":[{"embeddable":true,"href":"https:\/\/www.wepaflyer.com\/de\/wp-json\/wp\/v2\/comments?post=26741"}],"wp:featuredmedia":[{"embeddable":true,"href":"https:\/\/www.wepaflyer.com\/de\/wp-json\/wp\/v2\/media\/26693"}],"wp:attachment":[{"href":"https:\/\/www.wepaflyer.com\/de\/wp-json\/wp\/v2\/media?parent=26741"}],"wp:term":[{"taxonomy":"product_brand","embeddable":true,"href":"https:\/\/www.wepaflyer.com\/de\/wp-json\/wp\/v2\/product_brand?post=26741"},{"taxonomy":"product_cat","embeddable":true,"href":"https:\/\/www.wepaflyer.com\/de\/wp-json\/wp\/v2\/product_cat?post=26741"},{"taxonomy":"product_tag","embeddable":true,"href":"https:\/\/www.wepaflyer.com\/de\/wp-json\/wp\/v2\/product_tag?post=26741"}],"curies":[{"name":"wp","href":"https:\/\/api.w.org\/{rel}","templated":true}]}}