{"id":22560,"date":"2024-11-01T17:15:22","date_gmt":"2024-11-01T16:15:22","guid":{"rendered":"https:\/\/www.wepaflyer.com\/?post_type=product&#038;p=22560"},"modified":"2026-03-12T18:24:01","modified_gmt":"2026-03-12T17:24:01","slug":"hq-symphony-beach-iii-1-3-flame-2-leinen-drachen","status":"publish","type":"product","link":"https:\/\/www.wepaflyer.com\/de\/produkt\/hq-symphony-beach-iii-1-3-flame-2-leinen-drachen\/","title":{"rendered":"HQ Symphony Beach III 1.3 Flame 2-Lines Kite | The Cool Kite"},"content":{"rendered":"<h3>Symphony Beach III Flame 1.3 | The Cool Kite<\/h3>\n<h4>2-Leiner Lenkmatte f\u00fcr die coolsten Piloten | R2F | 130cm Spannweite<\/h4>\n<p><strong>Cool, cooler, the coolest&#8230;the Flame!<\/strong><\/p>\n<p>Die n\u00e4chste Generation der Symphony Beach-Serie: Entwickelt, um die Bed\u00fcrfnisse von Anf\u00e4ngern zu erf\u00fcllen, ist dies ein robuster und fehlerverzeihender 2-Leiner-Drachen, der ein hervorragendes Preis-Leistungs-Verh\u00e4ltnis bietet. Diese \u00fcberarbeiteten Kites bieten einfache Kontrolle und jede Menge Spa\u00df, egal ob Sie auf der Suche nach Geschwindigkeit oder Zugkraft sind. Der neue Symphony Beach III ist ein toller Einstieg in die Welt der Weichfolien und l\u00e4sst sich kompakt zusammenfalten, ohne dass Teile zusammengebaut werden m\u00fcssen oder verloren gehen.<\/p>\n<p><strong>Das Modell \u201eFlame\u201c hat einen coolen Look und ist besonders bei Jungs beliebt.<\/strong><\/p>\n<ul>\n<li>Entwickelt, um die Bed\u00fcrfnisse von Einsteigern zu erf\u00fcllen und bietet ein hervorragendes Preis-Leistungs-Verh\u00e4ltnis<\/li>\n<li>Symphony Beach ist einer der erfolgreichsten und meistverkauften Foliendrachen weltweit<\/li>\n<li>Entwickelt mit Kenntnissen des Gleitschirmfliegens<\/li>\n<li>Sehr benutzerfreundlich \u2013 kein Foliendrachen dieser Klasse hat weniger Waagebefestigungspunkte<\/li>\n<li>Bietet hervorragende Flugleistung und gutes Zubeh\u00f6r<\/li>\n<\/ul>\n<p><strong>Spezifikationen des Symphony Beach III \u201eFlame\u201c:<\/strong><\/p>\n<ul>\n<li>Ausgestattet mit Lenkschalufen (Straps)<\/li>\n<li>Kompakte Tragetasche \u2013 ideal f\u00fcr Reisen und Urlaub<\/li>\n<li>Fl\u00fcgelspannweite: 130 cm<\/li>\n<li>H\u00f6he: 55 cm<\/li>\n<li>Tuch: Ripstop-Polyester, bedruckt mit \u201eFlame\u201c-Motiv<\/li>\n<li>Lenkschn\u00fcre inkl.: Polyester 45daN | 2 x 25 Meter auf Wickelgriff mit Lenkschlaufen (Straps).<\/li>\n<li>Wind: 2-6 Bft. (10-49 km\/h und 6-31 mph)<\/li>\n<li>Alter: 8+<\/li>\n<\/ul>\n","protected":false},"excerpt":{"rendered":"<p>2-Leiner Lenkmatte f\u00fcr die coolsten Piloten | R2F | 130cm Spannweite<\/p>\n","protected":false},"featured_media":16528,"comment_status":"closed","ping_status":"closed","template":"","meta":{"_acf_changed":false},"product_brand":[],"product_cat":[2164,1347,2177,1348,1372],"product_tag":[],"class_list":{"0":"post-22560","1":"product","2":"type-product","3":"status-publish","4":"has-post-thumbnail","6":"product_cat-2-leiner-lenkmatten","7":"product_cat-angebote","8":"product_cat-hq-kites","9":"product_cat-marken","10":"product_cat-powerkites","12":"first","13":"instock","14":"sale","15":"taxable","16":"shipping-taxable","17":"purchasable","18":"product-type-simple"},"acf":[],"_links":{"self":[{"href":"https:\/\/www.wepaflyer.com\/de\/wp-json\/wp\/v2\/product\/22560","targetHints":{"allow":["GET"]}}],"collection":[{"href":"https:\/\/www.wepaflyer.com\/de\/wp-json\/wp\/v2\/product"}],"about":[{"href":"https:\/\/www.wepaflyer.com\/de\/wp-json\/wp\/v2\/types\/product"}],"replies":[{"embeddable":true,"href":"https:\/\/www.wepaflyer.com\/de\/wp-json\/wp\/v2\/comments?post=22560"}],"wp:featuredmedia":[{"embeddable":true,"href":"https:\/\/www.wepaflyer.com\/de\/wp-json\/wp\/v2\/media\/16528"}],"wp:attachment":[{"href":"https:\/\/www.wepaflyer.com\/de\/wp-json\/wp\/v2\/media?parent=22560"}],"wp:term":[{"taxonomy":"product_brand","embeddable":true,"href":"https:\/\/www.wepaflyer.com\/de\/wp-json\/wp\/v2\/product_brand?post=22560"},{"taxonomy":"product_cat","embeddable":true,"href":"https:\/\/www.wepaflyer.com\/de\/wp-json\/wp\/v2\/product_cat?post=22560"},{"taxonomy":"product_tag","embeddable":true,"href":"https:\/\/www.wepaflyer.com\/de\/wp-json\/wp\/v2\/product_tag?post=22560"}],"curies":[{"name":"wp","href":"https:\/\/api.w.org\/{rel}","templated":true}]}}