{"id":22557,"date":"2024-10-29T17:04:17","date_gmt":"2024-10-29T16:04:17","guid":{"rendered":"https:\/\/www.wepaflyer.com\/?post_type=product&#038;p=22557"},"modified":"2026-04-01T21:12:50","modified_gmt":"2026-04-01T19:12:50","slug":"plkb-hornet-5-0-4-leinen-drachen","status":"publish","type":"product","link":"https:\/\/www.wepaflyer.com\/de\/produkt\/plkb-hornet-5-0-4-leinen-drachen\/","title":{"rendered":"PLKB Hornet 5.0 4-Lines Kite"},"content":{"rendered":"<h3>PLKB\/Peter Lynn Hornet 5.0<\/h3>\n<h4>Der perfekte 4-Leiner Allround-Drachen | Mit Griffen oder Controlbar<\/h4>\n<p>Das Fliegen eines 4-Leiner-Powerdrachens ist aufregend, macht Spa\u00df, ist herausfordernd und ja; m\u00e4chtig! Um sicherzustellen, dass jeder die 4-Leiner-Lenkung sicher erlernen kann, haben wir den ultimativen Allrounder gebaut: Der Hornet liefert seine Leistung auf vorhersehbare Weise, er ist stabil, leicht zu drehen und macht vor allem gro\u00dfen Spa\u00df beim Fliegen.<\/p>\n<p>Der Peter Lynn | PLKB Hornet ist der etablierteste Allround-Powerdrachen der Welt. In seiner \u00fcber 15-j\u00e4hrigen Geschichte wurde er \u00fcberarbeitet, neu gestaltet und auf Perfektion abgestimmt. Ganz gleich, in welcher Disziplin des Traktions-Kitens\/Power-Kitens Ihr Ehrgeiz liegt, mit dem Hornet erhalten Sie\u00a0<strong>einen sehr zuverl\u00e4ssigen und vielseitigen Power-Kite f\u00fcr Einsteiger bis Fortgeschrittene<\/strong>. Wenn Sie also Ihren ersten Strandritt in einem Kite-Buggy machen und auf Entdeckungsreise gehen oder Ihre ersten Landboard- oder Snowkite-Kilometer zur\u00fccklegen m\u00f6chten, ist der Hornet der perfekte Begleiter in einer Welt voller windgetriebener Spannung.<\/p>\n<h6><strong>Eigenschaften des Hornet 4-Line All Round Kite:<\/strong><\/h6>\n<h6>Maximale Stabilit\u00e4t<\/h6>\n<p>Der Peter Lynn | PLKB Hornet ist zweifellos der beste Weg, ernsthaft mit dem Powerkiten anzufangen. Die un\u00fcbertroffenen Flugeigenschaften sorgen f\u00fcr stundenlangen, spannenden Spa\u00df. Der Hornet ist so stabil wie m\u00f6glich konstruiert, ohne die hervorragenden Flugeigenschaften zu beeintr\u00e4chtigen, f\u00fcr die der Hornet bekannt ist. Der Hornet ist nicht nur das ultimative 4-Leiner-Foil f\u00fcr den statischen Einsatz, sondern wird sich auch dann als wertvoll erweisen, wenn Sie gerne im Buggy oder auf einem Board loslegen, wo Ihnen ein stabiler Kite dabei hilft, souver\u00e4n loszulegen.<\/p>\n<h6>Einfache Erfolge<\/h6>\n<p>Da sich der Hornet an den ernsthaften Anf\u00e4nger richtet, wurde viel M\u00fche darauf verwendet, den Kite so zug\u00e4nglich und zuverl\u00e4ssig wie m\u00f6glich zu machen. All diese Bem\u00fchungen haben zum benutzerfreundlichsten Powerkite gef\u00fchrt, der derzeit auf dem Markt erh\u00e4ltlich ist. Sanftes Drehen, schnelle Lenkung, hervorragende Stabilit\u00e4t und gleichm\u00e4\u00dfige Zugkraft \u00fcber das gesamte Windfenster hinweg tragen alle zu dem gro\u00dfartigen Erlebnis bei, das der Hornet f\u00fcr endlose Sessions bietet.<\/p>\n<h6>Direkte Kontrolle<\/h6>\n<p>Der Hornet l\u00e4sst sich einfach \u00fcber die 2- oder 4-Leinen-Lenkung lenken. Wenn Sie den Hornet fliegen, indem Sie einfach die Griffe nach links oder rechts ziehen, hat er einen gleichm\u00e4\u00dfigen Wenderadius mit kontinuierlicher Kraftabgabe. Lenkt man den Kite durch Anspannung der Bremsleinen, wird der Wenderadius des Hornets deutlich kleiner. Durch die Verwendung einer 4-Leiner-Lenkung k\u00f6nnen Sie den Kite viel pr\u00e4ziser positionieren, um die maximale Leistung zu erzielen.<\/p>\n<h6>Solide Leistung<\/h6>\n<p>Der Hornet wird nicht umsonst als \u201ePower\u201c-Drachen bezeichnet! Selbst bei schwachem Wind ist das Fliegen mit dem Hornet eine ordentliche \u00dcbung f\u00fcr Arme, Beine und Oberk\u00f6rper, bei st\u00e4rkerem Wind erweist er sich als sehr leistungsstarker Motor, mit dem Sie problemlos in alle Formen des Traktionsdrachensports an Land einsteigen k\u00f6nnen. Die raffinierte Kappe und die minimale Waage sorgen f\u00fcr einen geschmeidigen und zuverl\u00e4ssigen Drachen, der gut reagiert. Selbst bei windigen Bedingungen kommt es zu keinem pl\u00f6tzlichen Kraftaufbau, wenn der Hornet durch das Windfenster fliegt, was den Kite sehr zuverl\u00e4ssig und berechenbar macht.<\/p>\n<h6><strong>Der PLKB Hornet 5.0 wird als Komplettpaket geliefert, bestehend aus:<\/strong><\/h6>\n<ul>\n<li>Hornet-Drachen<\/li>\n<li>Hornet-Tasche<\/li>\n<li>ALU-Quad-Griffe\u00a0<strong>ODER<\/strong>\u00a04-zeilige Controlbar<strong>*<\/strong><\/li>\n<li>Farbcodierte, langlebige Dyneema\u00ae-Drachenleinen mit gen\u00e4hten Manteln<\/li>\n<li>Sicherheitssystem (Sicherheitsleine \/ Kitekiller)<\/li>\n<li>Bodend\u00fcbel (Groundstake)<\/li>\n<li>4-Leiner-Drachenhandbuch<\/li>\n<\/ul>\n<p><strong><em>*Legen Sie den Hornet in Ihren Warenkorb. Dort k\u00f6nnen Sie w\u00e4hlen, ob Sie den Kite mit 4-Leiner-Griffen oder der 4-Leiner-Lenkstange w\u00fcnschen.<\/em><\/strong><\/p>\n<h6><strong>Schnurl\u00e4nge und -st\u00e4rke &amp; Windbereich des Hornet 4-Line Kites:<\/strong><\/h6>\n<ul>\n<li>Hornet 2,0m\u00b2 | 4 x 18 m 200\/100 daN | R2F | Windst\u00e4rke 3-7,5 Bft.<\/li>\n<li>Hornet 3,0m\u00b2 | 4 x 20 m 200\/100 daN | R2F | Windst\u00e4rke 2,5-7 Bft.<\/li>\n<li>Hornet 4,0m\u00b2 | 4 x 20 m 200\/100 daN | R2F | Windst\u00e4rke 2-6 Bft.<\/li>\n<li><strong>Hornet 5,0m\u00b2 | 4 x 20 m 200\/100 daN | R2F | Windst\u00e4rke 2-5,5 Bft.<\/strong><\/li>\n<li>Hornet 6,0m\u00b2 | 4 x 20 m 200\/100 daN | R2F | Windst\u00e4rke 1,5-5 Bft.<\/li>\n<\/ul>\n<p><iframe loading=\"lazy\" src=\"https:\/\/www.youtube.com\/embed\/AqlnO57bJqg?rel=0\" width=\"347\" height=\"192\" frameborder=\"0\" allowfullscreen=\"allowfullscreen\" data-mce-fragment=\" 1\"><\/iframe><\/p>\n","protected":false},"excerpt":{"rendered":"<p>PLKB\/Peter Lynn Hornet 5.0 | Der perfekte 4-Leiner Allround-Drachen | Mit Griffen oder Controlbar<\/p>\n","protected":false},"featured_media":16457,"comment_status":"closed","ping_status":"closed","template":"","meta":{"_acf_changed":false},"product_brand":[],"product_cat":[2162,1348,2163,1372],"product_tag":[],"class_list":{"0":"post-22557","1":"product","2":"type-product","3":"status-publish","4":"has-post-thumbnail","6":"product_cat-4-leiner-lenkmatten","7":"product_cat-marken","8":"product_cat-peter-lynn","9":"product_cat-powerkites","11":"first","12":"instock","13":"sale","14":"taxable","15":"shipping-taxable","16":"purchasable","17":"product-type-variable"},"acf":[],"_links":{"self":[{"href":"https:\/\/www.wepaflyer.com\/de\/wp-json\/wp\/v2\/product\/22557","targetHints":{"allow":["GET"]}}],"collection":[{"href":"https:\/\/www.wepaflyer.com\/de\/wp-json\/wp\/v2\/product"}],"about":[{"href":"https:\/\/www.wepaflyer.com\/de\/wp-json\/wp\/v2\/types\/product"}],"replies":[{"embeddable":true,"href":"https:\/\/www.wepaflyer.com\/de\/wp-json\/wp\/v2\/comments?post=22557"}],"wp:featuredmedia":[{"embeddable":true,"href":"https:\/\/www.wepaflyer.com\/de\/wp-json\/wp\/v2\/media\/16457"}],"wp:attachment":[{"href":"https:\/\/www.wepaflyer.com\/de\/wp-json\/wp\/v2\/media?parent=22557"}],"wp:term":[{"taxonomy":"product_brand","embeddable":true,"href":"https:\/\/www.wepaflyer.com\/de\/wp-json\/wp\/v2\/product_brand?post=22557"},{"taxonomy":"product_cat","embeddable":true,"href":"https:\/\/www.wepaflyer.com\/de\/wp-json\/wp\/v2\/product_cat?post=22557"},{"taxonomy":"product_tag","embeddable":true,"href":"https:\/\/www.wepaflyer.com\/de\/wp-json\/wp\/v2\/product_tag?post=22557"}],"curies":[{"name":"wp","href":"https:\/\/api.w.org\/{rel}","templated":true}]}}