{"id":22551,"date":"2024-10-25T17:08:23","date_gmt":"2024-10-25T15:08:23","guid":{"rendered":"https:\/\/www.wepaflyer.com\/?post_type=product&#038;p=22551"},"modified":"2026-03-17T12:58:10","modified_gmt":"2026-03-17T11:58:10","slug":"cx-rio-singleskin-2-leinen-drachen","status":"publish","type":"product","link":"https:\/\/www.wepaflyer.com\/de\/produkt\/cx-rio-singleskin-2-leinen-drachen\/","title":{"rendered":"CX Rio \u2013 SingleSkin 2-Lines Kite"},"content":{"rendered":"<h3>Cross Kites CX Rio \u2013 SingleSkin<\/h3>\n<h4>Unzerst\u00f6rbare SingleSkin 2-Leiner-Lenkmatte f\u00fcr alle Altersgruppen | R2F | 5 Gr\u00f6\u00dfen<\/h4>\n<p>Der Rio ist der brandneue 2-Leiner-Einwandiger-Drachen in der CrossKites-Serie.<\/p>\n<p>Die <strong>Single Skin<\/strong>-Konstruktion macht den Rio nahezu unzerst\u00f6rbar und garantiert stundenlangen Spielspa\u00df f\u00fcr jede Zielgruppe und f\u00fcr jeden Anlass. Es ist leistungsstark, hat ein recht gro\u00dfes Windfenster und ist auch f\u00fcr Anf\u00e4nger sehr einfach zu handhaben. Aufgrund seines geringen Gewichts ben\u00f6tigt es zum Fliegen nur eine Sommerbrise. Wir garantieren maximalen Spa\u00df, der lange anh\u00e4lt!<\/p>\n<p><strong>CROSSKITES RIO \u2013 2-LEINER-SPA\u00dfKITE<\/strong> \u00a0Auf der Suche nach Freizeitspa\u00df, den jeder genie\u00dfen kann? Dann k\u00f6nnte der <strong>CrossKites CX Rio<\/strong> genau das Richtige f\u00fcr Sie sein. Dieser 2-Leiner-Drachen ist ideal f\u00fcr Anf\u00e4nger, die gerade erst mit dem Drachensteigen beginnen. Rio ist ein langlebiger einwandiger Drachen, der selbst in den leichtesten Winden abhebt. Das einfach zu lenkende Design und die au\u00dfergew\u00f6hnliche Stabilit\u00e4t des <strong>CrossKites Rio<\/strong> machen ihn f\u00fcr alle Altersgruppen geeignet.<\/p>\n<p>Trotz seiner Einfalt ist der Rio immer noch eine Herausforderung f\u00fcr den erfahreneren Drachenflieger. Durch die hohe Drehgeschwindigkeit gibt es immer Raum f\u00fcr Verbesserungen und neue Tricks, die es zu meistern gilt. Au\u00dferdem wird das Ready-2-Fly direkt aus der Verpackung geliefert, sodass Sie sofort mit dem Spa\u00df beginnen k\u00f6nnen.<\/p>\n<h6><strong>Verf\u00fcgbar in den folgenden Gr\u00f6\u00dfen:<\/strong><\/h6>\n<ul>\n<li><strong>CX Rio 1.2 Rainbow | <\/strong><strong>120 x 42 cm. | R2F (Ready-to-Fly) | 2&#215;18 Meter DacronLines 45daN | Alter 6+ | Windst\u00e4rke 2-5 Bft.<\/strong><\/li>\n<li><strong>CX Rio 1.5 Rainbow | <\/strong><strong>150 x 52 cm. | R2F (Ready-to-Fly) | 2&#215;18 Meter DyneemaLines 70daN | Alter 8+ | Windst\u00e4rke 2-5 Bft.<\/strong><\/li>\n<li><strong>CX Rio 1.8 Rainbow | <\/strong><strong>180 x 62 cm. | R2F (Ready-to-Fly) | 2&#215;18 Meter DyneemaLines 100daN | Alter 10+ | Windst\u00e4rke 2-5 Bft.<\/strong><\/li>\n<li><strong>CX Rio 2.1 Rainbow | 210 x 72 cm. | R2F (Ready-to-Fly) | 2&#215;18 Meter DyneemaLines 150daN | Alter 12+ | Windst\u00e4rke 2-5 Bft.<\/strong><\/li>\n<li><strong>CX Rio 2.5 Rainbow | 250 x 86 cm. | R2F (Ready-to-Fly) | 2&#215;18 Meter DyneemaLines 150daN | Alter 14+ | Windst\u00e4rke 2-5 Bft.<\/strong><\/li>\n<li><strong>Alle angegebenen Altersangaben sind Richtwerte<\/strong><\/li>\n<\/ul>\n<p><strong>Alle CrossKites CX Rio enthalten:<\/strong><\/p>\n<ul>\n<li><strong>Angemessene Flugleinen<\/strong><\/li>\n<li><strong>Lenkschlaufen (Straps)<\/strong><\/li>\n<li><strong>Handbuch mit Anleitungen<\/strong><\/li>\n<li><strong>Tragetasche<\/strong><\/li>\n<\/ul>\n","protected":false},"excerpt":{"rendered":"<p>Unzerst\u00f6rbare SingleSkin 2-Leiner-Lenkmatte f\u00fcr alle Altersgruppen | R2F | 5 Gr\u00f6\u00dfen<\/p>\n","protected":false},"featured_media":16233,"comment_status":"closed","ping_status":"closed","template":"","meta":{"_acf_changed":false},"product_brand":[],"product_cat":[2164,1347,2168,1348,1372],"product_tag":[],"class_list":{"0":"post-22551","1":"product","2":"type-product","3":"status-publish","4":"has-post-thumbnail","6":"product_cat-2-leiner-lenkmatten","7":"product_cat-angebote","8":"product_cat-cross-kites","9":"product_cat-marken","10":"product_cat-powerkites","12":"first","13":"instock","14":"sale","15":"taxable","16":"shipping-taxable","17":"purchasable","18":"product-type-variable"},"acf":[],"_links":{"self":[{"href":"https:\/\/www.wepaflyer.com\/de\/wp-json\/wp\/v2\/product\/22551","targetHints":{"allow":["GET"]}}],"collection":[{"href":"https:\/\/www.wepaflyer.com\/de\/wp-json\/wp\/v2\/product"}],"about":[{"href":"https:\/\/www.wepaflyer.com\/de\/wp-json\/wp\/v2\/types\/product"}],"replies":[{"embeddable":true,"href":"https:\/\/www.wepaflyer.com\/de\/wp-json\/wp\/v2\/comments?post=22551"}],"wp:featuredmedia":[{"embeddable":true,"href":"https:\/\/www.wepaflyer.com\/de\/wp-json\/wp\/v2\/media\/16233"}],"wp:attachment":[{"href":"https:\/\/www.wepaflyer.com\/de\/wp-json\/wp\/v2\/media?parent=22551"}],"wp:term":[{"taxonomy":"product_brand","embeddable":true,"href":"https:\/\/www.wepaflyer.com\/de\/wp-json\/wp\/v2\/product_brand?post=22551"},{"taxonomy":"product_cat","embeddable":true,"href":"https:\/\/www.wepaflyer.com\/de\/wp-json\/wp\/v2\/product_cat?post=22551"},{"taxonomy":"product_tag","embeddable":true,"href":"https:\/\/www.wepaflyer.com\/de\/wp-json\/wp\/v2\/product_tag?post=22551"}],"curies":[{"name":"wp","href":"https:\/\/api.w.org\/{rel}","templated":true}]}}