{"id":22550,"date":"2024-10-25T16:14:32","date_gmt":"2024-10-25T14:14:32","guid":{"rendered":"https:\/\/www.wepaflyer.com\/?post_type=product&#038;p=22550"},"modified":"2026-05-04T12:27:17","modified_gmt":"2026-05-04T10:27:17","slug":"cx-air-rainbow-1-2-highwind-limitierte-auflage","status":"publish","type":"product","link":"https:\/\/www.wepaflyer.com\/de\/produkt\/cx-air-rainbow-1-2-highwind-limitierte-auflage\/","title":{"rendered":"CX Air Rainbow 1.2 HighWind (Limitierte Auflage)"},"content":{"rendered":"<h3>Cross Kites CX Air Rainbow 1.2 StarkWind | Limited Edition<\/h3>\n<h4>2-Leiner-Lenkmatte f\u00fcr Kinder &amp; Anf\u00e4nger | Starkwindversion | R2F<\/h4>\n<p>Der neue <strong>CrossKites CX Air 1.2 HW (HighWind)<\/strong> ist speziell f\u00fcr st\u00e4rkere Winde konzipiert und bietet h\u00f6here Fluggeschwindigkeiten und pr\u00e4zise Kurven, ohne den Drachenpiloten zu \u00fcberfordern. Es bleibt reaktionsschnell und einfach zu bedienen.<\/p>\n<p>Dies wurde durch eine umfassende Neugestaltung der urspr\u00fcnglichen Drachenform erreicht, einschlie\u00dflich Anpassungen an der oberen Kurve und der Waagenanordnung sowie einem Upgrade auf leichteres 40D-Polyester-Nylontuch.<\/p>\n<p>Die <strong>High-Wind-Version<\/strong> weist im Vergleich zur regul\u00e4ren 1.2 Rainbow-Version bemerkenswerte Unterschiede und Verbesserungen auf, n\u00e4mlich eine neue Draufsicht, eine verfeinerte Kappenkurve und eine verbesserte Waagenanordnung. Diese \u00c4nderungen f\u00fchren zu einer gr\u00f6\u00dferen Windreichweite, insbesondere bei starkem Wind, und verbessern die Reaktionsf\u00e4higkeit des Drachens beim Lenken.<\/p>\n<p>Drachentuch \u2013 Das Material des Decksegels des <strong>CrossKites Air 1.2 HW<\/strong> wurde von 70D-Polyester auf 40D-Nylonpolyester aufgewertet. Dieses 40D-Material ist leichter, etwas flexibler und erfordert weniger Beschichtung, um die L\u00fccken zwischen den Schn\u00fcren zu f\u00fcllen.<\/p>\n<ul>\n<li><strong>CX Air 1.2 Rainbow 1.2 HighWind | <\/strong><strong>122 x 52 cm. | R2F (Ready-to-Fly) | Alter 8+ | Windst\u00e4rke 2-6,5 Bft.<\/strong><\/li>\n<\/ul>\n<p>Lenkschn\u00fcre \u2013 Obwohl die Spezifikationen gleich sind, sind die neuen Lenkschn\u00fcre st\u00e4rker als zuvor.<\/p>\n<p>Der 1.2 HW kommt mit einem wundersch\u00f6nen Farbverlauf in Regenbogenfarben.<\/p>\n<p><strong>Dieser CrossKites CX Air Rainbow 1.2 High Wind beinhaltet:<\/strong><\/p>\n<ul>\n<li><strong>St\u00e4rkere Lenkschn\u00fcre | 2&#215;18 Meter Dacron-Lines 45daN<\/strong><\/li>\n<li><strong>Lenkschlaufen (Straps)<\/strong><\/li>\n<li><strong>Handbuch mit Anleitungen<\/strong><\/li>\n<li><strong>Tragetasche<\/strong><\/li>\n<\/ul>\n","protected":false},"excerpt":{"rendered":"<p>2-Leiner-Lenkmatte f\u00fcr Kinder &amp; Anf\u00e4nger | Starkwindversion | R2F<\/p>\n","protected":false},"featured_media":16215,"comment_status":"closed","ping_status":"closed","template":"","meta":{"_acf_changed":false},"product_brand":[],"product_cat":[2164,2168,1348,1372,1384],"product_tag":[3632],"class_list":{"0":"post-22550","1":"product","2":"type-product","3":"status-publish","4":"has-post-thumbnail","6":"product_cat-2-leiner-lenkmatten","7":"product_cat-cross-kites","8":"product_cat-marken","9":"product_cat-powerkites","10":"product_cat-sale","11":"product_tag-powerkites","13":"first","14":"instock","15":"sale","16":"taxable","17":"shipping-taxable","18":"purchasable","19":"product-type-simple"},"acf":[],"_links":{"self":[{"href":"https:\/\/www.wepaflyer.com\/de\/wp-json\/wp\/v2\/product\/22550","targetHints":{"allow":["GET"]}}],"collection":[{"href":"https:\/\/www.wepaflyer.com\/de\/wp-json\/wp\/v2\/product"}],"about":[{"href":"https:\/\/www.wepaflyer.com\/de\/wp-json\/wp\/v2\/types\/product"}],"replies":[{"embeddable":true,"href":"https:\/\/www.wepaflyer.com\/de\/wp-json\/wp\/v2\/comments?post=22550"}],"wp:featuredmedia":[{"embeddable":true,"href":"https:\/\/www.wepaflyer.com\/de\/wp-json\/wp\/v2\/media\/16215"}],"wp:attachment":[{"href":"https:\/\/www.wepaflyer.com\/de\/wp-json\/wp\/v2\/media?parent=22550"}],"wp:term":[{"taxonomy":"product_brand","embeddable":true,"href":"https:\/\/www.wepaflyer.com\/de\/wp-json\/wp\/v2\/product_brand?post=22550"},{"taxonomy":"product_cat","embeddable":true,"href":"https:\/\/www.wepaflyer.com\/de\/wp-json\/wp\/v2\/product_cat?post=22550"},{"taxonomy":"product_tag","embeddable":true,"href":"https:\/\/www.wepaflyer.com\/de\/wp-json\/wp\/v2\/product_tag?post=22550"}],"curies":[{"name":"wp","href":"https:\/\/api.w.org\/{rel}","templated":true}]}}