{"id":22538,"date":"2024-10-19T13:20:34","date_gmt":"2024-10-19T11:20:34","guid":{"rendered":"https:\/\/www.wepaflyer.com\/?post_type=product&#038;p=22538"},"modified":"2025-03-31T12:27:12","modified_gmt":"2025-03-31T10:27:12","slug":"glasfaser-gfk-basic-restparteien","status":"publish","type":"product","link":"https:\/\/www.wepaflyer.com\/de\/produkt\/glasfaser-gfk-basic-restparteien\/","title":{"rendered":"Fiberglas (GfK) Basic | RESTPOSTEN"},"content":{"rendered":"<div class=\"wpb_text_column us_custom_2774bef1\">\n<div class=\"wpb_wrapper\">\n<h3><span style=\"schriftfamilie: var(--h1-font-family); schriftgr\u00f6\u00dfe: max(1.8rem, 1.8vw); schriftstil: var(--h1-font-style); text-transform: var(--h1-text-transform);\">Fiberglas (Glasfiber) Basic<\/span><\/h3>\n<p>&nbsp;<\/p>\n<\/div>\n<\/div>\n<div class=\"w-post-elm post_content\">\n<h5>RESTPOSTEN: Vollst\u00e4be von 4 mm in verschiedenen L\u00e4ngen<\/h5>\n<p>Auf der Suche nach <strong>Glasfaser-Restbest\u00e4nden<\/strong>? Suchen Sie nicht weiter, in unserem Online-Shop finden Sie Glasfaserstangen in verschiedenen Durchmessern und Gr\u00f6\u00dfen, auch bekannt unter der offiziellen Bezeichnung <strong>Fiberglas<\/strong>. Glasfaserst\u00e4be k\u00f6nnen f\u00fcr viele Zwecke verwendet werden, wir verwenden sie haupts\u00e4chlich als Drachenst\u00e4be, aber die M\u00f6glichkeiten mit diesem Material sind endlos.<\/p>\n<p>Wir haben regelm\u00e4\u00dfig Restmengen an Fiberglas Basic, da wir in unserer Produktion h\u00e4ufig Schnitt- und S\u00e4gereste in unterschiedlichen Durchmessern und L\u00e4ngen haben. Der Verbrauch hier ist ziemlich hoch, kommen Sie ab und zu im Webshop vorbei, um zu sehen, ob Ihnen etwas gef\u00e4llt.<\/p>\n<\/div>\n","protected":false},"excerpt":{"rendered":"<div class=\"wpb_text_column us_custom_2774bef1\">\n<div class=\"wpb_wrapper\">\n<p>RESTPOSTEN: Vollst\u00e4be von 4 mm in verschiedenen L\u00e4ngen<\/p>\n<\/div>\n<\/div>\n","protected":false},"featured_media":16064,"comment_status":"closed","ping_status":"closed","template":"","meta":{"_acf_changed":false},"product_brand":[],"product_cat":[1385,2173,1348,1384,2165],"product_tag":[],"class_list":{"0":"post-22538","1":"product","2":"type-product","3":"status-publish","4":"has-post-thumbnail","6":"product_cat-drachen-zubehor","7":"product_cat-drachenstabe","8":"product_cat-marken","9":"product_cat-sale","10":"product_cat-wepa","12":"first","13":"instock","14":"taxable","15":"shipping-taxable","16":"purchasable","17":"product-type-variable"},"acf":[],"_links":{"self":[{"href":"https:\/\/www.wepaflyer.com\/de\/wp-json\/wp\/v2\/product\/22538","targetHints":{"allow":["GET"]}}],"collection":[{"href":"https:\/\/www.wepaflyer.com\/de\/wp-json\/wp\/v2\/product"}],"about":[{"href":"https:\/\/www.wepaflyer.com\/de\/wp-json\/wp\/v2\/types\/product"}],"replies":[{"embeddable":true,"href":"https:\/\/www.wepaflyer.com\/de\/wp-json\/wp\/v2\/comments?post=22538"}],"wp:featuredmedia":[{"embeddable":true,"href":"https:\/\/www.wepaflyer.com\/de\/wp-json\/wp\/v2\/media\/16064"}],"wp:attachment":[{"href":"https:\/\/www.wepaflyer.com\/de\/wp-json\/wp\/v2\/media?parent=22538"}],"wp:term":[{"taxonomy":"product_brand","embeddable":true,"href":"https:\/\/www.wepaflyer.com\/de\/wp-json\/wp\/v2\/product_brand?post=22538"},{"taxonomy":"product_cat","embeddable":true,"href":"https:\/\/www.wepaflyer.com\/de\/wp-json\/wp\/v2\/product_cat?post=22538"},{"taxonomy":"product_tag","embeddable":true,"href":"https:\/\/www.wepaflyer.com\/de\/wp-json\/wp\/v2\/product_tag?post=22538"}],"curies":[{"name":"wp","href":"https:\/\/api.w.org\/{rel}","templated":true}]}}