{"id":22527,"date":"2024-10-19T12:21:35","date_gmt":"2024-10-19T10:21:35","guid":{"rendered":"https:\/\/www.wepaflyer.com\/?post_type=product&#038;p=22527"},"modified":"2026-01-21T13:27:05","modified_gmt":"2026-01-21T12:27:05","slug":"kohlenstoff-kohlenstoff-cfk-ueberlegene-groessere-durchmesser","status":"publish","type":"product","link":"https:\/\/www.wepaflyer.com\/de\/produkt\/kohlenstoff-kohlenstoff-cfk-ueberlegene-groessere-durchmesser\/","title":{"rendered":"Kohlefaser\/Carbon (CfK) Superior Gro\u00dfe Durchmesser"},"content":{"rendered":"<h3>Kohlefaser (Carbon) Superior | Gro\u00dfe Durchmesser<\/h3>\n<h5>Vollst\u00e4be ab 13 mm | Rohre ab 15x12mm | Dar\u00fcber hinaus weitere Abmessungen auf Anfrage<\/h5>\n<p>Suchen Sie nach <strong>Kohlefaserst\u00e4ben oder -rohren mit gro\u00dfem Durchmesser<\/strong>? Suchen Sie nicht weiter, in unserem Online-Shop finden Sie Carbonst\u00e4be, wie Kohlefaser auch genannt wird, in vielen Gr\u00f6\u00dfen mit gr\u00f6\u00dferen Durchmessern. Diese Kohlefaserst\u00e4be k\u00f6nnen f\u00fcr viele Zwecke verwendet werden, jeder kann sich eine Anwendung vorstellen, die M\u00f6glichkeiten mit diesem Material sind endlos.<\/p>\n<p>Neben Stangen oder <strong>Vollst\u00e4ben<\/strong> gibt es auch <strong>Kohlefaser-Rohre<\/strong>, die hohl sind, leichter als Vollst\u00e4be mit gleichem Durchmesser und deutlich steifer, also weniger oder nicht flexibel.<\/p>\n<p><strong>Bei der Dimensionierung geben wir immer zuerst den Au\u00dfendurchmesser des Rohrs und dann den Innendurchmesser an; Wenn die Gr\u00f6\u00dfe beispielsweise mit 15x12mm angegeben ist, der Au\u00dfendurchmesser 15mm und der Innendurchmesser 12mm betr\u00e4gt, betr\u00e4gt die Wandst\u00e4rke dann logischerweise 1,5 mm, da jedes Rohr 2 W\u00e4nde hat.<\/strong><\/p>\n<p><b>Mengenrabatte<\/b>; Beim Kauf gr\u00f6\u00dferer Mengen gew\u00e4hren wir folgende Mengenrabatte:<\/p>\n<ul>\n<li><b>ab 5 St\u00fcck: 5%<\/b><\/li>\n<li><b>ab 10 St\u00fcck: 7,5%<\/b><\/li>\n<li><b>ab 25 St\u00fcck: 10%<\/b><\/li>\n<\/ul>\n<p>Der Mengenrabatt wird direkt im Warenkorb abgerechnet.<\/p>\n<p><strong><em>BITTE BEACHTEN!: Die regul\u00e4ren Vollst\u00e4be und Rohre werden immer in einer L\u00e4nge von 200 cm geliefert. Wegen der L\u00e4nge der Pakete worin die Drachenst\u00e4be verpackt werden, zahlen Sie einen Versandzuschlag pro Paket; Dieser Zuschlag wird automatisch berechnet und im Bestellformular angezeigt<\/em><\/strong><\/p>\n","protected":false},"excerpt":{"rendered":"<p>Vollst\u00e4be ab 13 mm | Rohre ab 15x12mm | Dar\u00fcber hinaus weitere Abmessungen auf Anfrage<\/p>\n","protected":false},"featured_media":27579,"comment_status":"closed","ping_status":"closed","template":"","meta":{"_acf_changed":false},"product_brand":[],"product_cat":[1385,2173,1348,2165],"product_tag":[],"class_list":{"0":"post-22527","1":"product","2":"type-product","3":"status-publish","4":"has-post-thumbnail","6":"product_cat-drachen-zubehor","7":"product_cat-drachenstabe","8":"product_cat-marken","9":"product_cat-wepa","10":"product_shipping_class-stabe","12":"first","13":"instock","14":"taxable","15":"shipping-taxable","16":"purchasable","17":"product-type-variable"},"acf":[],"_links":{"self":[{"href":"https:\/\/www.wepaflyer.com\/de\/wp-json\/wp\/v2\/product\/22527","targetHints":{"allow":["GET"]}}],"collection":[{"href":"https:\/\/www.wepaflyer.com\/de\/wp-json\/wp\/v2\/product"}],"about":[{"href":"https:\/\/www.wepaflyer.com\/de\/wp-json\/wp\/v2\/types\/product"}],"replies":[{"embeddable":true,"href":"https:\/\/www.wepaflyer.com\/de\/wp-json\/wp\/v2\/comments?post=22527"}],"wp:featuredmedia":[{"embeddable":true,"href":"https:\/\/www.wepaflyer.com\/de\/wp-json\/wp\/v2\/media\/27579"}],"wp:attachment":[{"href":"https:\/\/www.wepaflyer.com\/de\/wp-json\/wp\/v2\/media?parent=22527"}],"wp:term":[{"taxonomy":"product_brand","embeddable":true,"href":"https:\/\/www.wepaflyer.com\/de\/wp-json\/wp\/v2\/product_brand?post=22527"},{"taxonomy":"product_cat","embeddable":true,"href":"https:\/\/www.wepaflyer.com\/de\/wp-json\/wp\/v2\/product_cat?post=22527"},{"taxonomy":"product_tag","embeddable":true,"href":"https:\/\/www.wepaflyer.com\/de\/wp-json\/wp\/v2\/product_tag?post=22527"}],"curies":[{"name":"wp","href":"https:\/\/api.w.org\/{rel}","templated":true}]}}