{"id":22526,"date":"2024-10-17T14:14:00","date_gmt":"2024-10-17T12:14:00","guid":{"rendered":"https:\/\/www.wepaflyer.com\/?post_type=product&#038;p=22526"},"modified":"2026-01-01T23:43:46","modified_gmt":"2026-01-01T22:43:46","slug":"fiberglas-gfk-superior-restparty-6x4mm-x-71cm","status":"publish","type":"product","link":"https:\/\/www.wepaflyer.com\/de\/produkt\/fiberglas-gfk-superior-restparty-6x4mm-x-71cm\/","title":{"rendered":"Fiberglas (GfK) Superior RESTPOSTEN | 6x4mm x 71cm"},"content":{"rendered":"<h3>Fiberglas (Glasfaser) Superior<\/h3>\n<h5>Restposten: Rohre \u00e0 6x4mm x 71cm | WEG = WEG<\/h5>\n<p>Wenn du hohe Anspr\u00fcche an deinen Kite und damit auch an die dazugeh\u00f6rigen Teile, wie z. B. St\u00e4be, stellst, dann w\u00e4hle <strong>Fiberglas<\/strong>\u00a0in SUPERIOR-Qualit\u00e4t.<\/p>\n<p><span>Die erstklassige Verharzung sorgt f\u00fcr eine optimale Verbindung der Glasfaserfasern und eine l\u00e4ngere Lebensdauer. Im Vergleich mit den BASIC-St\u00e4ben halten die SUPERIOR-St\u00e4be und -Rohre eine h\u00f6here Biegebeanspruchung aus (Vollstangen) oder sind leichter und steifer (Rohre), was die Leistung des Kites erh\u00f6ht. Nat\u00fcrlich k\u00f6nnen diese Glasfaserst\u00e4be und -rohre auch f\u00fcr andere Zwecke verwendet werden.<\/span><\/p>\n<p>Die SUPERIOR-Vollst\u00e4be und -Rohre k\u00f6nnen in zwei Produktionsqualit\u00e4ten unterteilt werden, n\u00e4mlich in <strong>UD = Uni-Directional<\/strong> und in <strong>UDIB = Uni-Directional &amp; Innengeflecht<\/strong>. Die St\u00e4be und Rohre werden immer in einer dieser beiden Qualit\u00e4ten hergestellt, die je nach Produktionsdurchgang variieren.<\/p>\n<p><strong>Bei der Dimensionierung geben wir immer zuerst den Au\u00dfendurchmesser des Rohrs und dann den Innendurchmesser an; Wenn die Gr\u00f6\u00dfe beispielsweise mit 6x4mm angegeben ist, dann betr\u00e4gt der Au\u00dfendurchmesser 6mm und der Innendurchmesser 4mm, die Wandst\u00e4rke betr\u00e4gt dann logischerweise 1 mm, da jedes Rohr 2 W\u00e4nde hat.<\/strong><\/p>\n<h5>Nutzen Sie dieses Angebot!<\/h5>\n","protected":false},"excerpt":{"rendered":"<p>Restposten: Rohre \u00e0 6x4mm x 71cm | WEG = WEG<\/p>\n","protected":false},"featured_media":15986,"comment_status":"closed","ping_status":"closed","template":"","meta":{"_acf_changed":false},"product_brand":[],"product_cat":[1385,2173,1348,1384,2165],"product_tag":[],"class_list":{"0":"post-22526","1":"product","2":"type-product","3":"status-publish","4":"has-post-thumbnail","6":"product_cat-drachen-zubehor","7":"product_cat-drachenstabe","8":"product_cat-marken","9":"product_cat-sale","10":"product_cat-wepa","12":"first","13":"instock","14":"taxable","15":"shipping-taxable","16":"purchasable","17":"product-type-simple"},"acf":[],"_links":{"self":[{"href":"https:\/\/www.wepaflyer.com\/de\/wp-json\/wp\/v2\/product\/22526","targetHints":{"allow":["GET"]}}],"collection":[{"href":"https:\/\/www.wepaflyer.com\/de\/wp-json\/wp\/v2\/product"}],"about":[{"href":"https:\/\/www.wepaflyer.com\/de\/wp-json\/wp\/v2\/types\/product"}],"replies":[{"embeddable":true,"href":"https:\/\/www.wepaflyer.com\/de\/wp-json\/wp\/v2\/comments?post=22526"}],"wp:featuredmedia":[{"embeddable":true,"href":"https:\/\/www.wepaflyer.com\/de\/wp-json\/wp\/v2\/media\/15986"}],"wp:attachment":[{"href":"https:\/\/www.wepaflyer.com\/de\/wp-json\/wp\/v2\/media?parent=22526"}],"wp:term":[{"taxonomy":"product_brand","embeddable":true,"href":"https:\/\/www.wepaflyer.com\/de\/wp-json\/wp\/v2\/product_brand?post=22526"},{"taxonomy":"product_cat","embeddable":true,"href":"https:\/\/www.wepaflyer.com\/de\/wp-json\/wp\/v2\/product_cat?post=22526"},{"taxonomy":"product_tag","embeddable":true,"href":"https:\/\/www.wepaflyer.com\/de\/wp-json\/wp\/v2\/product_tag?post=22526"}],"curies":[{"name":"wp","href":"https:\/\/api.w.org\/{rel}","templated":true}]}}