{"id":22502,"date":"2024-10-12T17:08:04","date_gmt":"2024-10-12T15:08:04","guid":{"rendered":"https:\/\/www.wepaflyer.com\/?post_type=product&#038;p=22502"},"modified":"2026-05-04T12:40:03","modified_gmt":"2026-05-04T10:40:03","slug":"plkb-kiteflyingset-quad","status":"publish","type":"product","link":"https:\/\/www.wepaflyer.com\/de\/produkt\/plkb-kiteflyingset-quad\/","title":{"rendered":"PLKB KiteFlyingSet QUAD"},"content":{"rendered":"<h3>PLKB | PETER LYNN KITEFLYING-SET QUAD<\/h3>\n<h4>Das komplette Starterpaket | ALU-QUAD-Griffe | QUAD-Lines-Set | Drachenzubeh\u00f6r | Verschiedene Versionen | Ready to go!<\/h4>\n<p><strong>PLKB (ehemals Peter Lynn) Kitelines sind von h\u00f6chster Qualit\u00e4t und speziell f\u00fcr den Kitesport getestet und entwickelt. Maximal vorgedehnt, mit gen\u00e4hten \u00c4rmeln (M\u00e4ntel) und die Dehnung betr\u00e4gt nahezu 0 %.<\/strong><\/p>\n<p>PLKB ALU-Quad-Griffe sind von h\u00f6chster Qualit\u00e4t, in Allround, Race &amp; Freestyle-Version verf\u00fcgbar<\/p>\n<p>Zur schnellen Erkennung und zum Schutz der Fasern vor UV-Strahlung, Salz und Sand sind diese Oberleinen alle farbig beschichtet.<\/p>\n<p>Die <strong>PLKB\/Peter Lynn KiteFlyingSets<\/strong> sind in folgenden Ausf\u00fchrungen erh\u00e4ltlich:<\/p>\n<ul>\n<li>PLKB KiteFlyingSet QUAD 4&#215;20 Meter | 200\/100daN | ALLROUND ALU-Griffe gro\u00df | Inklusive PLKB Groundstake in Box<\/li>\n<li>PLKB KiteFlyingSet QUAD 4&#215;20 Meter | 300\/150daN | RACE ALU Griffe klein | Inklusive PLKB Groundstake in Box<\/li>\n<li>PLKB KiteFlyingSet QUAD 4&#215;20 Meter | 300\/150daN | RACE ALU Griffe gro\u00df | Inklusive PLKB Groundstake in Box<\/li>\n<li>PLKB KiteFlyingSet QUAD 4&#215;20 Meter | 300\/150daN | FREESTYLE ALU Griffe klein | Inklusive PLKB Groundstake in Box <strong>+ 2x SafetyLeash<\/strong><\/li>\n<\/ul>\n<p><strong>Wenn Sie auf der Suche nach dem kompletten Starterpaket in den hochwertigen Quad-Lines, ALU-Griffen mit dazugeh\u00f6rigem Zubeh\u00f6r sind, treffen Sie hier Ihre Wahl.<\/strong><\/p>\n","protected":false},"excerpt":{"rendered":"<p>Das komplette Starterpaket | ALU-QUAD-Griffe | QUAD-Lines-Set | Drachenzubeh\u00f6r | Verschiedene Versionen | Ready to go!<\/p>\n","protected":false},"featured_media":15845,"comment_status":"closed","ping_status":"closed","template":"","meta":{"_acf_changed":false},"product_brand":[],"product_cat":[2172,1348,2163,3546,1384],"product_tag":[3637],"class_list":{"0":"post-22502","1":"product","2":"type-product","3":"status-publish","4":"has-post-thumbnail","6":"product_cat-drachenleinen","7":"product_cat-marken","8":"product_cat-peter-lynn","9":"product_cat-powerkites-zubehor","10":"product_cat-sale","11":"product_tag-accessoires","13":"first","14":"instock","15":"sale","16":"taxable","17":"shipping-taxable","18":"purchasable","19":"product-type-variable"},"acf":[],"_links":{"self":[{"href":"https:\/\/www.wepaflyer.com\/de\/wp-json\/wp\/v2\/product\/22502","targetHints":{"allow":["GET"]}}],"collection":[{"href":"https:\/\/www.wepaflyer.com\/de\/wp-json\/wp\/v2\/product"}],"about":[{"href":"https:\/\/www.wepaflyer.com\/de\/wp-json\/wp\/v2\/types\/product"}],"replies":[{"embeddable":true,"href":"https:\/\/www.wepaflyer.com\/de\/wp-json\/wp\/v2\/comments?post=22502"}],"wp:featuredmedia":[{"embeddable":true,"href":"https:\/\/www.wepaflyer.com\/de\/wp-json\/wp\/v2\/media\/15845"}],"wp:attachment":[{"href":"https:\/\/www.wepaflyer.com\/de\/wp-json\/wp\/v2\/media?parent=22502"}],"wp:term":[{"taxonomy":"product_brand","embeddable":true,"href":"https:\/\/www.wepaflyer.com\/de\/wp-json\/wp\/v2\/product_brand?post=22502"},{"taxonomy":"product_cat","embeddable":true,"href":"https:\/\/www.wepaflyer.com\/de\/wp-json\/wp\/v2\/product_cat?post=22502"},{"taxonomy":"product_tag","embeddable":true,"href":"https:\/\/www.wepaflyer.com\/de\/wp-json\/wp\/v2\/product_tag?post=22502"}],"curies":[{"name":"wp","href":"https:\/\/api.w.org\/{rel}","templated":true}]}}