{"id":22498,"date":"2024-10-12T14:10:36","date_gmt":"2024-10-12T12:10:36","guid":{"rendered":"https:\/\/www.wepaflyer.com\/?post_type=product&#038;p=22498"},"modified":"2026-05-04T15:26:51","modified_gmt":"2026-05-04T13:26:51","slug":"hq4-depower-y-lineset-rush-pro-hydra-lenkerset","status":"publish","type":"product","link":"https:\/\/www.wepaflyer.com\/de\/produkt\/hq4-depower-y-lineset-rush-pro-hydra-lenkerset\/","title":{"rendered":"HQ4 Depower Y-LineSet"},"content":{"rendered":"<h3>HQ4 Depower Y-LineSet<\/h3>\n<h4>Speziell entwickelte Lenk-Sets f\u00fcr Depower Kites | In L\u00e4ngen von22 &amp; 25 Meter<\/h4>\n<p><strong>HQ Kitelines sind von h\u00f6chster Qualit\u00e4t und speziell in Zusammenarbeit mit Liros f\u00fcr den Kitesport getestet und entwickelt. Maximal vorgedehnt betr\u00e4gt die Dehnung nahezu 0%.<\/strong><\/p>\n<p>Diese Lenkschn\u00fcre bestehen aus Dyneema-Fasern und sind alle zur schnellen Erkennung und zum Schutz der Fasern vor UV-Strahlung, Salz und Sand mit einer farbigen Beschichtung versehen.<\/p>\n<p>Die HQ-Lenksets sind mit gen\u00e4hten H\u00fclsen (Manteln) ausgestattet und in folgenden L\u00e4ngen und St\u00e4rken erh\u00e4ltlich:<\/p>\n<ul>\n<li>HQ Depower Y-LineSet 3&#215;22 Meter | 270\/300\/600daN | <strong>Backline-Set 270 daN<\/strong><\/li>\n<li>HQ Depower Y-LineSet 3&#215;25 Meter | 270\/300\/600daN | <strong>Backline-Set 270 daN<\/strong><\/li>\n<\/ul>\n<p><strong>Wenn Sie auf der Suche nach qualitativ hochwertigen Schn\u00fcren sind, dann sind die Kitelines von HQ eine ausgezeichnete Wahl.<\/strong><\/p>\n<p><b>Hinweis!<\/b> : Bei diesen Leinen, die auf einem Winder (Wickelgriff) aufgewickelt sind, ben\u00f6tigt man noch Zubeh\u00f6r, um tats\u00e4chlich kiten zu k\u00f6nnen. Bitte schauen Sie sich das Kite-Zubeh\u00f6r und insbesondere die ALU-Griffe und Lenkstangen an. Der Winder dient ausschlie\u00dflich der Aufbewahrung der Schnur. Die Wickelgriffe werden in verschiedenen Farben sortiert geliefert. Diese Winder bestehen aus robustem PE-Material, die Schnur ist von bester Qualit\u00e4t, getestet und garantiert von HQ.<\/p>\n","protected":false},"excerpt":{"rendered":"<p>Speziell entwickelte Lenk-Sets f\u00fcr Depower Kites | In L\u00e4ngen von22 &amp; 25 Meter<\/p>\n","protected":false},"featured_media":15816,"comment_status":"closed","ping_status":"closed","template":"","meta":{"_acf_changed":false},"product_brand":[],"product_cat":[1347,2172,2180,1348,3546],"product_tag":[3637],"class_list":{"0":"post-22498","1":"product","2":"type-product","3":"status-publish","4":"has-post-thumbnail","6":"product_cat-angebote","7":"product_cat-drachenleinen","8":"product_cat-hq4","9":"product_cat-marken","10":"product_cat-powerkites-zubehor","11":"product_tag-accessoires","13":"first","14":"instock","15":"sale","16":"taxable","17":"shipping-taxable","18":"purchasable","19":"product-type-variable"},"acf":[],"_links":{"self":[{"href":"https:\/\/www.wepaflyer.com\/de\/wp-json\/wp\/v2\/product\/22498","targetHints":{"allow":["GET"]}}],"collection":[{"href":"https:\/\/www.wepaflyer.com\/de\/wp-json\/wp\/v2\/product"}],"about":[{"href":"https:\/\/www.wepaflyer.com\/de\/wp-json\/wp\/v2\/types\/product"}],"replies":[{"embeddable":true,"href":"https:\/\/www.wepaflyer.com\/de\/wp-json\/wp\/v2\/comments?post=22498"}],"wp:featuredmedia":[{"embeddable":true,"href":"https:\/\/www.wepaflyer.com\/de\/wp-json\/wp\/v2\/media\/15816"}],"wp:attachment":[{"href":"https:\/\/www.wepaflyer.com\/de\/wp-json\/wp\/v2\/media?parent=22498"}],"wp:term":[{"taxonomy":"product_brand","embeddable":true,"href":"https:\/\/www.wepaflyer.com\/de\/wp-json\/wp\/v2\/product_brand?post=22498"},{"taxonomy":"product_cat","embeddable":true,"href":"https:\/\/www.wepaflyer.com\/de\/wp-json\/wp\/v2\/product_cat?post=22498"},{"taxonomy":"product_tag","embeddable":true,"href":"https:\/\/www.wepaflyer.com\/de\/wp-json\/wp\/v2\/product_tag?post=22498"}],"curies":[{"name":"wp","href":"https:\/\/api.w.org\/{rel}","templated":true}]}}