{"id":22493,"date":"2024-10-12T11:42:41","date_gmt":"2024-10-12T09:42:41","guid":{"rendered":"https:\/\/www.wepaflyer.com\/?post_type=product&#038;p=22493"},"modified":"2026-05-04T12:40:03","modified_gmt":"2026-05-04T10:40:03","slug":"hq-wickler-set-quadlines","status":"publish","type":"product","link":"https:\/\/www.wepaflyer.com\/de\/produkt\/hq-wickler-set-quadlines\/","title":{"rendered":"HQ WinderSet QuadLines"},"content":{"rendered":"<h3>HQ WINDERSET QUAD LINES<\/h3>\n<h4>QUAD LinesSets | 3 verschiedene St\u00e4rken | F\u00fcr <strong>Revolutions<\/strong> &amp; andere Quad Kites &amp; f\u00fcr 4-Leiner Power Kites<\/h4>\n<p><strong>HQ Kitelines sind von h\u00f6chster Qualit\u00e4t und speziell in Zusammenarbeit mit Liros f\u00fcr den Kitesport getestet und entwickelt. Maximal vorgedehnt betr\u00e4gt die Dehnung nahezu 0%.<\/strong><\/p>\n<p>Diese Lenkschn\u00fcre bestehen aus Dyneema-Fasern und sind alle zur schnellen Erkennung und zum Schutz der Fasern vor UV-Strahlung, Salz und Sand mit einer farbigen Beschichtung versehen.<\/p>\n<p>Die HQ-Lenksets sind mit gen\u00e4hten H\u00fclsen (Manteln) ausgestattet und in folgenden L\u00e4ngen und St\u00e4rken erh\u00e4ltlich:<\/p>\n<ul>\n<li>HQ Winderset QuadLines Color 4x20meter | 50\/50daN | Speziell f\u00fcr <strong>Revolutions<\/strong> &amp; andere \u00e4hnliche QuadLine-Drachen<\/li>\n<li>HQ Winderset QuadLines Color 4&#215;25 Meter | 160\/70daN | Speziell f\u00fcr die gr\u00f6\u00dferen <strong>Symphony PRO<\/strong>-Modelle und vergleichbare Lenkmatten-4-Leiner<\/li>\n<li>HQ Winderset QuadLines Color 4x20meter | 200\/200saN | Speziell f\u00fcr die <strong>Rush PRO School<\/strong> und \u00e4hnliche Trainer-Kites<\/li>\n<\/ul>\n<p><strong>Wenn Sie auf der Suche nach qualitativ hochwertigen Leinen sind, dann sind die Kitelines von HQ eine ausgezeichnete Wahl.<\/strong><\/p>\n<p><b>Hinweis!<\/b>: Bei diesen Schn\u00fcren, die auf einem Winder (Wickelgriff) aufgewickelt sind, ben\u00f6tigt man noch Zubeh\u00f6r, um tats\u00e4chlich kiten zu k\u00f6nnen. Bitte schauen Sie sich das Kite-Zubeh\u00f6r und insbesondere die ALU-Griffe und Lenkstangen an. Der Winder dient ausschlie\u00dflich der Aufbewahrung der Schnur. Die Wickelgriffe werden in den abgebildeten Farben geliefert. Diese Winder bestehen aus robustem PE-Material, die Schnur ist von bester Qualit\u00e4t, getestet und garantiert von HQ.<\/p>\n<p><b>Mengenrabatte<\/b>; Beim Kauf gr\u00f6\u00dferer Mengen gew\u00e4hren wir folgende Mengenrabatte:<\/p>\n<ul>\n<li><b>ab 2 St\u00fcck: 2,5%<\/b><\/li>\n<li><b>ab 3 St\u00fcck: 5%<\/b><\/li>\n<\/ul>\n<p>Der Mengenrabatt wird direkt im Warenkorb abgerechnet.<\/p>\n","protected":false},"excerpt":{"rendered":"<p>QUAD LinesSets | 3 verschiedene St\u00e4rken | F\u00fcr <strong>Revolutions<\/strong> &amp; andere Quad Kites &amp; f\u00fcr 4-Leiner Power Kites<\/p>\n","protected":false},"featured_media":15779,"comment_status":"closed","ping_status":"closed","template":"","meta":{"_acf_changed":false},"product_brand":[],"product_cat":[2172,2177,1348,3546,2166],"product_tag":[3637],"class_list":{"0":"post-22493","1":"product","2":"type-product","3":"status-publish","4":"has-post-thumbnail","6":"product_cat-drachenleinen","7":"product_cat-hq-kites","8":"product_cat-marken","9":"product_cat-powerkites-zubehor","10":"product_cat-quad-line-kites","11":"product_tag-accessoires","13":"first","14":"instock","15":"sale","16":"taxable","17":"shipping-taxable","18":"purchasable","19":"product-type-variable"},"acf":[],"_links":{"self":[{"href":"https:\/\/www.wepaflyer.com\/de\/wp-json\/wp\/v2\/product\/22493","targetHints":{"allow":["GET"]}}],"collection":[{"href":"https:\/\/www.wepaflyer.com\/de\/wp-json\/wp\/v2\/product"}],"about":[{"href":"https:\/\/www.wepaflyer.com\/de\/wp-json\/wp\/v2\/types\/product"}],"replies":[{"embeddable":true,"href":"https:\/\/www.wepaflyer.com\/de\/wp-json\/wp\/v2\/comments?post=22493"}],"wp:featuredmedia":[{"embeddable":true,"href":"https:\/\/www.wepaflyer.com\/de\/wp-json\/wp\/v2\/media\/15779"}],"wp:attachment":[{"href":"https:\/\/www.wepaflyer.com\/de\/wp-json\/wp\/v2\/media?parent=22493"}],"wp:term":[{"taxonomy":"product_brand","embeddable":true,"href":"https:\/\/www.wepaflyer.com\/de\/wp-json\/wp\/v2\/product_brand?post=22493"},{"taxonomy":"product_cat","embeddable":true,"href":"https:\/\/www.wepaflyer.com\/de\/wp-json\/wp\/v2\/product_cat?post=22493"},{"taxonomy":"product_tag","embeddable":true,"href":"https:\/\/www.wepaflyer.com\/de\/wp-json\/wp\/v2\/product_tag?post=22493"}],"curies":[{"name":"wp","href":"https:\/\/api.w.org\/{rel}","templated":true}]}}