{"id":22492,"date":"2024-10-09T13:20:09","date_gmt":"2024-10-09T11:20:09","guid":{"rendered":"https:\/\/www.wepaflyer.com\/?post_type=product&#038;p=22492"},"modified":"2024-11-22T13:06:38","modified_gmt":"2024-11-22T12:06:38","slug":"indo-layang-papier-fighterkite","status":"publish","type":"product","link":"https:\/\/www.wepaflyer.com\/de\/produkt\/indo-layang-papier-fighterkite\/","title":{"rendered":"INDO LAYANG PAPIER \u2013 FIGHTERKITE"},"content":{"rendered":"<h2>INDO LAYANG PAPIER \u2013 FIGHTERKITE<\/h2>\n<h3>50 x 50 cm. | R2F | Kampfpilot<\/h3>\n<p>Original indonesischer Papierkampfdrachen.<\/p>\n<p><b>Original handgefertigt in Indonesien.<\/b><\/p>\n<p>Bei diesem Einleiner-Kampfdrachen handelt es sich um einen klassischen Drachen, der seit jeher von Kindern in Indonesien geflogen wird und mit dem sie durch geschicktes Man\u00f6vrieren und taktisches Einf\u00fchlungsverm\u00f6gen zeigen, wer den besten Drachen hat und wer letztlich der beste Drachenflieger ist.<\/p>\n<p>Dieser Papierdrachen wird in Indonesien handgefertigt und von uns in die Niederlande gebracht. In zwei Versionen erh\u00e4ltlich, n\u00e4mlich in <b>UNI-Farbe (wei\u00df, gelb und rot)<\/b> und mit <b>PRINT (wei\u00df mit Design)<\/b>, ist jedes Modell ein Unikat. Der Rahmen besteht aus Bambus und ist in den Drachen eingeklebt. Dieser Paper Fighter fliegt wirklich, ist aber aufgrund der Originalkonstruktion nat\u00fcrlich angreifbar. Sehr sch\u00f6n als Dekodrachen!<\/p>\n<p>Der Drachen wird flugfertig geliefert, d.h. mit Drachenleine auf einer kleinen Rolle.<\/p>\n<p>Bei der Lieferung werden die Drachen in zuf\u00e4lliger Reihenfolge verpackt. Wenn Sie <b>UNI- oder PRINT-Drachen<\/b> bevorzugen, k\u00f6nnen Sie dies im <b>Bestellformular<\/b> im Feld <b> tun Geben Sie \u201eBestellnotizen\u201c an<\/b>\u00a0.<\/p>\n<p><b>Mengenrabatte<\/b>; Beim Kauf gr\u00f6\u00dferer Mengen gew\u00e4hren wir folgende Mengenrabatte:<\/p>\n<ul>\n<li><b>ab 5 St\u00fcck: 5%<\/b><\/li>\n<li><b>ab 10 St\u00fcck: 7,5%<\/b><\/li>\n<li><b>ab 25 St\u00fcck: 10%<\/b><\/li>\n<\/ul>\n<p>Der Mengenrabatt wird direkt im Warenkorb abgerechnet.<\/p>\n","protected":false},"excerpt":{"rendered":"<p>INDO LAYANG PAPIER &#8211; FIGHTERKITE |\u00a050 x 50 cm. | R2F | Kampfpilot<\/p>\n","protected":false},"featured_media":12830,"comment_status":"closed","ping_status":"closed","template":"","meta":{"_acf_changed":false},"product_brand":[],"product_cat":[1396,2184],"product_tag":[],"class_list":{"0":"post-22492","1":"product","2":"type-product","3":"status-publish","4":"has-post-thumbnail","6":"product_cat-drachen","7":"product_cat-kinderdrachen","9":"first","10":"instock","11":"taxable","12":"shipping-taxable","13":"purchasable","14":"product-type-simple"},"acf":[],"_links":{"self":[{"href":"https:\/\/www.wepaflyer.com\/de\/wp-json\/wp\/v2\/product\/22492","targetHints":{"allow":["GET"]}}],"collection":[{"href":"https:\/\/www.wepaflyer.com\/de\/wp-json\/wp\/v2\/product"}],"about":[{"href":"https:\/\/www.wepaflyer.com\/de\/wp-json\/wp\/v2\/types\/product"}],"replies":[{"embeddable":true,"href":"https:\/\/www.wepaflyer.com\/de\/wp-json\/wp\/v2\/comments?post=22492"}],"wp:featuredmedia":[{"embeddable":true,"href":"https:\/\/www.wepaflyer.com\/de\/wp-json\/wp\/v2\/media\/12830"}],"wp:attachment":[{"href":"https:\/\/www.wepaflyer.com\/de\/wp-json\/wp\/v2\/media?parent=22492"}],"wp:term":[{"taxonomy":"product_brand","embeddable":true,"href":"https:\/\/www.wepaflyer.com\/de\/wp-json\/wp\/v2\/product_brand?post=22492"},{"taxonomy":"product_cat","embeddable":true,"href":"https:\/\/www.wepaflyer.com\/de\/wp-json\/wp\/v2\/product_cat?post=22492"},{"taxonomy":"product_tag","embeddable":true,"href":"https:\/\/www.wepaflyer.com\/de\/wp-json\/wp\/v2\/product_tag?post=22492"}],"curies":[{"name":"wp","href":"https:\/\/api.w.org\/{rel}","templated":true}]}}