{"id":22485,"date":"2024-09-21T17:06:26","date_gmt":"2024-09-21T15:06:26","guid":{"rendered":"https:\/\/www.wepaflyer.com\/?post_type=product&#038;p=22485"},"modified":"2024-11-22T13:06:37","modified_gmt":"2024-11-22T12:06:37","slug":"acro-racer-u-stueck-4mm","status":"publish","type":"product","link":"https:\/\/www.wepaflyer.com\/de\/produkt\/acro-racer-u-stueck-4mm\/","title":{"rendered":"Acro Racer U-St\u00fcck 4mm"},"content":{"rendered":"<h3>Acro Racer U-St\u00fcck \u00f8 4 mm<\/h3>\n<h5>\u00f8 4mm<\/h5>\n<p>Das bekannte U-St\u00fcck, das speziell f\u00fcr den Acro Racer entwickelt wurde, aber nat\u00fcrlich auch f\u00fcr viele andere Kites verwendet werden kann.<\/p>\n<p>Aus felsenfestem Kunststoffmaterial in Wei\u00df (Creme oder Schwarz).<\/p>\n<p><b>BITTE BEACHTEN!: F\u00fcr diesen Artikel gelten folgende Mengenrabatte:<\/b><\/p>\n<ul>\n<li><b>10 St\u00fcck: 5%<\/b><\/li>\n<li><strong>25 St\u00fcck: 7,5%<\/strong><\/li>\n<li><strong>50 St\u00fcck: 10%<\/strong><\/li>\n<li><b>100 St\u00fcck: 15%<\/b><\/li>\n<li><b>250 St\u00fcck: 20 %<\/b><\/li>\n<li><b>500 St\u00fcck: 25 %<\/b><\/li>\n<\/ul>\n<p>Bei Eingabe einer Bestellung wird der entsprechende Rabatt direkt im Warenkorb berechnet.<\/p>\n","protected":false},"excerpt":{"rendered":"<p>Acro Racer L-St\u00fcck \u00f8 4mm<\/p>\n","protected":false},"featured_media":15372,"comment_status":"closed","ping_status":"closed","template":"","meta":{"_acf_changed":false},"product_brand":[],"product_cat":[2151,1385,3368,1348,2165],"product_tag":[],"class_list":{"0":"post-22485","1":"product","2":"type-product","3":"status-publish","4":"has-post-thumbnail","6":"product_cat-acro-racer","7":"product_cat-drachen-zubehor","8":"product_cat-drachenteile-kunststoff","9":"product_cat-marken","10":"product_cat-wepa","12":"first","13":"instock","14":"taxable","15":"shipping-taxable","16":"purchasable","17":"product-type-simple"},"acf":[],"_links":{"self":[{"href":"https:\/\/www.wepaflyer.com\/de\/wp-json\/wp\/v2\/product\/22485","targetHints":{"allow":["GET"]}}],"collection":[{"href":"https:\/\/www.wepaflyer.com\/de\/wp-json\/wp\/v2\/product"}],"about":[{"href":"https:\/\/www.wepaflyer.com\/de\/wp-json\/wp\/v2\/types\/product"}],"replies":[{"embeddable":true,"href":"https:\/\/www.wepaflyer.com\/de\/wp-json\/wp\/v2\/comments?post=22485"}],"wp:featuredmedia":[{"embeddable":true,"href":"https:\/\/www.wepaflyer.com\/de\/wp-json\/wp\/v2\/media\/15372"}],"wp:attachment":[{"href":"https:\/\/www.wepaflyer.com\/de\/wp-json\/wp\/v2\/media?parent=22485"}],"wp:term":[{"taxonomy":"product_brand","embeddable":true,"href":"https:\/\/www.wepaflyer.com\/de\/wp-json\/wp\/v2\/product_brand?post=22485"},{"taxonomy":"product_cat","embeddable":true,"href":"https:\/\/www.wepaflyer.com\/de\/wp-json\/wp\/v2\/product_cat?post=22485"},{"taxonomy":"product_tag","embeddable":true,"href":"https:\/\/www.wepaflyer.com\/de\/wp-json\/wp\/v2\/product_tag?post=22485"}],"curies":[{"name":"wp","href":"https:\/\/api.w.org\/{rel}","templated":true}]}}