{"id":22481,"date":"2024-08-24T16:36:47","date_gmt":"2024-08-24T14:36:47","guid":{"rendered":"https:\/\/www.wepaflyer.com\/?post_type=product&#038;p=22481"},"modified":"2026-04-06T11:14:10","modified_gmt":"2026-04-06T09:14:10","slug":"skypatch-40d","status":"publish","type":"product","link":"https:\/\/www.wepaflyer.com\/de\/produkt\/skypatch-40d\/","title":{"rendered":"SKYPATCH 40D"},"content":{"rendered":"<h3>SKYPATCH: Ripstop-Nylontuch 40D<\/h3>\n<h5>PRO LAUFENDER METER | 51 g\/m\u00b2 |\u00a0 149 cm. | Doppelseitige Beschichtung<\/h5>\n<p id=\"tw-target-text\" class=\"tw-data-text tw-text-large tw-ta\" dir=\"ltr\" data-placeholder=\"Vertaling\" aria-label=\"Vertaalde tekst: Der Name SkyPatch sagt alles; Dieser Stoff ist ideal f\u00fcr Sport- und Foliendrachen. Die Eigenschaften dieses doppelseitig beschichteten 40D-Ripstop-Nylongewebes machen es auch f\u00fcr verschiedene andere Anwendungen zu einer hervorragenden Wahl. Profitieren Sie optimal von unseren Business-Rabatten! Mengenrabatte f\u00fcr Eink\u00e4ufe ab 10 Metern finden Sie unten auf dieser Seite. SkyPatch ist als Ripstop-Nylongewebe f\u00fcr den Drachenflug konzipiert, bei dem Eigenschaften wie Haltbarkeit, Porosit\u00e4t und Flexibilit\u00e4t von entscheidender Bedeutung sind. Diese Eigenschaften machen SkyPatch zu einer ausgezeichneten Wahl f\u00fcr das Drachensteigen.\" data-ved=\"2ahUKEwiiqqK44LiKAxWviv0HHSxwMy4Q3ewLegQIAxAU\"><span class=\"Y2IQFc\" lang=\"de\">Der Name <strong>SkyPatch<\/strong> sagt alles; Dieser Stoff ist ideal f\u00fcr Sport- und Foliendrachen.<br \/>\nDie Eigenschaften dieses doppelseitig beschichteten 40D-Ripstop-Nylongewebes machen es auch f\u00fcr verschiedene andere Anwendungen zu einer hervorragenden Wahl. <\/span><\/p>\n<p class=\"tw-data-text tw-text-large tw-ta\" dir=\"ltr\" data-placeholder=\"Vertaling\" aria-label=\"Vertaalde tekst: Der Name SkyPatch sagt alles; Dieser Stoff ist ideal f\u00fcr Sport- und Foliendrachen. Die Eigenschaften dieses doppelseitig beschichteten 40D-Ripstop-Nylongewebes machen es auch f\u00fcr verschiedene andere Anwendungen zu einer hervorragenden Wahl. Profitieren Sie optimal von unseren Business-Rabatten! Mengenrabatte f\u00fcr Eink\u00e4ufe ab 10 Metern finden Sie unten auf dieser Seite. SkyPatch ist als Ripstop-Nylongewebe f\u00fcr den Drachenflug konzipiert, bei dem Eigenschaften wie Haltbarkeit, Porosit\u00e4t und Flexibilit\u00e4t von entscheidender Bedeutung sind. Diese Eigenschaften machen SkyPatch zu einer ausgezeichneten Wahl f\u00fcr das Drachensteigen.\" data-ved=\"2ahUKEwiiqqK44LiKAxWviv0HHSxwMy4Q3ewLegQIAxAU\"><strong><em><span class=\"Y2IQFc\" lang=\"de\">Mengenrabatte f\u00fcr Abnahme ab 10 Metern finden Sie unten auf dieser Seite. <\/span><\/em><\/strong><\/p>\n<p class=\"tw-data-text tw-text-large tw-ta\" dir=\"ltr\" data-placeholder=\"Vertaling\" aria-label=\"Vertaalde tekst: Der Name SkyPatch sagt alles; Dieser Stoff ist ideal f\u00fcr Sport- und Foliendrachen. Die Eigenschaften dieses doppelseitig beschichteten 40D-Ripstop-Nylongewebes machen es auch f\u00fcr verschiedene andere Anwendungen zu einer hervorragenden Wahl. Profitieren Sie optimal von unseren Business-Rabatten! Mengenrabatte f\u00fcr Eink\u00e4ufe ab 10 Metern finden Sie unten auf dieser Seite. SkyPatch ist als Ripstop-Nylongewebe f\u00fcr den Drachenflug konzipiert, bei dem Eigenschaften wie Haltbarkeit, Porosit\u00e4t und Flexibilit\u00e4t von entscheidender Bedeutung sind. Diese Eigenschaften machen SkyPatch zu einer ausgezeichneten Wahl f\u00fcr das Drachensteigen.\" data-ved=\"2ahUKEwiiqqK44LiKAxWviv0HHSxwMy4Q3ewLegQIAxAU\"><span class=\"Y2IQFc\" lang=\"de\">SkyPatch ist als Ripstop-Nylontuch f\u00fcr den Drachenflug konzipiert, bei dem Eigenschaften wie Haltbarkeit, Porosit\u00e4t und Flexibilit\u00e4t von entscheidender Bedeutung sind. Diese Eigenschaften machen <strong>SkyPatch<\/strong> zu einer ausgezeichneten Wahl f\u00fcr den Drachenbau.<\/span><span class=\"Y2IQFc\" lang=\"de\">.<\/span><\/p>\n<p id=\"tw-target-text\" class=\"tw-data-text tw-text-large tw-ta\" dir=\"ltr\" data-placeholder=\"Vertaling\" aria-label=\"Vertaalde tekst: Dar\u00fcber hinaus eignet sich das SkyPatch-Tuch besonders f\u00fcr Blow-ups, Schlauchboote, Skydancer und aufblasbare Objekte. Nachhaltigkeit Eines der bemerkenswertesten Merkmale von SkyPatch ist seine au\u00dfergew\u00f6hnliche Haltbarkeit. SkyPatch wurde entwickelt, um den Strapazen des langfristigen Gebrauchs und der Witterungseinfl\u00fcsse standzuhalten, und weist eine bemerkenswerte Best\u00e4ndigkeit gegen Rei\u00dfen, Abrieb und UV-Zersetzung auf. Dies f\u00fchrt zu einer langen Lebensdauer, sodass Kite-Enthusiasten viele Stunden genie\u00dfen k\u00f6nnen, ohne sich Gedanken \u00fcber vorzeitigen Verschlei\u00df machen zu m\u00fcssen.\" data-ved=\"2ahUKEwiiqqK44LiKAxWviv0HHSxwMy4Q3ewLegQIAxAU\"><span class=\"Y2IQFc\" lang=\"de\">Dar\u00fcber hinaus eignet sich das <strong>SkyPatch<\/strong>-Tuch besonders f\u00fcr <strong><em>Blow-ups, Inflatables, Skydancer und aufblasbare Objekte.<\/em><\/strong><\/span><\/p>\n<p>Sie k\u00f6nnen diese Tuch pro Meter bestellen, mit einer Mindestbestellmenge von nur 1 Meter! Wir schneiden von gro\u00dfen Rollen zu!\u00a0<strong>Und weil wir zuschneiden, nehmen wir das Tuch nicht zur\u00fcck!<\/strong><\/p>\n<p class=\"tw-data-text tw-text-large tw-ta\" dir=\"ltr\" data-placeholder=\"Vertaling\" aria-label=\"Vertaalde tekst: Dar\u00fcber hinaus eignet sich das SkyPatch-Tuch besonders f\u00fcr Blow-ups, Schlauchboote, Skydancer und aufblasbare Objekte. Nachhaltigkeit Eines der bemerkenswertesten Merkmale von SkyPatch ist seine au\u00dfergew\u00f6hnliche Haltbarkeit. SkyPatch wurde entwickelt, um den Strapazen des langfristigen Gebrauchs und der Witterungseinfl\u00fcsse standzuhalten, und weist eine bemerkenswerte Best\u00e4ndigkeit gegen Rei\u00dfen, Abrieb und UV-Zersetzung auf. Dies f\u00fchrt zu einer langen Lebensdauer, sodass Kite-Enthusiasten viele Stunden genie\u00dfen k\u00f6nnen, ohne sich Gedanken \u00fcber vorzeitigen Verschlei\u00df machen zu m\u00fcssen.\" data-ved=\"2ahUKEwiiqqK44LiKAxWviv0HHSxwMy4Q3ewLegQIAxAU\"><span class=\"Y2IQFc\" lang=\"de\"><strong>Nachhaltigkeit<\/strong><br \/>\nEines der bemerkenswertesten Merkmale von SkyPatch ist seine au\u00dfergew\u00f6hnliche Haltbarkeit. SkyPatch wurde entwickelt, um den Strapazen des langfristigen Gebrauchs und der Witterungseinfl\u00fcsse standzuhalten, und weist eine bemerkenswerte Best\u00e4ndigkeit gegen Rei\u00dfen, Abrieb und UV-Zersetzung auf. Dies f\u00fchrt zu einer langen Lebensdauer, sodass Kite-Enthusiasten viele Stunden genie\u00dfen k\u00f6nnen, ohne sich Gedanken \u00fcber vorzeitigen Verschlei\u00df machen zu m\u00fcssen.<\/span><\/p>\n<p id=\"tw-target-text\" class=\"tw-data-text tw-text-large tw-ta\" dir=\"ltr\" data-placeholder=\"Vertaling\" aria-label=\"Vertaalde tekst: Porosit\u00e4t Die doppelseitige Polyurethan (PU)-Beschichtung des 40D-Nylons schafft eine ultraglatte, au\u00dfergew\u00f6hnlich luftdichte Oberfl\u00e4che, die die Wasseraufnahme verhindert. Dies bedeutet, dass SkyPatch auch bei leichtem Wind und Regen eine stabile Leistung beibeh\u00e4lt. Eine optimale Porosit\u00e4t ist wichtig, um einen effizienten Luftstrom \u00fcber die Oberfl\u00e4che eines Drachens zu erreichen und so Auftrieb und Stabilit\u00e4t zu maximieren. SkyPatch wurde sorgf\u00e4ltig entwickelt, um die perfekte Balance zwischen Porosit\u00e4t und aerodynamischer Leistung zu finden und so konsistente und vorhersehbare Flugeigenschaften bei allen Wetter- und Windbedingungen zu gew\u00e4hrleisten.\" data-ved=\"2ahUKEwiiqqK44LiKAxWviv0HHSxwMy4Q3ewLegQIAxAU\"><span class=\"Y2IQFc\" lang=\"de\"><strong>Porosit\u00e4t<\/strong><br \/>\nDie doppelseitige Polyurethan (PU)-Beschichtung des 40D-Nylons schafft eine ultraglatte, au\u00dfergew\u00f6hnlich luftdichte Oberfl\u00e4che, die die Wasseraufnahme verhindert. Dies bedeutet, dass SkyPatch auch bei leichtem Wind und Regen eine stabile Leistung beibeh\u00e4lt. Eine optimale Porosit\u00e4t ist wichtig, um einen effizienten Luftstrom \u00fcber die Oberfl\u00e4che eines Drachens zu erreichen und so Auftrieb und Stabilit\u00e4t zu maximieren. <strong>SkyPatch<\/strong> wurde sorgf\u00e4ltig entwickelt, um die perfekte Balance zwischen Porosit\u00e4t und aerodynamischer Leistung zu finden und so konsistente und vorhersehbare Flugeigenschaften bei allen Wetter- und Windbedingungen zu gew\u00e4hrleisten.<\/span><\/p>\n<p id=\"tw-target-text\" class=\"tw-data-text tw-text-large tw-ta\" dir=\"ltr\" data-placeholder=\"Vertaling\" aria-label=\"Vertaalde tekst: Flexibilit\u00e4t SkyPatch ist trotz seiner robusten Konstruktion aus hochwertigen Kunstfasern und der engen Webart bemerkenswert flexibel. Dadurch k\u00f6nnen Piloten flink und pr\u00e4zise auf kleinste \u00c4nderungen der Windrichtung und -geschwindigkeit reagieren. Diese Flexibilit\u00e4t ist f\u00fcr die Durchf\u00fchrung komplexer Man\u00f6ver und Stunts von entscheidender Bedeutung und erm\u00f6glicht es den Piloten, selbstbewusst die Leistungsgrenzen zu \u00fcberschreiten.\" data-ved=\"2ahUKEwiiqqK44LiKAxWviv0HHSxwMy4Q3ewLegQIAxAU\"><span class=\"Y2IQFc\" lang=\"de\"><strong>Flexibilit\u00e4t<\/strong><br \/>\nSkyPatch ist trotz seiner robusten Konstruktion aus hochwertigen Kunstfasern und der engen Webart bemerkenswert flexibel. Dadurch k\u00f6nnen Piloten flink und pr\u00e4zise auf kleinste \u00c4nderungen der Windrichtung und -geschwindigkeit reagieren. Diese Flexibilit\u00e4t ist f\u00fcr die Durchf\u00fchrung komplexer Man\u00f6ver und Stunts von entscheidender Bedeutung und erm\u00f6glicht es den Drachenpiloten, selbstbewusst die Leistungsgrenzen zu \u00fcberschreiten.<\/span><\/p>\n<p id=\"tw-target-text\" class=\"tw-data-text tw-text-large tw-ta\" dir=\"ltr\" data-placeholder=\"Vertaling\" aria-label=\"Vertaalde tekst: Vielseitigkeit Aufgrund seiner Vielseitigkeit und Zuverl\u00e4ssigkeit ist SkyPatch gut f\u00fcr verschiedene Drachentypen und andere Anwendungen geeignet. SkyPatch-Gewebe bietet konstante Leistung und Haltbarkeit. Verf\u00fcgbarkeitsfarben SkyPatch ist relativ neu auf dem Markt. Derzeit sind nur die Farben Schwarz und Wei\u00df sofort verf\u00fcgbar. Weitere Farben werden in K\u00fcrze folgen, sobald diese verf\u00fcgbar sind, werden wir hier dar\u00fcber berichten.\" data-ved=\"2ahUKEwiiqqK44LiKAxWviv0HHSxwMy4Q3ewLegQIAxAU\"><span class=\"Y2IQFc\" lang=\"de\"><strong>Vielseitigkeit<\/strong><br \/>\nAufgrund seiner Vielseitigkeit und Zuverl\u00e4ssigkeit ist SkyPatch gut f\u00fcr verschiedene Drachentypen und andere Anwendungen geeignet. SkyPatch-Gewebe bietet konstante Leistung und Haltbarkeit. <\/span><\/p>\n<p class=\"tw-data-text tw-text-large tw-ta\" dir=\"ltr\" data-placeholder=\"Vertaling\" aria-label=\"Vertaalde tekst: Vielseitigkeit Aufgrund seiner Vielseitigkeit und Zuverl\u00e4ssigkeit ist SkyPatch gut f\u00fcr verschiedene Drachentypen und andere Anwendungen geeignet. SkyPatch-Gewebe bietet konstante Leistung und Haltbarkeit. Verf\u00fcgbarkeitsfarben SkyPatch ist relativ neu auf dem Markt. Derzeit sind nur die Farben Schwarz und Wei\u00df sofort verf\u00fcgbar. Weitere Farben werden in K\u00fcrze folgen, sobald diese verf\u00fcgbar sind, werden wir hier dar\u00fcber berichten.\" data-ved=\"2ahUKEwiiqqK44LiKAxWviv0HHSxwMy4Q3ewLegQIAxAU\"><strong><span class=\"Y2IQFc\" lang=\"de\">Verf\u00fcgbarkeitsfarben <\/span><\/strong><\/p>\n<p class=\"tw-data-text tw-text-large tw-ta\" dir=\"ltr\" data-placeholder=\"Vertaling\" aria-label=\"Vertaalde tekst: Vielseitigkeit Aufgrund seiner Vielseitigkeit und Zuverl\u00e4ssigkeit ist SkyPatch gut f\u00fcr verschiedene Drachentypen und andere Anwendungen geeignet. SkyPatch-Gewebe bietet konstante Leistung und Haltbarkeit. Verf\u00fcgbarkeitsfarben SkyPatch ist relativ neu auf dem Markt. Derzeit sind nur die Farben Schwarz und Wei\u00df sofort verf\u00fcgbar. Weitere Farben werden in K\u00fcrze folgen, sobald diese verf\u00fcgbar sind, werden wir hier dar\u00fcber berichten.\" data-ved=\"2ahUKEwiiqqK44LiKAxWviv0HHSxwMy4Q3ewLegQIAxAU\"><span class=\"Y2IQFc\" lang=\"de\"><strong>SkyPatch<\/strong> ist relativ neu auf dem Markt. Derzeit sind nur die Farben Schwarz und Wei\u00df sofort verf\u00fcgbar. Weitere Farben werden in K\u00fcrze folgen, sobald diese verf\u00fcgbar sind, werden wir hier dar\u00fcber berichten.<\/span><\/p>\n<p><strong>Spezifikationen<\/strong><\/p>\n<ul>\n<li><strong>Material: Ripstop-Nylon<\/strong><\/li>\n<li><strong>Nylontyp: 40 Dernier<\/strong><\/li>\n<li><strong>Beschichtung: Doppelseitiges Polyurethan<\/strong><\/li>\n<li><strong>Gewicht: 51 (g\/m\u00b2)<\/strong><\/li>\n<li><strong>Rollenbreite: 1,49 (m)<\/strong><\/li>\n<li><strong>Luftdurchl\u00e4ssigkeit: 0,04 (cc\/cm\u00b2\/s)<\/strong><\/li>\n<li><strong>Kettzugfestigkeit: 300 N \/ 5 cm dar\u00fcber<\/strong><\/li>\n<li><strong>Schussrei\u00dffestigkeit: 260 N \/ 5 cm dar\u00fcber<\/strong><\/li>\n<li><strong>Kettrei\u00dffestigkeit: 35 N dar\u00fcber<\/strong><\/li>\n<li><strong>Schussrei\u00dffestigkeit: 30 N dar\u00fcber<\/strong><\/li>\n<li><strong>JDC: 600 Sekunden dar\u00fcber<\/strong><\/li>\n<\/ul>\n<p><b>Farbnummern\/Farben\/Mustersatz:<\/b><\/p>\n<ul>\n<li><strong>01.Black\/Schwarz\/Zwart<\/strong><\/li>\n<li><strong>02.White\/Wei\u00df\/Wit<\/strong><\/li>\n<\/ul>\n<p><b>Mengenrabatte<\/b>; Beim Kauf gr\u00f6\u00dferer Mengen gew\u00e4hren wir folgende Mengenrabatte:<\/p>\n<ul>\n<li><b>ab 10 Metern: 5 %<\/b><\/li>\n<li><b>ab 25 Metern: 7,5 %<\/b><\/li>\n<li><b>ab 50 Metern: 10 %<\/b><\/li>\n<li><b>ab 100 Metern: 15 %<\/b><\/li>\n<li><b>ab 250 Metern: 20 %<\/b><\/li>\n<li><b>ab 500 Metern: 25 %<\/b><\/li>\n<\/ul>\n<p>Die Mengenrabatte gelten f\u00fcr einen Gesamtkauf der angegebenen Meterzahl und der Rabatt wird direkt im Warenkorb verrechnet.<\/p>\n","protected":false},"excerpt":{"rendered":"<p>PRO LAUFENDER METER | 51 g\/m\u00b2 |\u00a0 149 cm. | Doppelseitige Beschichtung<\/p>\n","protected":false},"featured_media":14972,"comment_status":"closed","ping_status":"closed","template":"","meta":{"_acf_changed":false},"product_brand":[],"product_cat":[1385,2154,1348,2193],"product_tag":[],"class_list":{"0":"post-22481","1":"product","2":"type-product","3":"status-publish","4":"has-post-thumbnail","6":"product_cat-drachen-zubehor","7":"product_cat-drachentuch","8":"product_cat-marken","9":"product_cat-skypatch","11":"first","12":"instock","13":"taxable","14":"shipping-taxable","15":"purchasable","16":"product-type-variable"},"acf":[],"_links":{"self":[{"href":"https:\/\/www.wepaflyer.com\/de\/wp-json\/wp\/v2\/product\/22481","targetHints":{"allow":["GET"]}}],"collection":[{"href":"https:\/\/www.wepaflyer.com\/de\/wp-json\/wp\/v2\/product"}],"about":[{"href":"https:\/\/www.wepaflyer.com\/de\/wp-json\/wp\/v2\/types\/product"}],"replies":[{"embeddable":true,"href":"https:\/\/www.wepaflyer.com\/de\/wp-json\/wp\/v2\/comments?post=22481"}],"wp:featuredmedia":[{"embeddable":true,"href":"https:\/\/www.wepaflyer.com\/de\/wp-json\/wp\/v2\/media\/14972"}],"wp:attachment":[{"href":"https:\/\/www.wepaflyer.com\/de\/wp-json\/wp\/v2\/media?parent=22481"}],"wp:term":[{"taxonomy":"product_brand","embeddable":true,"href":"https:\/\/www.wepaflyer.com\/de\/wp-json\/wp\/v2\/product_brand?post=22481"},{"taxonomy":"product_cat","embeddable":true,"href":"https:\/\/www.wepaflyer.com\/de\/wp-json\/wp\/v2\/product_cat?post=22481"},{"taxonomy":"product_tag","embeddable":true,"href":"https:\/\/www.wepaflyer.com\/de\/wp-json\/wp\/v2\/product_tag?post=22481"}],"curies":[{"name":"wp","href":"https:\/\/api.w.org\/{rel}","templated":true}]}}