{"id":22360,"date":"2024-07-31T17:53:27","date_gmt":"2024-07-31T15:53:27","guid":{"rendered":"https:\/\/www.wepaflyer.com\/?post_type=product&#038;p=22360"},"modified":"2024-11-22T13:06:14","modified_gmt":"2024-11-22T12:06:14","slug":"revolution-1-5-reflex-rx-spinnennetz","status":"publish","type":"product","link":"https:\/\/www.wepaflyer.com\/de\/produkt\/revolution-1-5-reflex-rx-spinnennetz\/","title":{"rendered":"Revolution 1.5 Reflex RX Spinnennetz"},"content":{"rendered":"<h2>Revolution 1.5 Reflex RX Spinnennetz<\/h2>\n<h3>Revolution REFLEX-Serie mit \u201eAutopilot\u201c \u2013 Wahl der Profis<\/h3>\n<h3>236 x 79 cm \u2013 BEL\u00dcFTET (Sterkwind-Version)<\/p>\n<p>inkl. Carbongriffe; KEINE Zeilen<\/h3>\n<p>Ein v\u00f6llig neuer Durchbruch im Kite-Technologiedesign von Revolution!<\/p>\n<p>Die\u00a0<b>REVOLUTION REFLEX<\/b>\u00a0Serie mit \u201eAutopilot\u201c.<\/p>\n<p><b>REFLEX<\/b>\u00a0ist Dynamic Wing Shaping, einzigartig und ausschlie\u00dflich bei einer Revolution verwendet.<\/p>\n<p>Unser neues Reflex-Design ist die markanteste Entwicklung der letzten Jahrzehnte. Dies ist ein \u201eMust-Have\u201c-Produkt f\u00fcr alle Kiter. Das patentierte Reflex-Design ist ein Durchbruch, der eine bessere Stabilit\u00e4t, eine gr\u00f6\u00dfere Windreichweite und vollst\u00e4ndige Kontrolle bietet, insbesondere unter schwierigen Bedingungen wie extrem leichtem Wind, Turbulenzen und \u201eR\u00e4ndern des Windfensters\u201c.<\/p>\n<p>In der Praxis bedeutet dies, dass der Rev Reflex in Situationen, in denen der Kiter die Kontrolle \u00fcber seinen Kite verliert, automatisch in den Wiederherstellungsmodus \u201eAuto-Pilot\u201c wechselt, sodass der Kite v\u00f6llig selbstst\u00e4ndig in die Mitte des Windfensters zur\u00fcckkehrt.<\/p>\n<p>Die Reflex-Technologie bietet dem Fl\u00fcgel die M\u00f6glichkeit, seine Form w\u00e4hrend des Fluges dynamisch zu \u00e4ndern. Unser neues Tuchdesign Reflex RX ist absolut \u201estressresistent\u201c und mit Streifen ausgestattet. Unsere neue \u201eNo Fray\u201c-Vorderkante ist bei allen Reflex-Modellen im Lieferumfang enthalten. Sowohl das \u201eRX\u201c als auch das \u201eXX\u201c sind mit dem neuen superleichten, supersteifen Reflex 5\/16\u2033-Rahmen ausgestattet. Bei den RX- und XX-Modellen sind neue Carbon Light-Griffe mit mehreren Knoteneinstellungen im Lieferumfang enthalten.<\/p>\n<p>Der Reflex VENTED will schweben (schweben)! Eine der wichtigsten F\u00e4higkeiten, die Sie beherrschen m\u00fcssen, um den Rev. zu meistern. Super stabil und ein gro\u00dfes Windfenster von 10-42 Kmh! Macht das Fahren unter allen Bedingungen einfacher und macht mehr Spa\u00df. Scharfere Bewegungen mit effizienter Fl\u00fcgelbelastung.<\/p>\n<p>Schnellere Beschleunigung mit den neuen \u201eReflex steiferen Wellen\u201c.<\/p>\n<p>Super stabiler R\u00fcckw\u00e4rtsflug. Im Grunde entf\u00e4llt der \u201eFl\u00fcgelschlag\u201c.<\/p>\n<p>Entspanntes Flugerlebnis. Einfachere Kontrolle &amp; weniger Schwung.<\/p>\n<p><b>Revolution Reflex (patentierte Technologie) bietet zusammenfassend:<\/b><\/p>\n<p>Beeindruckendes Windfliegen (10-42 km\/h) und ein riesiges Windfenster.<\/p>\n<p>Bei Windst\u00e4rken \u00fcber 13 Kmh mehr Power und mehr Spa\u00df. Als h\u00e4tte man zwei Drachen in einem Reflex! Super stabil und will immer schweben (schweben), gr\u00f6\u00dfere Leinwandfl\u00e4che.<\/p>\n<p>Jetzt in den gleichen Abmessungen wie der 1.5 Classic und der EXP, 236 x 79 cm (Breite x H\u00f6he).<\/p>\n<p>Icarex-Polyestergewebe mit einer nicht ausfransenden Vorderkante und ma\u00dfgeschneiderten Endstopfen.<\/p>\n<p>Benutzerdefinierte Reflex-H\u00fclle\/Tasche (H\u00fclle\/Tasche).<\/p>\n<p>Kite-only wiegt weniger als 255 Gramm.<\/p>\n<ul>\n<li><b>Niveau: Anf\u00e4nger bis Profis<\/b><\/li>\n<li><b>Windbereich: 10\u201342 km\/h<\/b><\/li>\n<li><b>Fl\u00fcgelspannweite: 236 cm<\/b><\/li>\n<li><b>H\u00f6he: 79 cm<\/b><\/li>\n<li><b>Gewicht: 250 Gramm<\/b><\/li>\n<li><b>Rahmen: Rev Carbonfaser 5\/16\u2033 Reflex<\/b><\/li>\n<\/ul>\n<p><b>Mengenrabatte<\/b>; Beim Kauf gr\u00f6\u00dferer Mengen gew\u00e4hren wir folgende Mengenrabatte:<\/p>\n<ul>\n<li><b>ab 2 St\u00fcck: 5%<\/b><\/li>\n<li><b>ab 3 St\u00fcck: 7,5%<\/b><\/li>\n<li><b>ab 5 St\u00fcck: 10%<\/b><\/li>\n<\/ul>\n<p>Der Mengenrabatt wird direkt im Warenkorb abgerechnet.<\/p>\n","protected":false},"excerpt":{"rendered":"<h4>236 x 79 cm \u2013 BEL\u00dcFTET (Sterkwind-Version)<\/p>\n<p>inkl. Carbongriffe; KEINE Zeilen<\/h4>\n","protected":false},"featured_media":14444,"comment_status":"closed","ping_status":"closed","template":"","meta":{"_acf_changed":false},"product_brand":[],"product_cat":[1396,2166,2167],"product_tag":[],"class_list":{"0":"post-22360","1":"product","2":"type-product","3":"status-publish","4":"has-post-thumbnail","6":"product_cat-drachen","7":"product_cat-quad-line-kites","8":"product_cat-revolution-kites","10":"first","11":"instock","12":"taxable","13":"shipping-taxable","14":"purchasable","15":"product-type-simple"},"acf":[],"_links":{"self":[{"href":"https:\/\/www.wepaflyer.com\/de\/wp-json\/wp\/v2\/product\/22360","targetHints":{"allow":["GET"]}}],"collection":[{"href":"https:\/\/www.wepaflyer.com\/de\/wp-json\/wp\/v2\/product"}],"about":[{"href":"https:\/\/www.wepaflyer.com\/de\/wp-json\/wp\/v2\/types\/product"}],"replies":[{"embeddable":true,"href":"https:\/\/www.wepaflyer.com\/de\/wp-json\/wp\/v2\/comments?post=22360"}],"wp:featuredmedia":[{"embeddable":true,"href":"https:\/\/www.wepaflyer.com\/de\/wp-json\/wp\/v2\/media\/14444"}],"wp:attachment":[{"href":"https:\/\/www.wepaflyer.com\/de\/wp-json\/wp\/v2\/media?parent=22360"}],"wp:term":[{"taxonomy":"product_brand","embeddable":true,"href":"https:\/\/www.wepaflyer.com\/de\/wp-json\/wp\/v2\/product_brand?post=22360"},{"taxonomy":"product_cat","embeddable":true,"href":"https:\/\/www.wepaflyer.com\/de\/wp-json\/wp\/v2\/product_cat?post=22360"},{"taxonomy":"product_tag","embeddable":true,"href":"https:\/\/www.wepaflyer.com\/de\/wp-json\/wp\/v2\/product_tag?post=22360"}],"curies":[{"name":"wp","href":"https:\/\/api.w.org\/{rel}","templated":true}]}}