{"id":22359,"date":"2024-07-31T14:50:16","date_gmt":"2024-07-31T12:50:16","guid":{"rendered":"https:\/\/www.wepaflyer.com\/?post_type=product&#038;p=22359"},"modified":"2024-11-22T13:06:14","modified_gmt":"2024-11-22T12:06:14","slug":"revolution-condor","status":"publish","type":"product","link":"https:\/\/www.wepaflyer.com\/de\/produkt\/revolution-condor\/","title":{"rendered":"Revolution CONDOR"},"content":{"rendered":"<h2>KONDOR<\/h2>\n<h2>WERDEN SIE TEIL DES REVOLUTION CONDOR-ABENTEUERS<\/h2>\n<p><strong>Kontrolle ist die Supermacht des Condor!!\u00a0 |\u00a0 345 x 99 cm inkl. Carbongriffe | KEINE Zeilen<\/strong><\/p>\n<p><strong>Super gro\u00dfer Custom-Drachen mit 345 cm Spannweite ist wundersch\u00f6n!<\/strong><\/p>\n<p>Die gesamte Leistung von Rev steckt in diesem gro\u00dfen, stabilen und m\u00fchelos schwebenden Raubtier.<\/p>\n<p>Durch die Integration des Speed-Designs ist dieser Drachen schnell!\u00a0 Schneller als der Rev 1.5 RX.<\/p>\n<p>Mit dem Condor Reflex Glide k\u00f6nnen Sie einen 20-Meter-Handstart durchf\u00fchren!!\u00a0 Beeindruckender Start!!<\/p>\n<p>Joes pers\u00f6nliche Kreation wird in einer limitierten Auflage hergestellt. Ein individuelles Leinwanddesign, ein individueller Rahmen und eine Condor-Tasche sind im Lieferumfang enthalten.<\/p>\n<p>Kohlefaser-\/Graphitstruktur.<\/p>\n<p>Zusammenklappbar auf ca. 97 cm L\u00e4nge.<\/p>\n<p>Windbereich: 0\u201312 Meilen pro Stunde.\u00a0\u00a0 (0-19,2 km\/h)<\/p>\n<p><strong><u>Hier ist der Videolink zum Condor-Montagevideo:<\/u><\/strong><\/p>\n<p><a href=\"https:\/\/youtu.be\/8hZ6JG24T9U\">https:\/\/youtu.be\/8hZ6JG24T9U<\/a><\/p>\n<p><strong><u>Dieses Video enth\u00e4lt eine Warnung vor \u00fcberm\u00e4\u00dfiger Biegung der Heckstange bei unsachgem\u00e4\u00dfer Installation.<\/u><\/strong><\/p>\n<p><a href=\"https:\/\/youtu.be\/tmwhNHGiJEk\">https:\/\/youtu.be\/tmwhNHGiJEk<\/a><\/p>\n<p><strong><u>Revolution Friday Video: Rev World Tour: Venedig Italien<\/u><\/strong><\/p>\n<p><a href=\"https:\/\/youtu.be\/lJbQ0SLd7ZI\">https:\/\/youtu.be\/lJbQ0SLd7ZI<\/a><\/p>\n<p><strong>CONDOR ALS POWERKITE<\/strong><\/p>\n<p>Einige Fragen an Joe Hadzicki&#8230;<\/p>\n<ol>\n<li><strong><strong>Welchen Kleber verwenden Sie f\u00fcr die Klettverschl\u00fcsse?<\/strong><\/strong>&nbsp;\n<p><em>Doppelseitiges Klebeband. Der Klettverschluss an der Vorderkante (zur Fixierung des Condor-Kopfes) wird beim N\u00e4hvorgang mit Klebeband verklebt.\u00a0 Sie k\u00f6nnen dieses doppelseitige Klebeband entfernen.<\/em><\/li>\n<li><strong><strong> Ich habe das neueste Video gesehen, in dem der Condor als echter Powerdrachen verwendet wird!!! Welche Leinenst\u00e4rke empfehlen Sie f\u00fcr dieses Setup?<\/strong><\/strong>&nbsp;\n<p><em>Dies h\u00e4ngt von mehreren Faktoren ab:<\/p>\n<p><strong>1) Dein Gewicht<\/strong> (inkl. Ausr\u00fcstung, wie Gewicht des Kite-Buggys oder Mountainboards etc.) Ich wiege beispielsweise 79 kg und fahre einen leichten Kite-Buggy.\u00a0 Mit einem Mountainboard h\u00e4tte ich auch kein Problem.\u00a0 Wenn ich 90 kg schwer w\u00e4re und ein 34 kg schwerer Buggy h\u00e4tte und in tiefem, weichem Sand fahren w\u00fcrde, w\u00e4ren sicher meine 40-daN-Leinen gerissen, gefolgt von meinen 79-daN-Zaumleinen.<\/p>\n<p><strong>2) Ihre Erfahrung.<\/strong> Die meisten Probleme entstehen durch Abst\u00fcrze oder \u00dcberlastung durch schnelle Beschleunigung.\u00a0 Wenn Sie die Geschwindigkeit, Leistung und Position Ihres Condor pr\u00e4zise steuern k\u00f6nnen, k\u00f6nnen Sie strukturelle Probleme leicht vermeiden.<\/p>\n<p><strong>3) Die Umst\u00e4nde<\/strong>.\u00a0 Windige Bedingungen, wenig Erfahrung mit Powerkiten und aggressives Fliegen garantieren ein Scheitern.<\/em><\/li>\n<li><strong>Was ist die maximale Zugkraft des Kondors? <\/strong><\/li>\n<\/ol>\n<p><em>Es gibt Lenkleinen mit einer Bruchkraft von 225 daN und mehr.<\/p>\n<p>Der Condor ist nicht speziell f\u00fcr Powerkiten gebaut.\u00a0 Die Krempendr\u00e4hte haben eine Festigkeit von 79 daN.\u00a0 Ich habe mit dem Condor keine umfangreichen Powerkite-Tests durchgef\u00fchrt.\u00a0 Wenn du 60\u201370 kg wiegst, ein Mountainboard auf einer harten Oberfl\u00e4che f\u00e4hrst (z. B. fester Sand im Video) und Erfahrung mit Powerkiten hast, sollte alles in Ordnung sein. Der erste Teil, den ich verbessern w\u00fcrde, w\u00e4re die Erh\u00f6hung meiner Leinenst\u00e4rke von 40 daN auf 90\u2013135 daN.\u00a0 Gleichzeitig w\u00fcrde ich mir auch \u00fcberlegen, die Waage auf eine Bruchkraft von 135 daN aufzur\u00fcsten.\u00a0Wenn Sie neu im Powerkiten sind, finden Sie hier ein kurzes Video mit einigen Tipps und Tricks f\u00fcr den Einstieg:<\/em><\/p>\n<p><a href=\"https:\/\/youtu.be\/Nf1ne-YUsbc\">https:\/\/youtu.be\/Nf1ne-YUsbc<\/a><\/p>\n<p><em>Bei weiteren Informationen unterbreite ich Ihnen gerne detailliertere Vorschl\u00e4ge.<\/em><\/p>\n<p><em>Unterzeichnet von Joe Hadzicki,\u00a0\u00a0Revolution Kites<\/em><\/p>\n<p><strong>BONUS:<\/strong><\/p>\n<p><em>24. M\u00e4rz 2023 VIDEO-Link 6,46 Min. Revolution Friday Video: Eine \u201egefl\u00fcgelte\u201c \u00dcberraschung von Revolution Kites:<\/em><\/p>\n<p><a href=\"https:\/\/youtu.be\/6GE6oK3LV2I\">https:\/\/youtu.be\/6GE6oK3LV2I<\/a><\/p>\n<p><em>Joe in Cervia, Italien mit Kondor. 4,35 Minuten:<\/em><\/p>\n<p><a href=\"https:\/\/youtu.be\/7rwxjaaH05A\">https:\/\/youtu.be\/7rwxjaaH05A<\/a><\/p>\n<p><b>Mengenrabatte<\/b>; Beim Kauf gr\u00f6\u00dferer Mengen gew\u00e4hren wir folgende Mengenrabatte:<\/p>\n<ul>\n<li><b>ab 2 St\u00fcck: 5%<\/b><\/li>\n<li><b>ab 3 St\u00fcck: 7,5%<\/b><\/li>\n<li><b>ab 5 St\u00fcck: 10%<\/b><\/li>\n<\/ul>\n<p>Der Mengenrabatt wird direkt im Warenkorb abgerechnet.<\/p>\n","protected":false},"excerpt":{"rendered":"<p>345 x 99 cm inkl. Carbongriffe | KEINE Linien<\/p>\n","protected":false},"featured_media":14380,"comment_status":"closed","ping_status":"closed","template":"","meta":{"_acf_changed":false},"product_brand":[],"product_cat":[1396,2166,2167],"product_tag":[],"class_list":{"0":"post-22359","1":"product","2":"type-product","3":"status-publish","4":"has-post-thumbnail","6":"product_cat-drachen","7":"product_cat-quad-line-kites","8":"product_cat-revolution-kites","10":"first","11":"instock","12":"taxable","13":"shipping-taxable","14":"purchasable","15":"product-type-simple"},"acf":[],"_links":{"self":[{"href":"https:\/\/www.wepaflyer.com\/de\/wp-json\/wp\/v2\/product\/22359","targetHints":{"allow":["GET"]}}],"collection":[{"href":"https:\/\/www.wepaflyer.com\/de\/wp-json\/wp\/v2\/product"}],"about":[{"href":"https:\/\/www.wepaflyer.com\/de\/wp-json\/wp\/v2\/types\/product"}],"replies":[{"embeddable":true,"href":"https:\/\/www.wepaflyer.com\/de\/wp-json\/wp\/v2\/comments?post=22359"}],"wp:featuredmedia":[{"embeddable":true,"href":"https:\/\/www.wepaflyer.com\/de\/wp-json\/wp\/v2\/media\/14380"}],"wp:attachment":[{"href":"https:\/\/www.wepaflyer.com\/de\/wp-json\/wp\/v2\/media?parent=22359"}],"wp:term":[{"taxonomy":"product_brand","embeddable":true,"href":"https:\/\/www.wepaflyer.com\/de\/wp-json\/wp\/v2\/product_brand?post=22359"},{"taxonomy":"product_cat","embeddable":true,"href":"https:\/\/www.wepaflyer.com\/de\/wp-json\/wp\/v2\/product_cat?post=22359"},{"taxonomy":"product_tag","embeddable":true,"href":"https:\/\/www.wepaflyer.com\/de\/wp-json\/wp\/v2\/product_tag?post=22359"}],"curies":[{"name":"wp","href":"https:\/\/api.w.org\/{rel}","templated":true}]}}