{"id":22331,"date":"2024-07-26T15:35:39","date_gmt":"2024-07-26T13:35:39","guid":{"rendered":"https:\/\/www.wepaflyer.com\/?post_type=product&#038;p=22331"},"modified":"2026-02-09T11:53:29","modified_gmt":"2026-02-09T10:53:29","slug":"hq-eco-drifter-regenbogen","status":"publish","type":"product","link":"https:\/\/www.wepaflyer.com\/de\/produkt\/hq-eco-drifter-regenbogen\/","title":{"rendered":"HQ Eco Drifter Rainbow"},"content":{"rendered":"<h3>HQ ECO DRIFTER RAINBOW<\/h3>\n<h4>160 x 80 cm. | R2F | Sch\u00f6ner Anf\u00e4ngerlenkdrachen<\/h4>\n<p>Drachen der HQ Eco Line sind speziell f\u00fcr den \u201eFerien-Drachenflieger\u201c konzipiert und gefertigt; Der attraktive Preis, die hervorragende Qualit\u00e4t und die guten Flugeigenschaften machen ihn zu einem Favoriten f\u00fcr diejenigen, die ab und zu gerne einen Drachen steigen lassen. Geeignet f\u00fcr Jung und Alt, gute Verarbeitung und gutes Aussehen.<\/p>\n<p>Hergestellt aus robustem Ripstop-Polyestertuch mit 5 mm starkem Glasfaserrahmen.<\/p>\n<p>Der Drifter Rainbow fliegt bevorzugt bei Windst\u00e4rken von 2 bis 5 Bft.<\/p>\n<p>Der Kite wird R2F (Ready-to-Fly) mit 2 x 30 m Lenkschn\u00fcren in einer St\u00e4rke von 40 daN auf 2 Drachenringen und in der abgebildeten Farbkombination geliefert. Anweisungen im Paket enthalten. Verpackt in Transporttasche.<\/p>\n<p><strong>Spezifikationen:<\/strong><\/p>\n<ul>\n<li>Fl\u00fcgelspannweite: 160 cm<\/li>\n<li>H\u00f6he: 80 cm<\/li>\n<li>Tuch: Ripstop-Polyester<\/li>\n<li>St\u00e4be: 5 mm Fiberglas<\/li>\n<li>Leinen: Polyester 40 kp, 2 x 30 m auf Drachenringen, inbegriffen<\/li>\n<li>Wind: 2\u20135 Bft. (6-38 km\/h und 4-24 mph),<\/li>\n<li>Alter: 14+<\/li>\n<\/ul>\n","protected":false},"excerpt":{"rendered":"<p>160 x 80 cm. | R2F | Sch\u00f6ner Anf\u00e4ngerlenkdrachen<\/p>\n","protected":false},"featured_media":22332,"comment_status":"closed","ping_status":"closed","template":"","meta":{"_acf_changed":false},"product_brand":[],"product_cat":[1396,2177,2169,1348],"product_tag":[],"class_list":{"0":"post-22331","1":"product","2":"type-product","3":"status-publish","4":"has-post-thumbnail","6":"product_cat-drachen","7":"product_cat-hq-kites","8":"product_cat-lenkdrachen","9":"product_cat-marken","11":"first","12":"instock","13":"sale","14":"taxable","15":"shipping-taxable","16":"purchasable","17":"product-type-simple"},"acf":[],"_links":{"self":[{"href":"https:\/\/www.wepaflyer.com\/de\/wp-json\/wp\/v2\/product\/22331","targetHints":{"allow":["GET"]}}],"collection":[{"href":"https:\/\/www.wepaflyer.com\/de\/wp-json\/wp\/v2\/product"}],"about":[{"href":"https:\/\/www.wepaflyer.com\/de\/wp-json\/wp\/v2\/types\/product"}],"replies":[{"embeddable":true,"href":"https:\/\/www.wepaflyer.com\/de\/wp-json\/wp\/v2\/comments?post=22331"}],"wp:featuredmedia":[{"embeddable":true,"href":"https:\/\/www.wepaflyer.com\/de\/wp-json\/wp\/v2\/media\/22332"}],"wp:attachment":[{"href":"https:\/\/www.wepaflyer.com\/de\/wp-json\/wp\/v2\/media?parent=22331"}],"wp:term":[{"taxonomy":"product_brand","embeddable":true,"href":"https:\/\/www.wepaflyer.com\/de\/wp-json\/wp\/v2\/product_brand?post=22331"},{"taxonomy":"product_cat","embeddable":true,"href":"https:\/\/www.wepaflyer.com\/de\/wp-json\/wp\/v2\/product_cat?post=22331"},{"taxonomy":"product_tag","embeddable":true,"href":"https:\/\/www.wepaflyer.com\/de\/wp-json\/wp\/v2\/product_tag?post=22331"}],"curies":[{"name":"wp","href":"https:\/\/api.w.org\/{rel}","templated":true}]}}