{"id":22328,"date":"2024-07-26T15:12:49","date_gmt":"2024-07-26T13:12:49","guid":{"rendered":"https:\/\/www.wepaflyer.com\/?post_type=product&#038;p=22328"},"modified":"2026-02-09T10:22:49","modified_gmt":"2026-02-09T09:22:49","slug":"hq-eco-rookie-mesh","status":"publish","type":"product","link":"https:\/\/www.wepaflyer.com\/de\/produkt\/hq-eco-rookie-mesh\/","title":{"rendered":"HQ Eco Rookie Mesh"},"content":{"rendered":"<h3><span>HQ ECO ROOKIE MESH<\/span><\/h3>\n<h4><span>120 x 60 cm. | R2F | Anf\u00e4ngerlenkdrachen<\/span><\/h4>\n<p>Drachen der HQ Eco Line sind speziell f\u00fcr den \u201eFerien-Drachenflieger\u201c konzipiert und gefertigt; Der attraktive Preis, die hervorragende Qualit\u00e4t und die guten Flugeigenschaften machen ihn zu einem Favoriten f\u00fcr diejenigen, die ab und zu gerne einen Drachen steigen lassen. Geeignet f\u00fcr Jung und Alt, gute Verarbeitung und gutes Aussehen.<\/p>\n<p>Hergestellt aus robustem Ripstop-Polyestertuch mit 4 mm starkem Glasfaserrahmen.<\/p>\n<p>Der Rookie Rainbow fliegt am liebsten bei Windst\u00e4rken von 3 bis 5 Bft.<\/p>\n<p>Der Kite wird R2F (Ready-to-Fly) mit 2 x 25 m Lenkschn\u00fcren in 20 daN St\u00e4rke auf 2 Drachenringen und in der abgebildeten Farbkombination geliefert. Anleitung im Lieferumfang enthalten.<\/p>\n<p><strong>Spezifikationen:<\/strong><\/p>\n<ul>\n<li>Fl\u00fcgelspannweite: 120 cm<\/li>\n<li>H\u00f6he: 60 cm<\/li>\n<li>Tuch: Ripstop-Polyester<\/li>\n<li>St\u00e4be: 4 mm Fiberglas<\/li>\n<li>Schn\u00fcre: Polyester 20 kp, 2 x 25 m auf Drachenspulen, inbegriffen<\/li>\n<li>Wind: 3-5 Bft. (13\u201338 km\/h und 8\u201324 M\/ph)<\/li>\n<li>Alter: 8+<\/li>\n<\/ul>\n","protected":false},"excerpt":{"rendered":"<p><span>120 x 60 cm. | R2F | Anf\u00e4ngerlenkdrachen<\/span><\/p>\n","protected":false},"featured_media":22329,"comment_status":"closed","ping_status":"closed","template":"","meta":{"_acf_changed":false},"product_brand":[],"product_cat":[1396,2177,2169,1348],"product_tag":[],"class_list":{"0":"post-22328","1":"product","2":"type-product","3":"status-publish","4":"has-post-thumbnail","6":"product_cat-drachen","7":"product_cat-hq-kites","8":"product_cat-lenkdrachen","9":"product_cat-marken","11":"first","12":"instock","13":"sale","14":"taxable","15":"shipping-taxable","16":"purchasable","17":"product-type-simple"},"acf":[],"_links":{"self":[{"href":"https:\/\/www.wepaflyer.com\/de\/wp-json\/wp\/v2\/product\/22328","targetHints":{"allow":["GET"]}}],"collection":[{"href":"https:\/\/www.wepaflyer.com\/de\/wp-json\/wp\/v2\/product"}],"about":[{"href":"https:\/\/www.wepaflyer.com\/de\/wp-json\/wp\/v2\/types\/product"}],"replies":[{"embeddable":true,"href":"https:\/\/www.wepaflyer.com\/de\/wp-json\/wp\/v2\/comments?post=22328"}],"wp:featuredmedia":[{"embeddable":true,"href":"https:\/\/www.wepaflyer.com\/de\/wp-json\/wp\/v2\/media\/22329"}],"wp:attachment":[{"href":"https:\/\/www.wepaflyer.com\/de\/wp-json\/wp\/v2\/media?parent=22328"}],"wp:term":[{"taxonomy":"product_brand","embeddable":true,"href":"https:\/\/www.wepaflyer.com\/de\/wp-json\/wp\/v2\/product_brand?post=22328"},{"taxonomy":"product_cat","embeddable":true,"href":"https:\/\/www.wepaflyer.com\/de\/wp-json\/wp\/v2\/product_cat?post=22328"},{"taxonomy":"product_tag","embeddable":true,"href":"https:\/\/www.wepaflyer.com\/de\/wp-json\/wp\/v2\/product_tag?post=22328"}],"curies":[{"name":"wp","href":"https:\/\/api.w.org\/{rel}","templated":true}]}}