{"id":22313,"date":"2024-07-26T12:49:29","date_gmt":"2024-07-26T10:49:29","guid":{"rendered":"https:\/\/www.wepaflyer.com\/?post_type=product&#038;p=22313"},"modified":"2026-02-10T12:03:17","modified_gmt":"2026-02-10T11:03:17","slug":"hq-jive-iii-aqua-rundum","status":"publish","type":"product","link":"https:\/\/www.wepaflyer.com\/de\/produkt\/hq-jive-iii-aqua-rundum\/","title":{"rendered":"HQ Jive III Aqua | Allround"},"content":{"rendered":"<h3>HQ Jive III Aqua | Allround<\/h3>\n<h4>196 x 82 cm. | R2F | Trickkite f\u00fcr Anf\u00e4nger &amp; Fortgeschrittene<\/h4>\n<p><strong>Jive III Aqua \u2013 ein beliebter und gro\u00dfer Lenkdrachen f\u00fcr Einsteiger ab 14 Jahren<\/strong><\/p>\n<p>Jive \u2013 der Name ist Programm. Jetzt kommt mit dem Jive III die neueste Entwicklung auf den Markt. Und er tanzt sch\u00f6ner als je zuvor. Angepasst an die neuesten Trickentwicklungen und mit einem v\u00f6llig neuen Segelschnitt bietet der Jive III dem lernwilligen Piloten eine endlose Palette an M\u00f6glichkeiten. Selbst modernste Tricksequenzen wie Kometen oder Mehrfach-Yo-Yos sind f\u00fcr den Jive III eine Selbstverst\u00e4ndlichkeit. Aber wir haben nicht vergessen, woher er kam. F\u00fcr Einsteiger bietet der Jive III optimale Pr\u00e4zision, Robustheit und einfache Bedienung.<\/p>\n<p><strong>Spezifikationen:<\/strong><\/p>\n<ul>\n<li>Fl\u00fcgelspannweite: 196 cm<\/li>\n<li>H\u00f6he: 82 cm<\/li>\n<li>Tuch: Ripstop-Polyester<\/li>\n<li>St\u00e4be: Kohlefaser 5+6 mm<\/li>\n<li>Leinen: inklusive, Dyneema 50 daN\/kp, 2 x 25 m auf Wickelgriff mit Lenkschlaufen<\/li>\n<li>Wind: 2\u20135 Bft. (6-38 km\/h, 4-24 mph)<\/li>\n<li>Alter: ab 14 Jahren<\/li>\n<\/ul>\n","protected":false},"excerpt":{"rendered":"<p>196 x 82 cm. | R2F | Trickkite f\u00fcr Anf\u00e4nger &amp; Fortgeschrittene<\/p>\n","protected":false},"featured_media":22314,"comment_status":"closed","ping_status":"closed","template":"","meta":{"_acf_changed":false},"product_brand":[],"product_cat":[1396,2177,2169,1348,1384],"product_tag":[],"class_list":{"0":"post-22313","1":"product","2":"type-product","3":"status-publish","4":"has-post-thumbnail","6":"product_cat-drachen","7":"product_cat-hq-kites","8":"product_cat-lenkdrachen","9":"product_cat-marken","10":"product_cat-sale","12":"first","13":"instock","14":"sale","15":"taxable","16":"shipping-taxable","17":"purchasable","18":"product-type-simple"},"acf":[],"_links":{"self":[{"href":"https:\/\/www.wepaflyer.com\/de\/wp-json\/wp\/v2\/product\/22313","targetHints":{"allow":["GET"]}}],"collection":[{"href":"https:\/\/www.wepaflyer.com\/de\/wp-json\/wp\/v2\/product"}],"about":[{"href":"https:\/\/www.wepaflyer.com\/de\/wp-json\/wp\/v2\/types\/product"}],"replies":[{"embeddable":true,"href":"https:\/\/www.wepaflyer.com\/de\/wp-json\/wp\/v2\/comments?post=22313"}],"wp:featuredmedia":[{"embeddable":true,"href":"https:\/\/www.wepaflyer.com\/de\/wp-json\/wp\/v2\/media\/22314"}],"wp:attachment":[{"href":"https:\/\/www.wepaflyer.com\/de\/wp-json\/wp\/v2\/media?parent=22313"}],"wp:term":[{"taxonomy":"product_brand","embeddable":true,"href":"https:\/\/www.wepaflyer.com\/de\/wp-json\/wp\/v2\/product_brand?post=22313"},{"taxonomy":"product_cat","embeddable":true,"href":"https:\/\/www.wepaflyer.com\/de\/wp-json\/wp\/v2\/product_cat?post=22313"},{"taxonomy":"product_tag","embeddable":true,"href":"https:\/\/www.wepaflyer.com\/de\/wp-json\/wp\/v2\/product_tag?post=22313"}],"curies":[{"name":"wp","href":"https:\/\/api.w.org\/{rel}","templated":true}]}}