{"id":22299,"date":"2024-07-24T18:02:25","date_gmt":"2024-07-24T16:02:25","guid":{"rendered":"https:\/\/www.wepaflyer.com\/?post_type=product&#038;p=22299"},"modified":"2026-05-04T15:52:04","modified_gmt":"2026-05-04T13:52:04","slug":"hq-diva-lenkdrachen-leichtwind-allround","status":"publish","type":"product","link":"https:\/\/www.wepaflyer.com\/de\/produkt\/hq-diva-lenkdrachen-leichtwind-allround\/","title":{"rendered":"HQ Diva | Lightwind &#038; Allround"},"content":{"rendered":"<h3>HQ-Diva | Lenkdrachen | Leichtwind &amp; Allround<\/h3>\n<h4>Perfect Kite | 295 x 140 cm. | Kite Only (Nur Drachen)<\/h4>\n<p><strong>Beeindruckender Leichtwind &amp; Allround-Drachen<\/strong><\/p>\n<p>Aufgrund seiner beeindruckenden Gr\u00f6\u00dfe macht Diva bereits in der Luft einen imposanten Auftritt und auch seine Flugeigenschaften sind nicht weniger beeindruckend. Diva fliegt \u00fcber einen weiten Windbereich sehr dynamisch und gibt \u00fcber die Lenkschn\u00fcre stets eine gute R\u00fcckkoppelung. Enge Loopings, lange Geraden, wundersch\u00f6ne Flugman\u00f6ver und die enorme Gr\u00f6\u00dfe machen Divas Auftritt perfekt f\u00fcr Piloten und staunende Zuschauer.<\/p>\n<p>F\u00fcr den Piloten ist Diva ein toller Allrounder, der die faszinierenden Elemente des Lenkdrachenfliegens mit einem hohen Spa\u00dffaktor verbindet. Leistung und Optik sind charakteristisch f\u00fcr diesen Kite, den Piloten garantiert nicht so schnell wieder einpacken m\u00fcssen.<\/p>\n<p><strong>Spezifikationen:<\/strong><\/p>\n<ul>\n<li>Fl\u00fcgelspannweite: 295 cm<\/li>\n<li>Standh\u00f6he: 140 cm<\/li>\n<li>Tuch: Ripstop-Nylon<\/li>\n<li>St\u00e4be: 8 mm Carbon<\/li>\n<li>Lenkschn\u00fcre: DyneemaLines 100-160 daN empfohlen<\/li>\n<li>Wind: 2\u20135 Bft. (6-35 km\/h, 4-22 mph)<\/li>\n<li>Alter: ab 14 Jahren<\/li>\n<\/ul>\n","protected":false},"excerpt":{"rendered":"<p>Perfect Kite | 295 x 140 cm. | Kite Only (Nur Drachen)<\/p>\n","protected":false},"featured_media":22300,"comment_status":"closed","ping_status":"closed","template":"","meta":{"_acf_changed":false},"product_brand":[],"product_cat":[1396,2177,2169,1348],"product_tag":[3640],"class_list":{"0":"post-22299","1":"product","2":"type-product","3":"status-publish","4":"has-post-thumbnail","6":"product_cat-drachen","7":"product_cat-hq-kites","8":"product_cat-lenkdrachen","9":"product_cat-marken","10":"product_tag-stuntvliegers","12":"first","13":"instock","14":"sale","15":"taxable","16":"shipping-taxable","17":"purchasable","18":"product-type-simple"},"acf":[],"_links":{"self":[{"href":"https:\/\/www.wepaflyer.com\/de\/wp-json\/wp\/v2\/product\/22299","targetHints":{"allow":["GET"]}}],"collection":[{"href":"https:\/\/www.wepaflyer.com\/de\/wp-json\/wp\/v2\/product"}],"about":[{"href":"https:\/\/www.wepaflyer.com\/de\/wp-json\/wp\/v2\/types\/product"}],"replies":[{"embeddable":true,"href":"https:\/\/www.wepaflyer.com\/de\/wp-json\/wp\/v2\/comments?post=22299"}],"wp:featuredmedia":[{"embeddable":true,"href":"https:\/\/www.wepaflyer.com\/de\/wp-json\/wp\/v2\/media\/22300"}],"wp:attachment":[{"href":"https:\/\/www.wepaflyer.com\/de\/wp-json\/wp\/v2\/media?parent=22299"}],"wp:term":[{"taxonomy":"product_brand","embeddable":true,"href":"https:\/\/www.wepaflyer.com\/de\/wp-json\/wp\/v2\/product_brand?post=22299"},{"taxonomy":"product_cat","embeddable":true,"href":"https:\/\/www.wepaflyer.com\/de\/wp-json\/wp\/v2\/product_cat?post=22299"},{"taxonomy":"product_tag","embeddable":true,"href":"https:\/\/www.wepaflyer.com\/de\/wp-json\/wp\/v2\/product_tag?post=22299"}],"curies":[{"name":"wp","href":"https:\/\/api.w.org\/{rel}","templated":true}]}}